{"id":194,"date":"2017-12-13T09:54:37","date_gmt":"2017-12-13T08:54:37","guid":{"rendered":"https:\/\/caveaucorto.ch\/?post_type=product&#038;p=194"},"modified":"2026-01-19T21:50:40","modified_gmt":"2026-01-19T20:50:40","slug":"coffret-no-2-vins-corto-maltese","status":"publish","type":"product","link":"https:\/\/caveaucorto.ch\/fr\/produit\/coffret-no-2-vins-corto-maltese\/","title":{"rendered":"Coffret No 2 \/ Vins Corto Maltese"},"content":{"rendered":"Invitez Corto Maltese dans votre cave! Nos coffret contiennent 6 bouteilles de vin \u00e0 l&rsquo;effigie du fameux h\u00e9ro de Hugo Pratt, illustrateur qui a v\u00e9cu \u00e0 Grandvaux. Chaque vin est sign\u00e9 par un vigneron diff\u00e9rent, membre du Caveau Corto.<\/p>\n<p>Nos coffrets sont des cadeaux parfaits pour les fans de BD et les amateurs de vin. Ceux qui combinent ces deux passions seront aux anges lorsque vous leur offrirez ces 6 bouteilles uniques!","protected":false},"excerpt":{"rendered":"<p>Invitez Corto Maltese dans votre cave! Nos coffret contiennent 6 bouteilles de vin \u00e0 l&rsquo;effigie du fameux h\u00e9ro de Hugo Pratt, illustrateur qui a v\u00e9cu \u00e0 Grandvaux. Chaque vin est sign\u00e9 par un vigneron diff\u00e9rent, membre du Caveau Corto.<\/p>\n<p>Nos coffrets sont des cadeaux parfaits pour les fans de BD et les amateurs de vin. Ceux qui combinent ces deux passions seront aux anges lorsque vous leur offrirez ces 6 bouteilles uniques!<\/p>\n","protected":false},"featured_media":189,"template":"","meta":[],"product_brand":[],"product_cat":[16],"product_tag":[],"class_list":{"0":"post-194","1":"product","2":"type-product","3":"status-publish","4":"has-post-thumbnail","6":"product_cat-coffrets","8":"first","9":"instock","10":"taxable","11":"shipping-taxable","12":"purchasable","13":"product-type-simple"},"yoast_head":"<!-- This site is optimized with the Yoast SEO plugin v26.7 - https:\/\/yoast.com\/wordpress\/plugins\/seo\/ -->\n<title>Coffret de 6 bouteilles de vin avec \u00e9tiquette &quot;Corto Maltese&quot;<\/title>\n<meta name=\"description\" content=\"Le cadeau id\u00e9al pour chaque fan de BD et amateur de vin! Les vignerons du Caveau Corto \u00e0 Grandvaux (Lavaux, Suisse) ont chacun produit une bouteille de vin avec une \u00e9tiquette tir\u00e9e des livres de la nouvelle \u00e9dition de Corto Maltese.\" \/>\n<meta name=\"robots\" content=\"noindex, follow\" \/>\n<meta property=\"og:locale\" content=\"fr_FR\" \/>\n<meta property=\"og:type\" content=\"article\" \/>\n<meta property=\"og:title\" content=\"Coffret de 6 bouteilles de vin avec \u00e9tiquette &quot;Corto Maltese&quot;\" \/>\n<meta property=\"og:description\" content=\"Le cadeau id\u00e9al pour chaque fan de BD et amateur de vin! Les vignerons du Caveau Corto \u00e0 Grandvaux (Lavaux, Suisse) ont chacun produit une bouteille de vin avec une \u00e9tiquette tir\u00e9e des livres de la nouvelle \u00e9dition de Corto Maltese.\" \/>\n<meta property=\"og:url\" content=\"https:\/\/caveaucorto.ch\/produit\/coffret-no-2-vins-corto-maltese\/\" \/>\n<meta property=\"og:site_name\" content=\"Le Caveau Corto \u00e0 Grandvaux\" \/>\n<meta property=\"article:publisher\" content=\"https:\/\/www.facebook.com\/pages\/Caveau-De-Mont-Sur-Rolle\/165398706811172?rf=204341609608247\" \/>\n<meta property=\"article:modified_time\" content=\"2026-01-19T20:50:40+00:00\" \/>\n<meta property=\"og:image\" content=\"https:\/\/caveaucorto.ch\/wp-content\/uploads\/2017\/12\/caveau-corto-171121_mg_8090_1920.jpg\" \/>\n\t<meta property=\"og:image:width\" content=\"1920\" \/>\n\t<meta property=\"og:image:height\" content=\"1357\" \/>\n\t<meta property=\"og:image:type\" content=\"image\/jpeg\" \/>\n<meta name=\"twitter:card\" content=\"summary_large_image\" \/>\n<meta name=\"twitter:label1\" content=\"Dur\u00e9e de lecture estim\u00e9e\" \/>\n\t<meta name=\"twitter:data1\" content=\"1 minute\" \/>\n<script type=\"application\/ld+json\" class=\"yoast-schema-graph\">{\"@context\":\"https:\/\/schema.org\",\"@graph\":[{\"@type\":\"WebPage\",\"@id\":\"https:\/\/caveaucorto.ch\/produit\/coffret-no-2-vins-corto-maltese\/\",\"url\":\"https:\/\/caveaucorto.ch\/produit\/coffret-no-2-vins-corto-maltese\/\",\"name\":\"Coffret de 6 bouteilles de vin avec \u00e9tiquette \\\"Corto Maltese\\\"\",\"isPartOf\":{\"@id\":\"https:\/\/caveaucorto.ch\/fr\/#website\"},\"primaryImageOfPage\":{\"@id\":\"https:\/\/caveaucorto.ch\/produit\/coffret-no-2-vins-corto-maltese\/#primaryimage\"},\"image\":{\"@id\":\"https:\/\/caveaucorto.ch\/produit\/coffret-no-2-vins-corto-maltese\/#primaryimage\"},\"thumbnailUrl\":\"https:\/\/caveaucorto.ch\/wp-content\/uploads\/2017\/12\/caveau-corto-171121_mg_8090_1920.jpg\",\"datePublished\":\"2017-12-13T08:54:37+00:00\",\"dateModified\":\"2026-01-19T20:50:40+00:00\",\"description\":\"Le cadeau id\u00e9al pour chaque fan de BD et amateur de vin! Les vignerons du Caveau Corto \u00e0 Grandvaux (Lavaux, Suisse) ont chacun produit une bouteille de vin avec une \u00e9tiquette tir\u00e9e des livres de la nouvelle \u00e9dition de Corto Maltese.\",\"breadcrumb\":{\"@id\":\"https:\/\/caveaucorto.ch\/produit\/coffret-no-2-vins-corto-maltese\/#breadcrumb\"},\"inLanguage\":\"fr-FR\",\"potentialAction\":[{\"@type\":\"ReadAction\",\"target\":[\"https:\/\/caveaucorto.ch\/produit\/coffret-no-2-vins-corto-maltese\/\"]}]},{\"@type\":\"ImageObject\",\"inLanguage\":\"fr-FR\",\"@id\":\"https:\/\/caveaucorto.ch\/produit\/coffret-no-2-vins-corto-maltese\/#primaryimage\",\"url\":\"https:\/\/caveaucorto.ch\/wp-content\/uploads\/2017\/12\/caveau-corto-171121_mg_8090_1920.jpg\",\"contentUrl\":\"https:\/\/caveaucorto.ch\/wp-content\/uploads\/2017\/12\/caveau-corto-171121_mg_8090_1920.jpg\",\"width\":1920,\"height\":1357},{\"@type\":\"BreadcrumbList\",\"@id\":\"https:\/\/caveaucorto.ch\/produit\/coffret-no-2-vins-corto-maltese\/#breadcrumb\",\"itemListElement\":[{\"@type\":\"ListItem\",\"position\":1,\"name\":\"Accueil\",\"item\":\"https:\/\/caveaucorto.ch\/\"},{\"@type\":\"ListItem\",\"position\":2,\"name\":\"Boutique\",\"item\":\"https:\/\/caveaucorto.ch\/boutique\/\"},{\"@type\":\"ListItem\",\"position\":3,\"name\":\"Coffret No 2 \/ Vins Corto Maltese\"}]},{\"@type\":\"WebSite\",\"@id\":\"https:\/\/caveaucorto.ch\/fr\/#website\",\"url\":\"https:\/\/caveaucorto.ch\/fr\/\",\"name\":\"Le Caveau Corto \u00e0 Grandvaux\",\"description\":\"\",\"publisher\":{\"@id\":\"https:\/\/caveaucorto.ch\/fr\/#organization\"},\"potentialAction\":[{\"@type\":\"SearchAction\",\"target\":{\"@type\":\"EntryPoint\",\"urlTemplate\":\"https:\/\/caveaucorto.ch\/fr\/?s={search_term_string}\"},\"query-input\":{\"@type\":\"PropertyValueSpecification\",\"valueRequired\":true,\"valueName\":\"search_term_string\"}}],\"inLanguage\":\"fr-FR\"},{\"@type\":\"Organization\",\"@id\":\"https:\/\/caveaucorto.ch\/fr\/#organization\",\"name\":\"Caveau Corto\",\"url\":\"https:\/\/caveaucorto.ch\/fr\/\",\"logo\":{\"@type\":\"ImageObject\",\"inLanguage\":\"fr-FR\",\"@id\":\"https:\/\/caveaucorto.ch\/fr\/#\/schema\/logo\/image\/\",\"url\":\"https:\/\/caveaucorto.ch\/wp-content\/uploads\/2017\/11\/logo-black.png\",\"contentUrl\":\"https:\/\/caveaucorto.ch\/wp-content\/uploads\/2017\/11\/logo-black.png\",\"width\":400,\"height\":171,\"caption\":\"Caveau Corto\"},\"image\":{\"@id\":\"https:\/\/caveaucorto.ch\/fr\/#\/schema\/logo\/image\/\"},\"sameAs\":[\"https:\/\/www.facebook.com\/pages\/Caveau-De-Mont-Sur-Rolle\/165398706811172?rf=204341609608247\"]}]}<\/script>\n<!-- \/ Yoast SEO plugin. -->","yoast_head_json":{"title":"Coffret de 6 bouteilles de vin avec \u00e9tiquette \"Corto Maltese\"","description":"Le cadeau id\u00e9al pour chaque fan de BD et amateur de vin! Les vignerons du Caveau Corto \u00e0 Grandvaux (Lavaux, Suisse) ont chacun produit une bouteille de vin avec une \u00e9tiquette tir\u00e9e des livres de la nouvelle \u00e9dition de Corto Maltese.","robots":{"index":"noindex","follow":"follow"},"og_locale":"fr_FR","og_type":"article","og_title":"Coffret de 6 bouteilles de vin avec \u00e9tiquette \"Corto Maltese\"","og_description":"Le cadeau id\u00e9al pour chaque fan de BD et amateur de vin! Les vignerons du Caveau Corto \u00e0 Grandvaux (Lavaux, Suisse) ont chacun produit une bouteille de vin avec une \u00e9tiquette tir\u00e9e des livres de la nouvelle \u00e9dition de Corto Maltese.","og_url":"https:\/\/caveaucorto.ch\/produit\/coffret-no-2-vins-corto-maltese\/","og_site_name":"Le Caveau Corto \u00e0 Grandvaux","article_publisher":"https:\/\/www.facebook.com\/pages\/Caveau-De-Mont-Sur-Rolle\/165398706811172?rf=204341609608247","article_modified_time":"2026-01-19T20:50:40+00:00","og_image":[{"width":1920,"height":1357,"url":"https:\/\/caveaucorto.ch\/wp-content\/uploads\/2017\/12\/caveau-corto-171121_mg_8090_1920.jpg","type":"image\/jpeg"}],"twitter_card":"summary_large_image","twitter_misc":{"Dur\u00e9e de lecture estim\u00e9e":"1 minute"},"schema":{"@context":"https:\/\/schema.org","@graph":[{"@type":"WebPage","@id":"https:\/\/caveaucorto.ch\/produit\/coffret-no-2-vins-corto-maltese\/","url":"https:\/\/caveaucorto.ch\/produit\/coffret-no-2-vins-corto-maltese\/","name":"Coffret de 6 bouteilles de vin avec \u00e9tiquette \"Corto Maltese\"","isPartOf":{"@id":"https:\/\/caveaucorto.ch\/fr\/#website"},"primaryImageOfPage":{"@id":"https:\/\/caveaucorto.ch\/produit\/coffret-no-2-vins-corto-maltese\/#primaryimage"},"image":{"@id":"https:\/\/caveaucorto.ch\/produit\/coffret-no-2-vins-corto-maltese\/#primaryimage"},"thumbnailUrl":"https:\/\/caveaucorto.ch\/wp-content\/uploads\/2017\/12\/caveau-corto-171121_mg_8090_1920.jpg","datePublished":"2017-12-13T08:54:37+00:00","dateModified":"2026-01-19T20:50:40+00:00","description":"Le cadeau id\u00e9al pour chaque fan de BD et amateur de vin! Les vignerons du Caveau Corto \u00e0 Grandvaux (Lavaux, Suisse) ont chacun produit une bouteille de vin avec une \u00e9tiquette tir\u00e9e des livres de la nouvelle \u00e9dition de Corto Maltese.","breadcrumb":{"@id":"https:\/\/caveaucorto.ch\/produit\/coffret-no-2-vins-corto-maltese\/#breadcrumb"},"inLanguage":"fr-FR","potentialAction":[{"@type":"ReadAction","target":["https:\/\/caveaucorto.ch\/produit\/coffret-no-2-vins-corto-maltese\/"]}]},{"@type":"ImageObject","inLanguage":"fr-FR","@id":"https:\/\/caveaucorto.ch\/produit\/coffret-no-2-vins-corto-maltese\/#primaryimage","url":"https:\/\/caveaucorto.ch\/wp-content\/uploads\/2017\/12\/caveau-corto-171121_mg_8090_1920.jpg","contentUrl":"https:\/\/caveaucorto.ch\/wp-content\/uploads\/2017\/12\/caveau-corto-171121_mg_8090_1920.jpg","width":1920,"height":1357},{"@type":"BreadcrumbList","@id":"https:\/\/caveaucorto.ch\/produit\/coffret-no-2-vins-corto-maltese\/#breadcrumb","itemListElement":[{"@type":"ListItem","position":1,"name":"Accueil","item":"https:\/\/caveaucorto.ch\/"},{"@type":"ListItem","position":2,"name":"Boutique","item":"https:\/\/caveaucorto.ch\/boutique\/"},{"@type":"ListItem","position":3,"name":"Coffret No 2 \/ Vins Corto Maltese"}]},{"@type":"WebSite","@id":"https:\/\/caveaucorto.ch\/fr\/#website","url":"https:\/\/caveaucorto.ch\/fr\/","name":"Le Caveau Corto \u00e0 Grandvaux","description":"","publisher":{"@id":"https:\/\/caveaucorto.ch\/fr\/#organization"},"potentialAction":[{"@type":"SearchAction","target":{"@type":"EntryPoint","urlTemplate":"https:\/\/caveaucorto.ch\/fr\/?s={search_term_string}"},"query-input":{"@type":"PropertyValueSpecification","valueRequired":true,"valueName":"search_term_string"}}],"inLanguage":"fr-FR"},{"@type":"Organization","@id":"https:\/\/caveaucorto.ch\/fr\/#organization","name":"Caveau Corto","url":"https:\/\/caveaucorto.ch\/fr\/","logo":{"@type":"ImageObject","inLanguage":"fr-FR","@id":"https:\/\/caveaucorto.ch\/fr\/#\/schema\/logo\/image\/","url":"https:\/\/caveaucorto.ch\/wp-content\/uploads\/2017\/11\/logo-black.png","contentUrl":"https:\/\/caveaucorto.ch\/wp-content\/uploads\/2017\/11\/logo-black.png","width":400,"height":171,"caption":"Caveau Corto"},"image":{"@id":"https:\/\/caveaucorto.ch\/fr\/#\/schema\/logo\/image\/"},"sameAs":["https:\/\/www.facebook.com\/pages\/Caveau-De-Mont-Sur-Rolle\/165398706811172?rf=204341609608247"]}]}},"_links":{"self":[{"href":"https:\/\/caveaucorto.ch\/fr\/wp-json\/wp\/v2\/product\/194","targetHints":{"allow":["GET"]}}],"collection":[{"href":"https:\/\/caveaucorto.ch\/fr\/wp-json\/wp\/v2\/product"}],"about":[{"href":"https:\/\/caveaucorto.ch\/fr\/wp-json\/wp\/v2\/types\/product"}],"wp:featuredmedia":[{"embeddable":true,"href":"https:\/\/caveaucorto.ch\/fr\/wp-json\/wp\/v2\/media\/189"}],"wp:attachment":[{"href":"https:\/\/caveaucorto.ch\/fr\/wp-json\/wp\/v2\/media?parent=194"}],"wp:term":[{"taxonomy":"product_brand","embeddable":true,"href":"https:\/\/caveaucorto.ch\/fr\/wp-json\/wp\/v2\/product_brand?post=194"},{"taxonomy":"product_cat","embeddable":true,"href":"https:\/\/caveaucorto.ch\/fr\/wp-json\/wp\/v2\/product_cat?post=194"},{"taxonomy":"product_tag","embeddable":true,"href":"https:\/\/caveaucorto.ch\/fr\/wp-json\/wp\/v2\/product_tag?post=194"}],"curies":[{"name":"wp","href":"https:\/\/api.w.org\/{rel}","templated":true}]}}