{"id":29,"date":"2017-09-19T09:19:43","date_gmt":"2017-09-19T09:19:43","guid":{"rendered":"https:\/\/demos.artbees.net\/jupiter\/dionysus\/?page_id=29"},"modified":"2023-10-13T21:44:02","modified_gmt":"2023-10-13T19:44:02","slug":"contact","status":"publish","type":"page","link":"https:\/\/caveaucorto.ch\/fr\/contact\/","title":{"rendered":"Contact"},"content":{"rendered":"<div class=\"wpb-content-wrapper\">[mk_page_section bg_image=\u00a0\u00bbhttps:\/\/caveaucorto.ch\/wp-content\/uploads\/2017\/11\/corto-home-exterieur.jpg\u00a0\u00bb bg_position=\u00a0\u00bbcenter center\u00a0\u00bb bg_repeat=\u00a0\u00bbno-repeat\u00a0\u00bb bg_stretch=\u00a0\u00bbtrue\u00a0\u00bb video_color_mask=\u00a0\u00bb#000000&Prime; video_opacity=\u00a0\u00bb0.5&Prime; min_height=\u00a0\u00bb1080&Prime; js_vertical_centered=\u00a0\u00bbtrue\u00a0\u00bb sidebar=\u00a0\u00bbsidebar-1&Prime;][vc_column][mk_fancy_title tag_name=\u00a0\u00bbh1&Prime; color=\u00a0\u00bb#ffffff\u00a0\u00bb size=\u00a0\u00bb100&Prime; force_font_size=\u00a0\u00bbtrue\u00a0\u00bb size_tablet=\u00a0\u00bb70&Prime; font_weight=\u00a0\u00bb300&Prime; txt_transform=\u00a0\u00bbcapitalize\u00a0\u00bb margin_bottom=\u00a0\u00bb0&Prime; font_family=\u00a0\u00bbnone\u00a0\u00bb responsive_align=\u00a0\u00bbleft\u00a0\u00bb]Bonjour![\/mk_fancy_title][\/vc_column][vc_column width=\u00a0\u00bb1\/2&Prime;][mk_divider style=\u00a0\u00bbthin_solid\u00a0\u00bb divider_width=\u00a0\u00bbcustom_width\u00a0\u00bb custom_width=\u00a0\u00bb140&Prime; align=\u00a0\u00bbleft\u00a0\u00bb thin_single_color=\u00a0\u00bb#8d121b\u00a0\u00bb thickness=\u00a0\u00bb3&Prime;][mk_fancy_title tag_name=\u00a0\u00bbspan\u00a0\u00bb color=\u00a0\u00bb#ffffff\u00a0\u00bb size=\u00a0\u00bb22&Prime; line_height=\u00a0\u00bb180&Prime; font_weight=\u00a0\u00bb300&Prime; txt_transform=\u00a0\u00bbnone\u00a0\u00bb margin_bottom=\u00a0\u00bb0&Prime; font_family=\u00a0\u00bbnone\u00a0\u00bb responsive_align=\u00a0\u00bbleft\u00a0\u00bb]<span style=\"color: #ffffff;\"><strong>Adresse<\/strong><\/span><br \/>\nChemin du Four<br \/>\n1091 Grandvaux<br \/>\nSuisse<br \/>\nT\u00e9l\u00e9phone : 079 630 51 53 <em>(Caroline\u00a0Cantoro)<\/em>[\/mk_fancy_title][mk_divider style=\u00a0\u00bbthin_solid\u00a0\u00bb divider_width=\u00a0\u00bbcustom_width\u00a0\u00bb custom_width=\u00a0\u00bb140&Prime; align=\u00a0\u00bbleft\u00a0\u00bb thin_single_color=\u00a0\u00bb#8d121b\u00a0\u00bb thickness=\u00a0\u00bb3&Prime;][\/vc_column][vc_column width=\u00a0\u00bb1\/2&Prime;][mk_divider style=\u00a0\u00bbthin_solid\u00a0\u00bb divider_width=\u00a0\u00bbcustom_width\u00a0\u00bb custom_width=\u00a0\u00bb140&Prime; align=\u00a0\u00bbleft\u00a0\u00bb thin_single_color=\u00a0\u00bb#8d121b\u00a0\u00bb thickness=\u00a0\u00bb3&Prime;][mk_fancy_title tag_name=\u00a0\u00bbspan\u00a0\u00bb color=\u00a0\u00bb#ffffff\u00a0\u00bb size=\u00a0\u00bb22&Prime; line_height=\u00a0\u00bb180&Prime; font_weight=\u00a0\u00bb300&Prime; txt_transform=\u00a0\u00bbnone\u00a0\u00bb margin_bottom=\u00a0\u00bb0&Prime; font_family=\u00a0\u00bbnone\u00a0\u00bb responsive_align=\u00a0\u00bbleft\u00a0\u00bb]<span style=\"color: #ffffff;\"><strong>Horaires<\/strong><\/span><br \/>\nOuvert tous les week-ends d&rsquo;avril \u00e0 octobre.<br \/>\nVendredi : 17h \u00e0 21h<br \/>\nSamedi : 16h \u00e0 21h<br \/>\nDimanche : 16h \u00e0 21h[\/mk_fancy_title][mk_divider style=\u00a0\u00bbthin_solid\u00a0\u00bb divider_width=\u00a0\u00bbcustom_width\u00a0\u00bb custom_width=\u00a0\u00bb140&Prime; align=\u00a0\u00bbleft\u00a0\u00bb thin_single_color=\u00a0\u00bb#8d121b\u00a0\u00bb thickness=\u00a0\u00bb3&Prime;][\/vc_column][vc_column css=\u00a0\u00bb.vc_custom_1513099542821{margin-top: 60px !important;}\u00a0\u00bb][vc_row_inner][vc_column_inner width=\u00a0\u00bb1\/4&Prime;][mk_button dimension=\u00a0\u00bbflat\u00a0\u00bb corner_style=\u00a0\u00bbrounded\u00a0\u00bb size=\u00a0\u00bbmedium\u00a0\u00bb url=\u00a0\u00bbtel:+41796305153&Prime; margin_bottom=\u00a0\u00bb20&Prime; margin_right=\u00a0\u00bb0&Prime; bg_color=\u00a0\u00bb#8d121b\u00a0\u00bb]NOUS APPELER[\/mk_button][\/vc_column_inner][vc_column_inner width=\u00a0\u00bb1\/4&Prime;][mk_button dimension=\u00a0\u00bbflat\u00a0\u00bb corner_style=\u00a0\u00bbrounded\u00a0\u00bb size=\u00a0\u00bbmedium\u00a0\u00bb url=\u00a0\u00bb#formulaire\u00a0\u00bb margin_bottom=\u00a0\u00bb20&Prime; margin_right=\u00a0\u00bb0&Prime; bg_color=\u00a0\u00bb#8d121b\u00a0\u00bb]NOUS ECRIRE[\/mk_button][\/vc_column_inner][vc_column_inner width=\u00a0\u00bb1\/4&Prime;][mk_button dimension=\u00a0\u00bbflat\u00a0\u00bb corner_style=\u00a0\u00bbrounded\u00a0\u00bb size=\u00a0\u00bbmedium\u00a0\u00bb url=\u00a0\u00bb#itineraire\u00a0\u00bb margin_bottom=\u00a0\u00bb20&Prime; margin_right=\u00a0\u00bb0&Prime; bg_color=\u00a0\u00bb#8d121b\u00a0\u00bb]ITINERAIRE[\/mk_button][\/vc_column_inner][vc_column_inner width=\u00a0\u00bb1\/4&Prime;][\/vc_column_inner][\/vc_row_inner][\/vc_column][\/mk_page_section][mk_page_section bg_color=\u00a0\u00bb#29292d\u00a0\u00bb bg_position=\u00a0\u00bbcenter center\u00a0\u00bb bg_repeat=\u00a0\u00bbno-repeat\u00a0\u00bb video_color_mask=\u00a0\u00bb#000000&Prime; video_opacity=\u00a0\u00bb0.5&Prime; min_height=\u00a0\u00bb1080&Prime; js_vertical_centered=\u00a0\u00bbtrue\u00a0\u00bb section_id=\u00a0\u00bbformulaire\u00a0\u00bb sidebar=\u00a0\u00bbsidebar-1&Prime;][vc_column width=\u00a0\u00bb1\/6&Prime;][\/vc_column][vc_column width=\u00a0\u00bb2\/3&Prime;][mk_fancy_title color=\u00a0\u00bb#ffffff\u00a0\u00bb size=\u00a0\u00bb22&Prime; font_weight=\u00a0\u00bb400&Prime; txt_transform=\u00a0\u00bbuppercase\u00a0\u00bb margin_bottom=\u00a0\u00bb0&Prime; font_family=\u00a0\u00bbnone\u00a0\u00bb align=\u00a0\u00bbcenter\u00a0\u00bb]Nous \u00e9crire[\/mk_fancy_title][mk_divider style=\u00a0\u00bbthin_solid\u00a0\u00bb divider_width=\u00a0\u00bbcustom_width\u00a0\u00bb custom_width=\u00a0\u00bb140&Prime; thin_single_color=\u00a0\u00bb#8d121b\u00a0\u00bb thickness=\u00a0\u00bb3&Prime;][mk_fancy_title tag_name=\u00a0\u00bbspan\u00a0\u00bb color=\u00a0\u00bb#ffffff\u00a0\u00bb size=\u00a0\u00bb18&Prime; line_height=\u00a0\u00bb180&Prime; txt_transform=\u00a0\u00bbnone\u00a0\u00bb margin_bottom=\u00a0\u00bb0&Prime; font_family=\u00a0\u00bbnone\u00a0\u00bb align=\u00a0\u00bbcenter\u00a0\u00bb]N&rsquo;h\u00e9sitez pas \u00e0 nous contacter pour vos demandes de r\u00e9servation ou toutes autres questions concernant le Caveau Corto.<\/p>\n<p>Nous nous r\u00e9jouissons de vous lire ![\/mk_fancy_title][mk_divider style=\u00a0\u00bbthin_solid\u00a0\u00bb divider_width=\u00a0\u00bbcustom_width\u00a0\u00bb custom_width=\u00a0\u00bb140&Prime; thin_single_color=\u00a0\u00bb#8d121b\u00a0\u00bb thickness=\u00a0\u00bb3&Prime; margin_bottom=\u00a0\u00bb60&Prime;][mk_contact_form skin=\u00a0\u00bblight\u00a0\u00bb email=\u00a0\u00bbinfo@caveaucorto.ch\u00a0\u00bb phone=\u00a0\u00bbtrue\u00a0\u00bb][\/vc_column][vc_column width=\u00a0\u00bb1\/6&Prime;][\/vc_column][\/mk_page_section][vc_row fullwidth=\u00a0\u00bbtrue\u00a0\u00bb id=\u00a0\u00bbitineraire\u00a0\u00bb][vc_column][mk_advanced_gmaps latitude=\u00a0\u00bb46.4932225&Prime; longitude=\u00a0\u00bb6.7169818&Prime; address=\u00a0\u00bbChemin du Four, 1091 Bourg-en-Lavaux\u00a0\u00bb height=\u00a0\u00bb800&Prime; map_zoom=\u00a0\u00bb18&Prime; map_type=\u00a0\u00bbHYBRID\u00a0\u00bb][\/vc_column][\/vc_row]\n<\/div>","protected":false},"excerpt":{"rendered":"<p>[mk_page_section bg_image=\u00a0\u00bbhttps:\/\/caveaucorto.ch\/wp-content\/uploads\/2017\/11\/corto-home-exterieur.jpg\u00a0\u00bb bg_position=\u00a0\u00bbcenter center\u00a0\u00bb bg_repeat=\u00a0\u00bbno-repeat\u00a0\u00bb bg_stretch=\u00a0\u00bbtrue\u00a0\u00bb video_color_mask=\u00a0\u00bb#000000&Prime; video_opacity=\u00a0\u00bb0.5&Prime; min_height=\u00a0\u00bb1080&Prime; js_vertical_centered=\u00a0\u00bbtrue\u00a0\u00bb sidebar=\u00a0\u00bbsidebar-1&Prime;][vc_column][mk_fancy_title tag_name=\u00a0\u00bbh1&Prime; color=\u00a0\u00bb#ffffff\u00a0\u00bb size=\u00a0\u00bb100&Prime; force_font_size=\u00a0\u00bbtrue\u00a0\u00bb size_tablet=\u00a0\u00bb70&Prime; font_weight=\u00a0\u00bb300&Prime; txt_transform=\u00a0\u00bbcapitalize\u00a0\u00bb margin_bottom=\u00a0\u00bb0&Prime; font_family=\u00a0\u00bbnone\u00a0\u00bb responsive_align=\u00a0\u00bbleft\u00a0\u00bb]Bonjour![\/mk_fancy_title][\/vc_column][vc_column width=\u00a0\u00bb1\/2&Prime;][mk_divider style=\u00a0\u00bbthin_solid\u00a0\u00bb divider_width=\u00a0\u00bbcustom_width\u00a0\u00bb custom_width=\u00a0\u00bb140&Prime; align=\u00a0\u00bbleft\u00a0\u00bb thin_single_color=\u00a0\u00bb#8d121b\u00a0\u00bb thickness=\u00a0\u00bb3&Prime;][mk_fancy_title tag_name=\u00a0\u00bbspan\u00a0\u00bb color=\u00a0\u00bb#ffffff\u00a0\u00bb size=\u00a0\u00bb22&Prime; line_height=\u00a0\u00bb180&Prime; font_weight=\u00a0\u00bb300&Prime; txt_transform=\u00a0\u00bbnone\u00a0\u00bb margin_bottom=\u00a0\u00bb0&Prime; font_family=\u00a0\u00bbnone\u00a0\u00bb responsive_align=\u00a0\u00bbleft\u00a0\u00bb]Adresse Chemin du Four 1091 Grandvaux Suisse T\u00e9l\u00e9phone : 079 630 51 53 (Caroline\u00a0Cantoro)[\/mk_fancy_title][mk_divider style=\u00a0\u00bbthin_solid\u00a0\u00bb divider_width=\u00a0\u00bbcustom_width\u00a0\u00bb custom_width=\u00a0\u00bb140&Prime; align=\u00a0\u00bbleft\u00a0\u00bb thin_single_color=\u00a0\u00bb#8d121b\u00a0\u00bb [&hellip;]<\/p>\n","protected":false},"author":1,"featured_media":0,"parent":0,"menu_order":0,"comment_status":"closed","ping_status":"closed","template":"","meta":{"footnotes":""},"class_list":["post-29","page","type-page","status-publish","hentry"],"yoast_head":"<!-- This site is optimized with the Yoast SEO plugin v26.7 - https:\/\/yoast.com\/wordpress\/plugins\/seo\/ -->\n<title>Contact - Le Caveau Corto \u00e0 Grandvaux<\/title>\n<meta name=\"description\" content=\"Prenez contact avec nous! Nous nous r\u00e9jouissons de vous accueillir au Caveau Corto.\" \/>\n<meta name=\"robots\" content=\"index, follow, max-snippet:-1, max-image-preview:large, max-video-preview:-1\" \/>\n<link rel=\"canonical\" href=\"https:\/\/caveaucorto.ch\/contact\/\" \/>\n<meta property=\"og:locale\" content=\"fr_FR\" \/>\n<meta property=\"og:type\" content=\"article\" \/>\n<meta property=\"og:title\" content=\"Contact - Le Caveau Corto \u00e0 Grandvaux\" \/>\n<meta property=\"og:description\" content=\"Prenez contact avec nous! Nous nous r\u00e9jouissons de vous accueillir au Caveau Corto.\" \/>\n<meta property=\"og:url\" content=\"https:\/\/caveaucorto.ch\/contact\/\" \/>\n<meta property=\"og:site_name\" content=\"Le Caveau Corto \u00e0 Grandvaux\" \/>\n<meta property=\"article:publisher\" content=\"https:\/\/www.facebook.com\/pages\/Caveau-De-Mont-Sur-Rolle\/165398706811172?rf=204341609608247\" \/>\n<meta property=\"article:modified_time\" content=\"2023-10-13T19:44:02+00:00\" \/>\n<meta property=\"og:image\" content=\"https:\/\/caveaucorto.ch\/wp-content\/uploads\/2018\/01\/corto-vins-soleil.jpg\" \/>\n\t<meta property=\"og:image:width\" content=\"1920\" \/>\n\t<meta property=\"og:image:height\" content=\"1040\" \/>\n\t<meta property=\"og:image:type\" content=\"image\/jpeg\" \/>\n<meta name=\"twitter:card\" content=\"summary_large_image\" \/>\n<meta name=\"twitter:label1\" content=\"Dur\u00e9e de lecture estim\u00e9e\" \/>\n\t<meta name=\"twitter:data1\" content=\"2 minutes\" \/>\n<script type=\"application\/ld+json\" class=\"yoast-schema-graph\">{\"@context\":\"https:\/\/schema.org\",\"@graph\":[{\"@type\":\"WebPage\",\"@id\":\"https:\/\/caveaucorto.ch\/contact\/\",\"url\":\"https:\/\/caveaucorto.ch\/contact\/\",\"name\":\"Contact - Le Caveau Corto \u00e0 Grandvaux\",\"isPartOf\":{\"@id\":\"https:\/\/caveaucorto.ch\/fr\/#website\"},\"datePublished\":\"2017-09-19T09:19:43+00:00\",\"dateModified\":\"2023-10-13T19:44:02+00:00\",\"description\":\"Prenez contact avec nous! Nous nous r\u00e9jouissons de vous accueillir au Caveau Corto.\",\"breadcrumb\":{\"@id\":\"https:\/\/caveaucorto.ch\/contact\/#breadcrumb\"},\"inLanguage\":\"fr-FR\",\"potentialAction\":[{\"@type\":\"ReadAction\",\"target\":[\"https:\/\/caveaucorto.ch\/contact\/\"]}]},{\"@type\":\"BreadcrumbList\",\"@id\":\"https:\/\/caveaucorto.ch\/contact\/#breadcrumb\",\"itemListElement\":[{\"@type\":\"ListItem\",\"position\":1,\"name\":\"Accueil\",\"item\":\"https:\/\/caveaucorto.ch\/\"},{\"@type\":\"ListItem\",\"position\":2,\"name\":\"Contact\"}]},{\"@type\":\"WebSite\",\"@id\":\"https:\/\/caveaucorto.ch\/fr\/#website\",\"url\":\"https:\/\/caveaucorto.ch\/fr\/\",\"name\":\"Le Caveau Corto \u00e0 Grandvaux\",\"description\":\"\",\"publisher\":{\"@id\":\"https:\/\/caveaucorto.ch\/fr\/#organization\"},\"potentialAction\":[{\"@type\":\"SearchAction\",\"target\":{\"@type\":\"EntryPoint\",\"urlTemplate\":\"https:\/\/caveaucorto.ch\/fr\/?s={search_term_string}\"},\"query-input\":{\"@type\":\"PropertyValueSpecification\",\"valueRequired\":true,\"valueName\":\"search_term_string\"}}],\"inLanguage\":\"fr-FR\"},{\"@type\":\"Organization\",\"@id\":\"https:\/\/caveaucorto.ch\/fr\/#organization\",\"name\":\"Caveau Corto\",\"url\":\"https:\/\/caveaucorto.ch\/fr\/\",\"logo\":{\"@type\":\"ImageObject\",\"inLanguage\":\"fr-FR\",\"@id\":\"https:\/\/caveaucorto.ch\/fr\/#\/schema\/logo\/image\/\",\"url\":\"https:\/\/caveaucorto.ch\/wp-content\/uploads\/2017\/11\/logo-black.png\",\"contentUrl\":\"https:\/\/caveaucorto.ch\/wp-content\/uploads\/2017\/11\/logo-black.png\",\"width\":400,\"height\":171,\"caption\":\"Caveau Corto\"},\"image\":{\"@id\":\"https:\/\/caveaucorto.ch\/fr\/#\/schema\/logo\/image\/\"},\"sameAs\":[\"https:\/\/www.facebook.com\/pages\/Caveau-De-Mont-Sur-Rolle\/165398706811172?rf=204341609608247\"]}]}<\/script>\n<!-- \/ Yoast SEO plugin. -->","yoast_head_json":{"title":"Contact - Le Caveau Corto \u00e0 Grandvaux","description":"Prenez contact avec nous! Nous nous r\u00e9jouissons de vous accueillir au Caveau Corto.","robots":{"index":"index","follow":"follow","max-snippet":"max-snippet:-1","max-image-preview":"max-image-preview:large","max-video-preview":"max-video-preview:-1"},"canonical":"https:\/\/caveaucorto.ch\/contact\/","og_locale":"fr_FR","og_type":"article","og_title":"Contact - Le Caveau Corto \u00e0 Grandvaux","og_description":"Prenez contact avec nous! Nous nous r\u00e9jouissons de vous accueillir au Caveau Corto.","og_url":"https:\/\/caveaucorto.ch\/contact\/","og_site_name":"Le Caveau Corto \u00e0 Grandvaux","article_publisher":"https:\/\/www.facebook.com\/pages\/Caveau-De-Mont-Sur-Rolle\/165398706811172?rf=204341609608247","article_modified_time":"2023-10-13T19:44:02+00:00","og_image":[{"width":1920,"height":1040,"url":"https:\/\/caveaucorto.ch\/wp-content\/uploads\/2018\/01\/corto-vins-soleil.jpg","type":"image\/jpeg"}],"twitter_card":"summary_large_image","twitter_misc":{"Dur\u00e9e de lecture estim\u00e9e":"2 minutes"},"schema":{"@context":"https:\/\/schema.org","@graph":[{"@type":"WebPage","@id":"https:\/\/caveaucorto.ch\/contact\/","url":"https:\/\/caveaucorto.ch\/contact\/","name":"Contact - Le Caveau Corto \u00e0 Grandvaux","isPartOf":{"@id":"https:\/\/caveaucorto.ch\/fr\/#website"},"datePublished":"2017-09-19T09:19:43+00:00","dateModified":"2023-10-13T19:44:02+00:00","description":"Prenez contact avec nous! Nous nous r\u00e9jouissons de vous accueillir au Caveau Corto.","breadcrumb":{"@id":"https:\/\/caveaucorto.ch\/contact\/#breadcrumb"},"inLanguage":"fr-FR","potentialAction":[{"@type":"ReadAction","target":["https:\/\/caveaucorto.ch\/contact\/"]}]},{"@type":"BreadcrumbList","@id":"https:\/\/caveaucorto.ch\/contact\/#breadcrumb","itemListElement":[{"@type":"ListItem","position":1,"name":"Accueil","item":"https:\/\/caveaucorto.ch\/"},{"@type":"ListItem","position":2,"name":"Contact"}]},{"@type":"WebSite","@id":"https:\/\/caveaucorto.ch\/fr\/#website","url":"https:\/\/caveaucorto.ch\/fr\/","name":"Le Caveau Corto \u00e0 Grandvaux","description":"","publisher":{"@id":"https:\/\/caveaucorto.ch\/fr\/#organization"},"potentialAction":[{"@type":"SearchAction","target":{"@type":"EntryPoint","urlTemplate":"https:\/\/caveaucorto.ch\/fr\/?s={search_term_string}"},"query-input":{"@type":"PropertyValueSpecification","valueRequired":true,"valueName":"search_term_string"}}],"inLanguage":"fr-FR"},{"@type":"Organization","@id":"https:\/\/caveaucorto.ch\/fr\/#organization","name":"Caveau Corto","url":"https:\/\/caveaucorto.ch\/fr\/","logo":{"@type":"ImageObject","inLanguage":"fr-FR","@id":"https:\/\/caveaucorto.ch\/fr\/#\/schema\/logo\/image\/","url":"https:\/\/caveaucorto.ch\/wp-content\/uploads\/2017\/11\/logo-black.png","contentUrl":"https:\/\/caveaucorto.ch\/wp-content\/uploads\/2017\/11\/logo-black.png","width":400,"height":171,"caption":"Caveau Corto"},"image":{"@id":"https:\/\/caveaucorto.ch\/fr\/#\/schema\/logo\/image\/"},"sameAs":["https:\/\/www.facebook.com\/pages\/Caveau-De-Mont-Sur-Rolle\/165398706811172?rf=204341609608247"]}]}},"_links":{"self":[{"href":"https:\/\/caveaucorto.ch\/fr\/wp-json\/wp\/v2\/pages\/29","targetHints":{"allow":["GET"]}}],"collection":[{"href":"https:\/\/caveaucorto.ch\/fr\/wp-json\/wp\/v2\/pages"}],"about":[{"href":"https:\/\/caveaucorto.ch\/fr\/wp-json\/wp\/v2\/types\/page"}],"author":[{"embeddable":true,"href":"https:\/\/caveaucorto.ch\/fr\/wp-json\/wp\/v2\/users\/1"}],"replies":[{"embeddable":true,"href":"https:\/\/caveaucorto.ch\/fr\/wp-json\/wp\/v2\/comments?post=29"}],"version-history":[{"count":38,"href":"https:\/\/caveaucorto.ch\/fr\/wp-json\/wp\/v2\/pages\/29\/revisions"}],"predecessor-version":[{"id":549,"href":"https:\/\/caveaucorto.ch\/fr\/wp-json\/wp\/v2\/pages\/29\/revisions\/549"}],"wp:attachment":[{"href":"https:\/\/caveaucorto.ch\/fr\/wp-json\/wp\/v2\/media?parent=29"}],"curies":[{"name":"wp","href":"https:\/\/api.w.org\/{rel}","templated":true}]}}