{"id":25,"date":"2017-09-19T09:16:26","date_gmt":"2017-09-19T07:16:26","guid":{"rendered":"https:\/\/demos.artbees.net\/jupiter\/dionysus\/?page_id=25"},"modified":"2025-12-08T13:57:36","modified_gmt":"2025-12-08T12:57:36","slug":"agenda","status":"publish","type":"page","link":"https:\/\/caveaucorto.ch\/fr\/agenda\/","title":{"rendered":"Agenda"},"content":{"rendered":"<div class=\"wpb-content-wrapper\">[mk_page_section bg_image=\u00a0\u00bbhttps:\/\/caveaucorto.ch\/wp-content\/uploads\/2018\/01\/corto-vins-soleil.jpg\u00a0\u00bb bg_position=\u00a0\u00bbcenter center\u00a0\u00bb bg_repeat=\u00a0\u00bbno-repeat\u00a0\u00bb bg_stretch=\u00a0\u00bbtrue\u00a0\u00bb video_color_mask=\u00a0\u00bb#000000&Prime; video_opacity=\u00a0\u00bb0.5&Prime; min_height=\u00a0\u00bb700&Prime; js_vertical_centered=\u00a0\u00bbtrue\u00a0\u00bb sidebar=\u00a0\u00bbsidebar-1&Prime;][vc_column][mk_fancy_title tag_name=\u00a0\u00bbh1&Prime; color=\u00a0\u00bb#ffffff\u00a0\u00bb size=\u00a0\u00bb70&Prime; force_font_size=\u00a0\u00bbtrue\u00a0\u00bb size_tablet=\u00a0\u00bb70&Prime; font_weight=\u00a0\u00bb300&Prime; txt_transform=\u00a0\u00bbnone\u00a0\u00bb margin_bottom=\u00a0\u00bb0&Prime; font_family=\u00a0\u00bbnone\u00a0\u00bb align=\u00a0\u00bbcenter\u00a0\u00bb]Demandez le programme.[\/mk_fancy_title][mk_divider style=\u00a0\u00bbthin_solid\u00a0\u00bb divider_width=\u00a0\u00bbcustom_width\u00a0\u00bb custom_width=\u00a0\u00bb140&Prime; thin_single_color=\u00a0\u00bb#8d121b\u00a0\u00bb thickness=\u00a0\u00bb3&Prime; margin_top=\u00a0\u00bb0&Prime; margin_bottom=\u00a0\u00bb30&Prime;][vc_row_inner][vc_column_inner width=\u00a0\u00bb1\/6&Prime;][\/vc_column_inner][vc_column_inner width=\u00a0\u00bb2\/3&Prime;][mk_fancy_title tag_name=\u00a0\u00bbspan\u00a0\u00bb color=\u00a0\u00bb#ffffff\u00a0\u00bb size=\u00a0\u00bb22&Prime; line_height=\u00a0\u00bb180&Prime; txt_transform=\u00a0\u00bbnone\u00a0\u00bb font_family=\u00a0\u00bbnone\u00a0\u00bb align=\u00a0\u00bbcenter\u00a0\u00bb]D&rsquo;avril \u00e0 octobre, les vignerons de Lavaux viennent \u00e0 tour de r\u00f4le servir leurs vins au Caveau Corto. Des \u00e9v\u00e9nements sp\u00e9ciaux font partie des rendez-vous incontournables de la r\u00e9gion.[\/mk_fancy_title][\/vc_column_inner][vc_column_inner width=\u00a0\u00bb1\/6&Prime;][\/vc_column_inner][\/vc_row_inner][\/vc_column][\/mk_page_section][vc_row][vc_column][mk_padding_divider size=\u00a0\u00bb120&Prime;][\/vc_column][vc_column width=\u00a0\u00bb1\/2&Prime;][mk_fancy_title tag_name=\u00a0\u00bbh3&Prime; color=\u00a0\u00bb#111111&Prime; size=\u00a0\u00bb32&Prime; font_weight=\u00a0\u00bb400&Prime; txt_transform=\u00a0\u00bbcapitalize\u00a0\u00bb margin_bottom=\u00a0\u00bb0&Prime; font_family=\u00a0\u00bbPlayfair+Display\u00a0\u00bb font_type=\u00a0\u00bbgoogle\u00a0\u00bb]La brisol\u00e9e et Escargots[\/mk_fancy_title][mk_fancy_title tag_name=\u00a0\u00bbspan\u00a0\u00bb color=\u00a0\u00bb#111111&Prime; size=\u00a0\u00bb18&Prime; font_weight=\u00a0\u00bb400&Prime; txt_transform=\u00a0\u00bbnone\u00a0\u00bb font_family=\u00a0\u00bbPlayfair+Display\u00a0\u00bb font_type=\u00a0\u00bbgoogle\u00a0\u00bb]Chaque ann\u00e9e, le Caveau Corto vous donne rendez-vous autour d&rsquo;un festin d&rsquo;escargots (dernier week-end de mai) et d&rsquo;une brisol\u00e9e, ce plat typique emprunt\u00e9 \u00e0 nos voisins valaisans (dernier week-end d&rsquo;octobre, pour clore la saison).[\/mk_fancy_title][\/vc_column][vc_column width=\u00a0\u00bb1\/2&Prime;][\/vc_column][vc_column][mk_padding_divider size=\u00a0\u00bb60&Prime; visibility=\u00a0\u00bbhidden-sm\u00a0\u00bb][\/vc_column][\/vc_row][vc_row][vc_column width=\u00a0\u00bb1\/4&Prime;][mk_fancy_title tag_name=\u00a0\u00bbh3&Prime; color=\u00a0\u00bb#111111&Prime; size=\u00a0\u00bb32&Prime; font_weight=\u00a0\u00bb400&Prime; txt_transform=\u00a0\u00bbcapitalize\u00a0\u00bb margin_bottom=\u00a0\u00bb0&Prime; font_family=\u00a0\u00bbPlayfair+Display\u00a0\u00bb font_type=\u00a0\u00bbgoogle\u00a0\u00bb]L&rsquo;agenda[\/mk_fancy_title][mk_fancy_title tag_name=\u00a0\u00bbspan\u00a0\u00bb color=\u00a0\u00bb#111111&Prime; size=\u00a0\u00bb18&Prime; font_weight=\u00a0\u00bb400&Prime; txt_transform=\u00a0\u00bbnone\u00a0\u00bb font_family=\u00a0\u00bbPlayfair+Display\u00a0\u00bb font_type=\u00a0\u00bbgoogle\u00a0\u00bb]Retrouvez dans ce tableau le programme du Caveau Corto, par semaine. Ne manquez pas votre vigneron favori ou celui que vous aimeriez encore d\u00e9couvrir. Pour plus de d\u00e9tails sur chacun, cliquez sur la page <a href=\"https:\/\/caveaucorto.ch\/vignerons\/\">Vignerons.<\/a>[\/mk_fancy_title][\/vc_column][vc_column width=\u00a0\u00bb3\/4&Prime;][mk_table style=\u00a0\u00bbstyle2&Prime;]\n<table width=\"100%\">\n<thead>\n<tr>\n<th>Du<\/th>\n<th>Au<\/th>\n<th>Qui<\/th>\n<\/tr>\n<\/thead>\n<tbody>\n<tr>\n<td>08\/04\/2026<\/td>\n<td>12\/04\/2026<\/td>\n<td>Concours Th\u00e9\u00e2tral FVJC 2026 Grandvaux<\/td>\n<\/tr>\n<tr>\n<td>17\/04\/2026<\/td>\n<td>19\/04\/2026<\/td>\n<td><strong>FERM\u00c9<\/strong><\/td>\n<\/tr>\n<tr>\n<td>24\/04\/2026<\/td>\n<td>26\/04\/2026<\/td>\n<td>Montreux Riviera<\/td>\n<\/tr>\n<tr>\n<td>01\/05\/2026<\/td>\n<td>03\/05\/2026<\/td>\n<td>Domaine de Cr\u00e9taz \/ J.-Pierre DUFLON<\/td>\n<\/tr>\n<tr>\n<td>08\/05\/2026<\/td>\n<td>10\/05\/2026<\/td>\n<td>Cave du Vieux Pressoir \/ R. CANTORO<\/td>\n<\/tr>\n<tr>\n<td>14\/05\/2026<\/td>\n<td>17\/05\/2026<\/td>\n<td>Cave DUBOUX<\/td>\n<\/tr>\n<tr>\n<td>22\/05\/2026<\/td>\n<td>25\/05\/2026<\/td>\n<td>Domaine de Cr\u00e9taz \/ J.-Pierre DUFLON<\/td>\n<\/tr>\n<tr>\n<td>29\/05\/2026<\/td>\n<td>31\/05\/2026<\/td>\n<td><strong>FESTIN D\u2019ESCARGOTS<\/strong><\/td>\n<\/tr>\n<tr>\n<td>05\/06\/2026<\/td>\n<td>07\/06\/2026<\/td>\n<td>Union Vinicole Cully<\/td>\n<\/tr>\n<tr>\n<td>12\/06\/2026<\/td>\n<td>14\/06\/2026<\/td>\n<td>Corcelles-le-Jorat \/ Emmanuel HUG<\/td>\n<\/tr>\n<tr>\n<td>19\/06\/2026<\/td>\n<td>21\/06\/2026<\/td>\n<td>Josiane MALHERBE<\/td>\n<\/tr>\n<tr>\n<td>26\/06\/2026<\/td>\n<td>28\/06\/2026<\/td>\n<td>Cave du Vieux Pressoir \/ R. CANTORO<\/td>\n<\/tr>\n<tr>\n<td>03\/07\/2026<\/td>\n<td>05\/07\/2026<\/td>\n<td>Aur\u00e9lia &amp; Jacques JOLY<\/td>\n<\/tr>\n<tr>\n<td>10\/07\/2026<\/td>\n<td>12\/07\/2026<\/td>\n<td>Domaine de la Crausaz \/ Dizerens J&amp;M<\/td>\n<\/tr>\n<tr>\n<td>17\/07\/2026<\/td>\n<td>19\/07\/2026<\/td>\n<td>Cave DUBOUX<\/td>\n<\/tr>\n<tr>\n<td>24\/07\/2026<\/td>\n<td>26\/07\/2026<\/td>\n<td>Aur\u00e9lia &amp; Jacques JOLY<\/td>\n<\/tr>\n<tr>\n<td>31\/07\/2026<\/td>\n<td>02\/08\/2026<\/td>\n<td>Union Vinicole Cully<\/td>\n<\/tr>\n<tr>\n<td>07\/08\/2026<\/td>\n<td>09\/08\/2026<\/td>\n<td>Corcelles-le-Jorat \/ Emmanuel HUG<\/td>\n<\/tr>\n<tr>\n<td>14\/08\/2026<\/td>\n<td>16\/08\/2026<\/td>\n<td>Josiane MALHERBE<\/td>\n<\/tr>\n<tr>\n<td>21\/08\/2026<\/td>\n<td>23\/08\/2026<\/td>\n<td>Les Amis du caveau \u2013 Famille Delessert<\/td>\n<\/tr>\n<tr>\n<td>28\/08\/2026<\/td>\n<td>30\/08\/2026<\/td>\n<td>Domaine de Cr\u00e9taz \/ J.-Pierre DUFLON<\/td>\n<\/tr>\n<tr>\n<td>04\/09\/2026<\/td>\n<td>06\/09\/2026<\/td>\n<td>Domaine de la Crausaz \/ Dizerens J&amp;M<\/td>\n<\/tr>\n<tr>\n<td>11\/09\/2026<\/td>\n<td>13\/09\/2026<\/td>\n<td>Union Vinicole Cully<\/td>\n<\/tr>\n<tr>\n<td>18\/09\/2026<\/td>\n<td>21\/09\/2026<\/td>\n<td>Les Amis du caveau \u2013 Famille Delessert<\/td>\n<\/tr>\n<tr>\n<td>25\/09\/2026<\/td>\n<td>27\/09\/2026<\/td>\n<td>Jeunesse de Grandvaux<\/td>\n<\/tr>\n<tr>\n<td>02\/10\/2026<\/td>\n<td>04\/10\/2026<\/td>\n<td>Les Amis du caveau \u2013 Mme Mermod<\/td>\n<\/tr>\n<tr>\n<td>09\/10\/2026<\/td>\n<td>11\/10\/2026<\/td>\n<td>Aur\u00e9lia &amp; Jacques JOLY<\/td>\n<\/tr>\n<tr>\n<td>16\/10\/2026<\/td>\n<td>18\/10\/2026<\/td>\n<td>Lausanne Tourisme Capitale Olympique<\/td>\n<\/tr>\n<tr>\n<td>23\/10\/2026<\/td>\n<td>25\/10\/2026<\/td>\n<td><strong>BRISOLEE<\/strong><\/td>\n<\/tr>\n<\/tbody>\n<\/table>\n[\/mk_table][\/vc_column][\/vc_row][vc_row visibility=\u00a0\u00bbhidden-sm\u00a0\u00bb][vc_column][mk_padding_divider size=\u00a0\u00bb120&Prime; visibility=\u00a0\u00bbhidden-sm\u00a0\u00bb][mk_custom_box padding_vertical=\u00a0\u00bb80&Prime; padding_horizental=\u00a0\u00bb80&Prime; margin_bottom=\u00a0\u00bb0&Prime; bg_color=\u00a0\u00bb#000000&Prime; elevation_effect=\u00a0\u00bbtrue\u00a0\u00bb elevation_effect_distance=\u00a0\u00bb3&Prime;][vc_row_inner][vc_column_inner width=\u00a0\u00bb2\/12&Prime;][\/vc_column_inner][vc_column_inner width=\u00a0\u00bb10\/12&Prime;][mk_fancy_title color=\u00a0\u00bb#ffffff\u00a0\u00bb size=\u00a0\u00bb52&Prime; force_font_size=\u00a0\u00bbtrue\u00a0\u00bb size_tablet=\u00a0\u00bb30&Prime; font_weight=\u00a0\u00bb300&Prime; txt_transform=\u00a0\u00bbnone\u00a0\u00bb font_family=\u00a0\u00bbnone\u00a0\u00bb]Heures d&rsquo;ouverture[\/mk_fancy_title][mk_fancy_title tag_name=\u00a0\u00bbspan\u00a0\u00bb color=\u00a0\u00bb#ffffff\u00a0\u00bb size=\u00a0\u00bb24&Prime; force_font_size=\u00a0\u00bbtrue\u00a0\u00bb size_tablet=\u00a0\u00bb20&Prime; line_height=\u00a0\u00bb180&Prime; font_weight=\u00a0\u00bb300&Prime; txt_transform=\u00a0\u00bbnone\u00a0\u00bb margin_bottom=\u00a0\u00bb0&Prime; font_family=\u00a0\u00bbnone\u00a0\u00bb responsive_align=\u00a0\u00bbleft\u00a0\u00bb]Le Caveau Corto est ouvert<br \/>\ntous les week-ends d\u2019avril \u00e0 octobre.<\/p>\n<p>Vendredi de 17h \u00e0 21h<br \/>\nSamedi de 16h \u00e0 21h<br \/>\nDimanche de 16h \u00e0 21h[\/mk_fancy_title][\/vc_column_inner][\/vc_row_inner][\/mk_custom_box][mk_padding_divider size=\u00a0\u00bb120&Prime; visibility=\u00a0\u00bbhidden-sm\u00a0\u00bb][\/vc_column][\/vc_row]\n<\/div>","protected":false},"excerpt":{"rendered":"<p>[mk_page_section bg_image=\u00a0\u00bbhttps:\/\/caveaucorto.ch\/wp-content\/uploads\/2018\/01\/corto-vins-soleil.jpg\u00a0\u00bb bg_position=\u00a0\u00bbcenter center\u00a0\u00bb bg_repeat=\u00a0\u00bbno-repeat\u00a0\u00bb bg_stretch=\u00a0\u00bbtrue\u00a0\u00bb video_color_mask=\u00a0\u00bb#000000&Prime; video_opacity=\u00a0\u00bb0.5&Prime; min_height=\u00a0\u00bb700&Prime; js_vertical_centered=\u00a0\u00bbtrue\u00a0\u00bb sidebar=\u00a0\u00bbsidebar-1&Prime;][vc_column][mk_fancy_title tag_name=\u00a0\u00bbh1&Prime; color=\u00a0\u00bb#ffffff\u00a0\u00bb size=\u00a0\u00bb70&Prime; force_font_size=\u00a0\u00bbtrue\u00a0\u00bb size_tablet=\u00a0\u00bb70&Prime; font_weight=\u00a0\u00bb300&Prime; txt_transform=\u00a0\u00bbnone\u00a0\u00bb margin_bottom=\u00a0\u00bb0&Prime; font_family=\u00a0\u00bbnone\u00a0\u00bb align=\u00a0\u00bbcenter\u00a0\u00bb]Demandez le programme.[\/mk_fancy_title][mk_divider style=\u00a0\u00bbthin_solid\u00a0\u00bb divider_width=\u00a0\u00bbcustom_width\u00a0\u00bb custom_width=\u00a0\u00bb140&Prime; thin_single_color=\u00a0\u00bb#8d121b\u00a0\u00bb thickness=\u00a0\u00bb3&Prime; margin_top=\u00a0\u00bb0&Prime; margin_bottom=\u00a0\u00bb30&Prime;][vc_row_inner][vc_column_inner width=\u00a0\u00bb1\/6&Prime;][\/vc_column_inner][vc_column_inner width=\u00a0\u00bb2\/3&Prime;][mk_fancy_title tag_name=\u00a0\u00bbspan\u00a0\u00bb color=\u00a0\u00bb#ffffff\u00a0\u00bb size=\u00a0\u00bb22&Prime; line_height=\u00a0\u00bb180&Prime; txt_transform=\u00a0\u00bbnone\u00a0\u00bb font_family=\u00a0\u00bbnone\u00a0\u00bb align=\u00a0\u00bbcenter\u00a0\u00bb]D&rsquo;avril \u00e0 octobre, les vignerons de Lavaux viennent \u00e0 tour de r\u00f4le servir leurs vins au Caveau [&hellip;]<\/p>\n","protected":false},"author":1,"featured_media":0,"parent":0,"menu_order":0,"comment_status":"closed","ping_status":"closed","template":"","meta":{"footnotes":""},"class_list":["post-25","page","type-page","status-publish","hentry"],"yoast_head":"<!-- This site is optimized with the Yoast SEO plugin v26.7 - https:\/\/yoast.com\/wordpress\/plugins\/seo\/ -->\n<title>Agenda - Le Caveau Corto \u00e0 Grandvaux<\/title>\n<meta name=\"description\" content=\"D\u00e9gustez chaque semaine des vins diff\u00e9rents, servis \u00e0 tour de r\u00f4le par les vignerons de Grandvaux.\" \/>\n<meta name=\"robots\" content=\"index, follow, max-snippet:-1, max-image-preview:large, max-video-preview:-1\" \/>\n<link rel=\"canonical\" href=\"https:\/\/caveaucorto.ch\/agenda\/\" \/>\n<meta property=\"og:locale\" content=\"fr_FR\" \/>\n<meta property=\"og:type\" content=\"article\" \/>\n<meta property=\"og:title\" content=\"Agenda - Le Caveau Corto \u00e0 Grandvaux\" \/>\n<meta property=\"og:description\" content=\"D\u00e9gustez chaque semaine des vins diff\u00e9rents, servis \u00e0 tour de r\u00f4le par les vignerons de Grandvaux.\" \/>\n<meta property=\"og:url\" content=\"https:\/\/caveaucorto.ch\/agenda\/\" \/>\n<meta property=\"og:site_name\" content=\"Le Caveau Corto \u00e0 Grandvaux\" \/>\n<meta property=\"article:publisher\" content=\"https:\/\/www.facebook.com\/pages\/Caveau-De-Mont-Sur-Rolle\/165398706811172?rf=204341609608247\" \/>\n<meta property=\"article:modified_time\" content=\"2025-12-08T12:57:36+00:00\" \/>\n<meta property=\"og:image\" content=\"https:\/\/caveaucorto.ch\/wp-content\/uploads\/2018\/01\/corto-vins-soleil.jpg\" \/>\n\t<meta property=\"og:image:width\" content=\"1920\" \/>\n\t<meta property=\"og:image:height\" content=\"1040\" \/>\n\t<meta property=\"og:image:type\" content=\"image\/jpeg\" \/>\n<meta name=\"twitter:card\" content=\"summary_large_image\" \/>\n<meta name=\"twitter:label1\" content=\"Dur\u00e9e de lecture estim\u00e9e\" \/>\n\t<meta name=\"twitter:data1\" content=\"3 minutes\" \/>\n<script type=\"application\/ld+json\" class=\"yoast-schema-graph\">{\"@context\":\"https:\/\/schema.org\",\"@graph\":[{\"@type\":\"WebPage\",\"@id\":\"https:\/\/caveaucorto.ch\/agenda\/\",\"url\":\"https:\/\/caveaucorto.ch\/agenda\/\",\"name\":\"Agenda - Le Caveau Corto \u00e0 Grandvaux\",\"isPartOf\":{\"@id\":\"https:\/\/caveaucorto.ch\/fr\/#website\"},\"datePublished\":\"2017-09-19T07:16:26+00:00\",\"dateModified\":\"2025-12-08T12:57:36+00:00\",\"description\":\"D\u00e9gustez chaque semaine des vins diff\u00e9rents, servis \u00e0 tour de r\u00f4le par les vignerons de Grandvaux.\",\"breadcrumb\":{\"@id\":\"https:\/\/caveaucorto.ch\/agenda\/#breadcrumb\"},\"inLanguage\":\"fr-FR\",\"potentialAction\":[{\"@type\":\"ReadAction\",\"target\":[\"https:\/\/caveaucorto.ch\/agenda\/\"]}]},{\"@type\":\"BreadcrumbList\",\"@id\":\"https:\/\/caveaucorto.ch\/agenda\/#breadcrumb\",\"itemListElement\":[{\"@type\":\"ListItem\",\"position\":1,\"name\":\"Accueil\",\"item\":\"https:\/\/caveaucorto.ch\/\"},{\"@type\":\"ListItem\",\"position\":2,\"name\":\"Agenda\"}]},{\"@type\":\"WebSite\",\"@id\":\"https:\/\/caveaucorto.ch\/fr\/#website\",\"url\":\"https:\/\/caveaucorto.ch\/fr\/\",\"name\":\"Le Caveau Corto \u00e0 Grandvaux\",\"description\":\"\",\"publisher\":{\"@id\":\"https:\/\/caveaucorto.ch\/fr\/#organization\"},\"potentialAction\":[{\"@type\":\"SearchAction\",\"target\":{\"@type\":\"EntryPoint\",\"urlTemplate\":\"https:\/\/caveaucorto.ch\/fr\/?s={search_term_string}\"},\"query-input\":{\"@type\":\"PropertyValueSpecification\",\"valueRequired\":true,\"valueName\":\"search_term_string\"}}],\"inLanguage\":\"fr-FR\"},{\"@type\":\"Organization\",\"@id\":\"https:\/\/caveaucorto.ch\/fr\/#organization\",\"name\":\"Caveau Corto\",\"url\":\"https:\/\/caveaucorto.ch\/fr\/\",\"logo\":{\"@type\":\"ImageObject\",\"inLanguage\":\"fr-FR\",\"@id\":\"https:\/\/caveaucorto.ch\/fr\/#\/schema\/logo\/image\/\",\"url\":\"https:\/\/caveaucorto.ch\/wp-content\/uploads\/2017\/11\/logo-black.png\",\"contentUrl\":\"https:\/\/caveaucorto.ch\/wp-content\/uploads\/2017\/11\/logo-black.png\",\"width\":400,\"height\":171,\"caption\":\"Caveau Corto\"},\"image\":{\"@id\":\"https:\/\/caveaucorto.ch\/fr\/#\/schema\/logo\/image\/\"},\"sameAs\":[\"https:\/\/www.facebook.com\/pages\/Caveau-De-Mont-Sur-Rolle\/165398706811172?rf=204341609608247\"]}]}<\/script>\n<!-- \/ Yoast SEO plugin. -->","yoast_head_json":{"title":"Agenda - Le Caveau Corto \u00e0 Grandvaux","description":"D\u00e9gustez chaque semaine des vins diff\u00e9rents, servis \u00e0 tour de r\u00f4le par les vignerons de Grandvaux.","robots":{"index":"index","follow":"follow","max-snippet":"max-snippet:-1","max-image-preview":"max-image-preview:large","max-video-preview":"max-video-preview:-1"},"canonical":"https:\/\/caveaucorto.ch\/agenda\/","og_locale":"fr_FR","og_type":"article","og_title":"Agenda - Le Caveau Corto \u00e0 Grandvaux","og_description":"D\u00e9gustez chaque semaine des vins diff\u00e9rents, servis \u00e0 tour de r\u00f4le par les vignerons de Grandvaux.","og_url":"https:\/\/caveaucorto.ch\/agenda\/","og_site_name":"Le Caveau Corto \u00e0 Grandvaux","article_publisher":"https:\/\/www.facebook.com\/pages\/Caveau-De-Mont-Sur-Rolle\/165398706811172?rf=204341609608247","article_modified_time":"2025-12-08T12:57:36+00:00","og_image":[{"width":1920,"height":1040,"url":"https:\/\/caveaucorto.ch\/wp-content\/uploads\/2018\/01\/corto-vins-soleil.jpg","type":"image\/jpeg"}],"twitter_card":"summary_large_image","twitter_misc":{"Dur\u00e9e de lecture estim\u00e9e":"3 minutes"},"schema":{"@context":"https:\/\/schema.org","@graph":[{"@type":"WebPage","@id":"https:\/\/caveaucorto.ch\/agenda\/","url":"https:\/\/caveaucorto.ch\/agenda\/","name":"Agenda - Le Caveau Corto \u00e0 Grandvaux","isPartOf":{"@id":"https:\/\/caveaucorto.ch\/fr\/#website"},"datePublished":"2017-09-19T07:16:26+00:00","dateModified":"2025-12-08T12:57:36+00:00","description":"D\u00e9gustez chaque semaine des vins diff\u00e9rents, servis \u00e0 tour de r\u00f4le par les vignerons de Grandvaux.","breadcrumb":{"@id":"https:\/\/caveaucorto.ch\/agenda\/#breadcrumb"},"inLanguage":"fr-FR","potentialAction":[{"@type":"ReadAction","target":["https:\/\/caveaucorto.ch\/agenda\/"]}]},{"@type":"BreadcrumbList","@id":"https:\/\/caveaucorto.ch\/agenda\/#breadcrumb","itemListElement":[{"@type":"ListItem","position":1,"name":"Accueil","item":"https:\/\/caveaucorto.ch\/"},{"@type":"ListItem","position":2,"name":"Agenda"}]},{"@type":"WebSite","@id":"https:\/\/caveaucorto.ch\/fr\/#website","url":"https:\/\/caveaucorto.ch\/fr\/","name":"Le Caveau Corto \u00e0 Grandvaux","description":"","publisher":{"@id":"https:\/\/caveaucorto.ch\/fr\/#organization"},"potentialAction":[{"@type":"SearchAction","target":{"@type":"EntryPoint","urlTemplate":"https:\/\/caveaucorto.ch\/fr\/?s={search_term_string}"},"query-input":{"@type":"PropertyValueSpecification","valueRequired":true,"valueName":"search_term_string"}}],"inLanguage":"fr-FR"},{"@type":"Organization","@id":"https:\/\/caveaucorto.ch\/fr\/#organization","name":"Caveau Corto","url":"https:\/\/caveaucorto.ch\/fr\/","logo":{"@type":"ImageObject","inLanguage":"fr-FR","@id":"https:\/\/caveaucorto.ch\/fr\/#\/schema\/logo\/image\/","url":"https:\/\/caveaucorto.ch\/wp-content\/uploads\/2017\/11\/logo-black.png","contentUrl":"https:\/\/caveaucorto.ch\/wp-content\/uploads\/2017\/11\/logo-black.png","width":400,"height":171,"caption":"Caveau Corto"},"image":{"@id":"https:\/\/caveaucorto.ch\/fr\/#\/schema\/logo\/image\/"},"sameAs":["https:\/\/www.facebook.com\/pages\/Caveau-De-Mont-Sur-Rolle\/165398706811172?rf=204341609608247"]}]}},"_links":{"self":[{"href":"https:\/\/caveaucorto.ch\/fr\/wp-json\/wp\/v2\/pages\/25","targetHints":{"allow":["GET"]}}],"collection":[{"href":"https:\/\/caveaucorto.ch\/fr\/wp-json\/wp\/v2\/pages"}],"about":[{"href":"https:\/\/caveaucorto.ch\/fr\/wp-json\/wp\/v2\/types\/page"}],"author":[{"embeddable":true,"href":"https:\/\/caveaucorto.ch\/fr\/wp-json\/wp\/v2\/users\/1"}],"replies":[{"embeddable":true,"href":"https:\/\/caveaucorto.ch\/fr\/wp-json\/wp\/v2\/comments?post=25"}],"version-history":[{"count":55,"href":"https:\/\/caveaucorto.ch\/fr\/wp-json\/wp\/v2\/pages\/25\/revisions"}],"predecessor-version":[{"id":627,"href":"https:\/\/caveaucorto.ch\/fr\/wp-json\/wp\/v2\/pages\/25\/revisions\/627"}],"wp:attachment":[{"href":"https:\/\/caveaucorto.ch\/fr\/wp-json\/wp\/v2\/media?parent=25"}],"curies":[{"name":"wp","href":"https:\/\/api.w.org\/{rel}","templated":true}]}}