{"id":127,"date":"2017-11-28T15:12:26","date_gmt":"2017-11-28T14:12:26","guid":{"rendered":"https:\/\/caveaucorto.ch\/?page_id=127"},"modified":"2024-04-19T16:00:57","modified_gmt":"2024-04-19T14:00:57","slug":"location","status":"publish","type":"page","link":"https:\/\/caveaucorto.ch\/fr\/location\/","title":{"rendered":"Location"},"content":{"rendered":"<div class=\"wpb-content-wrapper\">[mk_page_section bg_image=\u00a0\u00bbhttps:\/\/caveaucorto.ch\/wp-content\/uploads\/2017\/11\/corto-agenda.jpg\u00a0\u00bb bg_position=\u00a0\u00bbcenter center\u00a0\u00bb bg_repeat=\u00a0\u00bbno-repeat\u00a0\u00bb bg_stretch=\u00a0\u00bbtrue\u00a0\u00bb video_color_mask=\u00a0\u00bb#000000&Prime; video_opacity=\u00a0\u00bb0.5&Prime; min_height=\u00a0\u00bb700&Prime; js_vertical_centered=\u00a0\u00bbtrue\u00a0\u00bb sidebar=\u00a0\u00bbsidebar-1&Prime;][vc_column][mk_fancy_title tag_name=\u00a0\u00bbh1&Prime; color=\u00a0\u00bb#ffffff\u00a0\u00bb size=\u00a0\u00bb70&Prime; force_font_size=\u00a0\u00bbtrue\u00a0\u00bb size_tablet=\u00a0\u00bb70&Prime; font_weight=\u00a0\u00bb300&Prime; txt_transform=\u00a0\u00bbnone\u00a0\u00bb margin_bottom=\u00a0\u00bb0&Prime; font_family=\u00a0\u00bbnone\u00a0\u00bb align=\u00a0\u00bbcenter\u00a0\u00bb]Votre \u00e9v\u00e9nement<br \/>\nau Caveau Corto.[\/mk_fancy_title][mk_divider style=\u00a0\u00bbthin_solid\u00a0\u00bb divider_width=\u00a0\u00bbcustom_width\u00a0\u00bb custom_width=\u00a0\u00bb140&Prime; thin_single_color=\u00a0\u00bb#8d121b\u00a0\u00bb thickness=\u00a0\u00bb3&Prime; margin_top=\u00a0\u00bb0&Prime; margin_bottom=\u00a0\u00bb30&Prime;][vc_row_inner][vc_column_inner width=\u00a0\u00bb1\/6&Prime;][\/vc_column_inner][vc_column_inner width=\u00a0\u00bb2\/3&Prime;][mk_fancy_title tag_name=\u00a0\u00bbspan\u00a0\u00bb color=\u00a0\u00bb#ffffff\u00a0\u00bb size=\u00a0\u00bb22&Prime; line_height=\u00a0\u00bb180&Prime; txt_transform=\u00a0\u00bbnone\u00a0\u00bb font_family=\u00a0\u00bbnone\u00a0\u00bb align=\u00a0\u00bbcenter\u00a0\u00bb]Lieu moderne et vitr\u00e9, d\u00e9voilant un panorama unique sur Lavaux et le lac L\u00e9man, le Caveau Corto est l&rsquo;endroit id\u00e9al pour vos f\u00eates, professionnelles ou priv\u00e9es. Nous prenons volontiers vos r\u00e9servations de tables ou vos demandes de privatisation, en dehors des week-ends d&rsquo;ouverture.[\/mk_fancy_title][\/vc_column_inner][vc_column_inner width=\u00a0\u00bb1\/6&Prime;][\/vc_column_inner][\/vc_row_inner][\/vc_column][\/mk_page_section][vc_row][vc_column][mk_padding_divider size=\u00a0\u00bb120&Prime;][\/vc_column][\/vc_row][vc_row][vc_column width=\u00a0\u00bb1\/2&Prime;][mk_fancy_title tag_name=\u00a0\u00bbh3&Prime; color=\u00a0\u00bb#111111&Prime; size=\u00a0\u00bb32&Prime; font_weight=\u00a0\u00bb400&Prime; txt_transform=\u00a0\u00bbcapitalize\u00a0\u00bb margin_bottom=\u00a0\u00bb0&Prime; font_family=\u00a0\u00bbPlayfair+Display\u00a0\u00bb font_type=\u00a0\u00bbgoogle\u00a0\u00bb]Privatisez le caveau[\/mk_fancy_title][mk_fancy_title tag_name=\u00a0\u00bbspan\u00a0\u00bb color=\u00a0\u00bb#111111&Prime; size=\u00a0\u00bb18&Prime; font_weight=\u00a0\u00bb400&Prime; txt_transform=\u00a0\u00bbnone\u00a0\u00bb font_family=\u00a0\u00bbPlayfair+Display\u00a0\u00bb font_type=\u00a0\u00bbgoogle\u00a0\u00bb]Il est possible de louer enti\u00e8rement le caveau et son mat\u00e9riel de novembre \u00e0 avril. Durant la saison, d&rsquo;avril \u00e0 octobre, la privatisation est possible uniquement la semaine.<\/p>\n<p>Nous nous occupons volontiers de vous fournir des produits du terroir, des min\u00e9rales, du th\u00e9 et du caf\u00e9 pour vos ap\u00e9ritifs et vos repas priv\u00e9s au Caveau Corto (voir liste \u00e0 t\u00e9l\u00e9charger en PDF).[\/mk_fancy_title][mk_button dimension=\u00a0\u00bbflat\u00a0\u00bb corner_style=\u00a0\u00bbrounded\u00a0\u00bb size=\u00a0\u00bbmedium\u00a0\u00bb icon=\u00a0\u00bbmk-icon-file-pdf-o\u00a0\u00bb url=\u00a0\u00bbhttps:\/\/caveaucorto.ch\/wp-content\/uploads\/2024\/04\/location-privee-contrat-2024-caveau-corto.pdf\u00a0\u00bb target=\u00a0\u00bb_blank\u00a0\u00bb]Contrat de location en PDF[\/mk_button][mk_button dimension=\u00a0\u00bbflat\u00a0\u00bb corner_style=\u00a0\u00bbrounded\u00a0\u00bb size=\u00a0\u00bbmedium\u00a0\u00bb icon=\u00a0\u00bbmk-icon-file-pdf-o\u00a0\u00bb url=\u00a0\u00bbhttps:\/\/caveaucorto.ch\/wp-content\/uploads\/2024\/04\/liste-de-prix.pdf\u00a0\u00bb target=\u00a0\u00bb_blank\u00a0\u00bb]Liste de prix[\/mk_button][\/vc_column][vc_column width=\u00a0\u00bb1\/2&Prime;][mk_fancy_title tag_name=\u00a0\u00bbh3&Prime; color=\u00a0\u00bb#111111&Prime; size=\u00a0\u00bb32&Prime; font_weight=\u00a0\u00bb400&Prime; txt_transform=\u00a0\u00bbcapitalize\u00a0\u00bb margin_bottom=\u00a0\u00bb0&Prime; font_family=\u00a0\u00bbPlayfair+Display\u00a0\u00bb font_type=\u00a0\u00bbgoogle\u00a0\u00bb]La Foire aux Questions[\/mk_fancy_title][mk_faq style=\u00a0\u00bbsimple\u00a0\u00bb sortable=\u00a0\u00bbfalse\u00a0\u00bb][\/vc_column][\/vc_row][vc_row][vc_column][mk_divider style=\u00a0\u00bbthin_solid\u00a0\u00bb divider_width=\u00a0\u00bbone_half\u00a0\u00bb thickness=\u00a0\u00bb2&Prime; margin_top=\u00a0\u00bb70&Prime; margin_bottom=\u00a0\u00bb70&Prime;][\/vc_column][\/vc_row][vc_row][vc_column width=\u00a0\u00bb1\/2&Prime;][mk_fancy_title tag_name=\u00a0\u00bbh3&Prime; color=\u00a0\u00bb#111111&Prime; size=\u00a0\u00bb32&Prime; font_weight=\u00a0\u00bb400&Prime; txt_transform=\u00a0\u00bbcapitalize\u00a0\u00bb margin_bottom=\u00a0\u00bb0&Prime; font_family=\u00a0\u00bbPlayfair+Display\u00a0\u00bb font_type=\u00a0\u00bbgoogle\u00a0\u00bb]D\u00e9gustations priv\u00e9es[\/mk_fancy_title][mk_fancy_title tag_name=\u00a0\u00bbspan\u00a0\u00bb color=\u00a0\u00bb#111111&Prime; size=\u00a0\u00bb18&Prime; font_weight=\u00a0\u00bb400&Prime; txt_transform=\u00a0\u00bbnone\u00a0\u00bb font_family=\u00a0\u00bbPlayfair+Display\u00a0\u00bb font_type=\u00a0\u00bbgoogle\u00a0\u00bb]Vous aimeriez d\u00e9couvrir Lavaux en groupe et de mani\u00e8re exclusive? Profitez de l&rsquo;accueil sur mesure de l&rsquo;un de nos vignerons, sur demande et en dehors de nos horaires d&rsquo;ouverture.<\/p>\n<p>\u00c0 partir de 15 personnes, partagez un moment unique avec un producteur et d\u00e9couvrez ses vins.<\/p>\n<p>Tarifs: prix habituels du Caveau Corto avec un suppl\u00e9ment de 50 francs pour le rangement et le nettoyage. Possibilit\u00e9 de commander l&rsquo;un des forfaits d\u00e9crits ci-contre.[\/mk_fancy_title][\/vc_column][vc_column width=\u00a0\u00bb1\/2&Prime;][mk_fancy_title tag_name=\u00a0\u00bbh3&Prime; color=\u00a0\u00bb#111111&Prime; size=\u00a0\u00bb32&Prime; font_weight=\u00a0\u00bb400&Prime; txt_transform=\u00a0\u00bbcapitalize\u00a0\u00bb margin_bottom=\u00a0\u00bb0&Prime; font_family=\u00a0\u00bbPlayfair+Display\u00a0\u00bb font_type=\u00a0\u00bbgoogle\u00a0\u00bb]Forfaits pour groupes[\/mk_fancy_title][mk_fancy_title tag_name=\u00a0\u00bbspan\u00a0\u00bb color=\u00a0\u00bb#111111&Prime; size=\u00a0\u00bb18&Prime; font_weight=\u00a0\u00bb400&Prime; txt_transform=\u00a0\u00bbnone\u00a0\u00bb font_family=\u00a0\u00bbPlayfair+Display\u00a0\u00bb font_type=\u00a0\u00bbgoogle\u00a0\u00bb]Forfait 1: 3 verres de vin par personne et corbeille de pain, 15 francs\u00a0 par personne adulte.<\/p>\n<p>Forfait 2: 3 verres de vin par personne, avec une tomme ou de la viande s\u00e9ch\u00e9e et une corbeille de pain, 25 francs par personne adulte.<\/p>\n<p>Forfait 3: 3 verres de vin par personne, avec une tomme ou de la viande s\u00e9ch\u00e9e, une corbeille de pain et un Verre Corto en souvenir, 31 francs par personne adulte.[\/mk_fancy_title][\/vc_column][\/vc_row][vc_row visibility=\u00a0\u00bbhidden-sm\u00a0\u00bb][vc_column][mk_padding_divider size=\u00a0\u00bb120&Prime; visibility=\u00a0\u00bbhidden-sm\u00a0\u00bb][mk_custom_box padding_vertical=\u00a0\u00bb80&Prime; padding_horizental=\u00a0\u00bb80&Prime; margin_bottom=\u00a0\u00bb0&Prime; bg_color=\u00a0\u00bb#000000&Prime; elevation_effect=\u00a0\u00bbtrue\u00a0\u00bb elevation_effect_distance=\u00a0\u00bb3&Prime;][vc_row_inner][vc_column_inner width=\u00a0\u00bb2\/12&Prime;][\/vc_column_inner][vc_column_inner width=\u00a0\u00bb10\/12&Prime;][mk_fancy_title color=\u00a0\u00bb#ffffff\u00a0\u00bb size=\u00a0\u00bb52&Prime; force_font_size=\u00a0\u00bbtrue\u00a0\u00bb size_tablet=\u00a0\u00bb30&Prime; font_weight=\u00a0\u00bb300&Prime; txt_transform=\u00a0\u00bbnone\u00a0\u00bb font_family=\u00a0\u00bbnone\u00a0\u00bb]Heures d&rsquo;ouverture[\/mk_fancy_title][mk_fancy_title tag_name=\u00a0\u00bbspan\u00a0\u00bb color=\u00a0\u00bb#ffffff\u00a0\u00bb size=\u00a0\u00bb24&Prime; force_font_size=\u00a0\u00bbtrue\u00a0\u00bb size_tablet=\u00a0\u00bb20&Prime; line_height=\u00a0\u00bb180&Prime; font_weight=\u00a0\u00bb300&Prime; txt_transform=\u00a0\u00bbnone\u00a0\u00bb margin_bottom=\u00a0\u00bb0&Prime; font_family=\u00a0\u00bbnone\u00a0\u00bb responsive_align=\u00a0\u00bbleft\u00a0\u00bb]Le Caveau Corto est ouvert<br \/>\ntous les week-ends d\u2019avril \u00e0 octobre.<\/p>\n<p>Vendredi de 17h \u00e0 21h<br \/>\nSamedi de 16h \u00e0 21h<br \/>\nDimanche de 16h \u00e0 21h[\/mk_fancy_title][\/vc_column_inner][\/vc_row_inner][\/mk_custom_box][mk_padding_divider size=\u00a0\u00bb120&Prime; visibility=\u00a0\u00bbhidden-sm\u00a0\u00bb][\/vc_column][\/vc_row]\n<\/div>","protected":false},"excerpt":{"rendered":"<p>[mk_page_section bg_image=\u00a0\u00bbhttps:\/\/caveaucorto.ch\/wp-content\/uploads\/2017\/11\/corto-agenda.jpg\u00a0\u00bb bg_position=\u00a0\u00bbcenter center\u00a0\u00bb bg_repeat=\u00a0\u00bbno-repeat\u00a0\u00bb bg_stretch=\u00a0\u00bbtrue\u00a0\u00bb video_color_mask=\u00a0\u00bb#000000&Prime; video_opacity=\u00a0\u00bb0.5&Prime; min_height=\u00a0\u00bb700&Prime; js_vertical_centered=\u00a0\u00bbtrue\u00a0\u00bb sidebar=\u00a0\u00bbsidebar-1&Prime;][vc_column][mk_fancy_title tag_name=\u00a0\u00bbh1&Prime; color=\u00a0\u00bb#ffffff\u00a0\u00bb size=\u00a0\u00bb70&Prime; force_font_size=\u00a0\u00bbtrue\u00a0\u00bb size_tablet=\u00a0\u00bb70&Prime; font_weight=\u00a0\u00bb300&Prime; txt_transform=\u00a0\u00bbnone\u00a0\u00bb margin_bottom=\u00a0\u00bb0&Prime; font_family=\u00a0\u00bbnone\u00a0\u00bb align=\u00a0\u00bbcenter\u00a0\u00bb]Votre \u00e9v\u00e9nement au Caveau Corto.[\/mk_fancy_title][mk_divider style=\u00a0\u00bbthin_solid\u00a0\u00bb divider_width=\u00a0\u00bbcustom_width\u00a0\u00bb custom_width=\u00a0\u00bb140&Prime; thin_single_color=\u00a0\u00bb#8d121b\u00a0\u00bb thickness=\u00a0\u00bb3&Prime; margin_top=\u00a0\u00bb0&Prime; margin_bottom=\u00a0\u00bb30&Prime;][vc_row_inner][vc_column_inner width=\u00a0\u00bb1\/6&Prime;][\/vc_column_inner][vc_column_inner width=\u00a0\u00bb2\/3&Prime;][mk_fancy_title tag_name=\u00a0\u00bbspan\u00a0\u00bb color=\u00a0\u00bb#ffffff\u00a0\u00bb size=\u00a0\u00bb22&Prime; line_height=\u00a0\u00bb180&Prime; txt_transform=\u00a0\u00bbnone\u00a0\u00bb font_family=\u00a0\u00bbnone\u00a0\u00bb align=\u00a0\u00bbcenter\u00a0\u00bb]Lieu moderne et vitr\u00e9, d\u00e9voilant un panorama unique sur Lavaux et le lac L\u00e9man, le [&hellip;]<\/p>\n","protected":false},"author":1,"featured_media":0,"parent":0,"menu_order":0,"comment_status":"closed","ping_status":"closed","template":"","meta":{"footnotes":""},"class_list":["post-127","page","type-page","status-publish","hentry"],"yoast_head":"<!-- This site is optimized with the Yoast SEO plugin v26.7 - https:\/\/yoast.com\/wordpress\/plugins\/seo\/ -->\n<title>Location - Le Caveau Corto \u00e0 Grandvaux<\/title>\n<meta name=\"description\" content=\"Louez le Caveau Corto pour vos \u00e9v\u00e9nements professionnels et priv\u00e9s avec vue sur les vignes de Lavaux, les Alpes et le lac L\u00e9man.\" \/>\n<meta name=\"robots\" content=\"index, follow, max-snippet:-1, max-image-preview:large, max-video-preview:-1\" \/>\n<link rel=\"canonical\" href=\"https:\/\/caveaucorto.ch\/location\/\" \/>\n<meta property=\"og:locale\" content=\"fr_FR\" \/>\n<meta property=\"og:type\" content=\"article\" \/>\n<meta property=\"og:title\" content=\"Location - Le Caveau Corto \u00e0 Grandvaux\" \/>\n<meta property=\"og:description\" content=\"Louez le Caveau Corto pour vos \u00e9v\u00e9nements professionnels et priv\u00e9s avec vue sur les vignes de Lavaux, les Alpes et le lac L\u00e9man.\" \/>\n<meta property=\"og:url\" content=\"https:\/\/caveaucorto.ch\/location\/\" \/>\n<meta property=\"og:site_name\" content=\"Le Caveau Corto \u00e0 Grandvaux\" \/>\n<meta property=\"article:publisher\" content=\"https:\/\/www.facebook.com\/pages\/Caveau-De-Mont-Sur-Rolle\/165398706811172?rf=204341609608247\" \/>\n<meta property=\"article:modified_time\" content=\"2024-04-19T14:00:57+00:00\" \/>\n<meta property=\"og:image\" content=\"https:\/\/caveaucorto.ch\/wp-content\/uploads\/2018\/01\/corto-vins-soleil.jpg\" \/>\n\t<meta property=\"og:image:width\" content=\"1920\" \/>\n\t<meta property=\"og:image:height\" content=\"1040\" \/>\n\t<meta property=\"og:image:type\" content=\"image\/jpeg\" \/>\n<meta name=\"twitter:card\" content=\"summary_large_image\" \/>\n<meta name=\"twitter:label1\" content=\"Dur\u00e9e de lecture estim\u00e9e\" \/>\n\t<meta name=\"twitter:data1\" content=\"3 minutes\" \/>\n<script type=\"application\/ld+json\" class=\"yoast-schema-graph\">{\"@context\":\"https:\/\/schema.org\",\"@graph\":[{\"@type\":\"WebPage\",\"@id\":\"https:\/\/caveaucorto.ch\/location\/\",\"url\":\"https:\/\/caveaucorto.ch\/location\/\",\"name\":\"Location - Le Caveau Corto \u00e0 Grandvaux\",\"isPartOf\":{\"@id\":\"https:\/\/caveaucorto.ch\/fr\/#website\"},\"datePublished\":\"2017-11-28T14:12:26+00:00\",\"dateModified\":\"2024-04-19T14:00:57+00:00\",\"description\":\"Louez le Caveau Corto pour vos \u00e9v\u00e9nements professionnels et priv\u00e9s avec vue sur les vignes de Lavaux, les Alpes et le lac L\u00e9man.\",\"breadcrumb\":{\"@id\":\"https:\/\/caveaucorto.ch\/location\/#breadcrumb\"},\"inLanguage\":\"fr-FR\",\"potentialAction\":[{\"@type\":\"ReadAction\",\"target\":[\"https:\/\/caveaucorto.ch\/location\/\"]}]},{\"@type\":\"BreadcrumbList\",\"@id\":\"https:\/\/caveaucorto.ch\/location\/#breadcrumb\",\"itemListElement\":[{\"@type\":\"ListItem\",\"position\":1,\"name\":\"Accueil\",\"item\":\"https:\/\/caveaucorto.ch\/\"},{\"@type\":\"ListItem\",\"position\":2,\"name\":\"Location\"}]},{\"@type\":\"WebSite\",\"@id\":\"https:\/\/caveaucorto.ch\/fr\/#website\",\"url\":\"https:\/\/caveaucorto.ch\/fr\/\",\"name\":\"Le Caveau Corto \u00e0 Grandvaux\",\"description\":\"\",\"publisher\":{\"@id\":\"https:\/\/caveaucorto.ch\/fr\/#organization\"},\"potentialAction\":[{\"@type\":\"SearchAction\",\"target\":{\"@type\":\"EntryPoint\",\"urlTemplate\":\"https:\/\/caveaucorto.ch\/fr\/?s={search_term_string}\"},\"query-input\":{\"@type\":\"PropertyValueSpecification\",\"valueRequired\":true,\"valueName\":\"search_term_string\"}}],\"inLanguage\":\"fr-FR\"},{\"@type\":\"Organization\",\"@id\":\"https:\/\/caveaucorto.ch\/fr\/#organization\",\"name\":\"Caveau Corto\",\"url\":\"https:\/\/caveaucorto.ch\/fr\/\",\"logo\":{\"@type\":\"ImageObject\",\"inLanguage\":\"fr-FR\",\"@id\":\"https:\/\/caveaucorto.ch\/fr\/#\/schema\/logo\/image\/\",\"url\":\"https:\/\/caveaucorto.ch\/wp-content\/uploads\/2017\/11\/logo-black.png\",\"contentUrl\":\"https:\/\/caveaucorto.ch\/wp-content\/uploads\/2017\/11\/logo-black.png\",\"width\":400,\"height\":171,\"caption\":\"Caveau Corto\"},\"image\":{\"@id\":\"https:\/\/caveaucorto.ch\/fr\/#\/schema\/logo\/image\/\"},\"sameAs\":[\"https:\/\/www.facebook.com\/pages\/Caveau-De-Mont-Sur-Rolle\/165398706811172?rf=204341609608247\"]}]}<\/script>\n<!-- \/ Yoast SEO plugin. -->","yoast_head_json":{"title":"Location - Le Caveau Corto \u00e0 Grandvaux","description":"Louez le Caveau Corto pour vos \u00e9v\u00e9nements professionnels et priv\u00e9s avec vue sur les vignes de Lavaux, les Alpes et le lac L\u00e9man.","robots":{"index":"index","follow":"follow","max-snippet":"max-snippet:-1","max-image-preview":"max-image-preview:large","max-video-preview":"max-video-preview:-1"},"canonical":"https:\/\/caveaucorto.ch\/location\/","og_locale":"fr_FR","og_type":"article","og_title":"Location - Le Caveau Corto \u00e0 Grandvaux","og_description":"Louez le Caveau Corto pour vos \u00e9v\u00e9nements professionnels et priv\u00e9s avec vue sur les vignes de Lavaux, les Alpes et le lac L\u00e9man.","og_url":"https:\/\/caveaucorto.ch\/location\/","og_site_name":"Le Caveau Corto \u00e0 Grandvaux","article_publisher":"https:\/\/www.facebook.com\/pages\/Caveau-De-Mont-Sur-Rolle\/165398706811172?rf=204341609608247","article_modified_time":"2024-04-19T14:00:57+00:00","og_image":[{"width":1920,"height":1040,"url":"https:\/\/caveaucorto.ch\/wp-content\/uploads\/2018\/01\/corto-vins-soleil.jpg","type":"image\/jpeg"}],"twitter_card":"summary_large_image","twitter_misc":{"Dur\u00e9e de lecture estim\u00e9e":"3 minutes"},"schema":{"@context":"https:\/\/schema.org","@graph":[{"@type":"WebPage","@id":"https:\/\/caveaucorto.ch\/location\/","url":"https:\/\/caveaucorto.ch\/location\/","name":"Location - Le Caveau Corto \u00e0 Grandvaux","isPartOf":{"@id":"https:\/\/caveaucorto.ch\/fr\/#website"},"datePublished":"2017-11-28T14:12:26+00:00","dateModified":"2024-04-19T14:00:57+00:00","description":"Louez le Caveau Corto pour vos \u00e9v\u00e9nements professionnels et priv\u00e9s avec vue sur les vignes de Lavaux, les Alpes et le lac L\u00e9man.","breadcrumb":{"@id":"https:\/\/caveaucorto.ch\/location\/#breadcrumb"},"inLanguage":"fr-FR","potentialAction":[{"@type":"ReadAction","target":["https:\/\/caveaucorto.ch\/location\/"]}]},{"@type":"BreadcrumbList","@id":"https:\/\/caveaucorto.ch\/location\/#breadcrumb","itemListElement":[{"@type":"ListItem","position":1,"name":"Accueil","item":"https:\/\/caveaucorto.ch\/"},{"@type":"ListItem","position":2,"name":"Location"}]},{"@type":"WebSite","@id":"https:\/\/caveaucorto.ch\/fr\/#website","url":"https:\/\/caveaucorto.ch\/fr\/","name":"Le Caveau Corto \u00e0 Grandvaux","description":"","publisher":{"@id":"https:\/\/caveaucorto.ch\/fr\/#organization"},"potentialAction":[{"@type":"SearchAction","target":{"@type":"EntryPoint","urlTemplate":"https:\/\/caveaucorto.ch\/fr\/?s={search_term_string}"},"query-input":{"@type":"PropertyValueSpecification","valueRequired":true,"valueName":"search_term_string"}}],"inLanguage":"fr-FR"},{"@type":"Organization","@id":"https:\/\/caveaucorto.ch\/fr\/#organization","name":"Caveau Corto","url":"https:\/\/caveaucorto.ch\/fr\/","logo":{"@type":"ImageObject","inLanguage":"fr-FR","@id":"https:\/\/caveaucorto.ch\/fr\/#\/schema\/logo\/image\/","url":"https:\/\/caveaucorto.ch\/wp-content\/uploads\/2017\/11\/logo-black.png","contentUrl":"https:\/\/caveaucorto.ch\/wp-content\/uploads\/2017\/11\/logo-black.png","width":400,"height":171,"caption":"Caveau Corto"},"image":{"@id":"https:\/\/caveaucorto.ch\/fr\/#\/schema\/logo\/image\/"},"sameAs":["https:\/\/www.facebook.com\/pages\/Caveau-De-Mont-Sur-Rolle\/165398706811172?rf=204341609608247"]}]}},"_links":{"self":[{"href":"https:\/\/caveaucorto.ch\/fr\/wp-json\/wp\/v2\/pages\/127","targetHints":{"allow":["GET"]}}],"collection":[{"href":"https:\/\/caveaucorto.ch\/fr\/wp-json\/wp\/v2\/pages"}],"about":[{"href":"https:\/\/caveaucorto.ch\/fr\/wp-json\/wp\/v2\/types\/page"}],"author":[{"embeddable":true,"href":"https:\/\/caveaucorto.ch\/fr\/wp-json\/wp\/v2\/users\/1"}],"replies":[{"embeddable":true,"href":"https:\/\/caveaucorto.ch\/fr\/wp-json\/wp\/v2\/comments?post=127"}],"version-history":[{"count":39,"href":"https:\/\/caveaucorto.ch\/fr\/wp-json\/wp\/v2\/pages\/127\/revisions"}],"predecessor-version":[{"id":591,"href":"https:\/\/caveaucorto.ch\/fr\/wp-json\/wp\/v2\/pages\/127\/revisions\/591"}],"wp:attachment":[{"href":"https:\/\/caveaucorto.ch\/fr\/wp-json\/wp\/v2\/media?parent=127"}],"curies":[{"name":"wp","href":"https:\/\/api.w.org\/{rel}","templated":true}]}}