{"id":64,"date":"2017-11-17T10:36:55","date_gmt":"2017-11-17T09:36:55","guid":{"rendered":"https:\/\/caveaucorto.ch\/?page_id=64"},"modified":"2025-01-24T11:52:20","modified_gmt":"2025-01-24T10:52:20","slug":"vignerons","status":"publish","type":"page","link":"https:\/\/caveaucorto.ch\/en\/vignerons\/","title":{"rendered":"Winegrowers"},"content":{"rendered":"<div class=\"wpb-content-wrapper\">[mk_page_section bg_image=&#8221;https:\/\/caveaucorto.ch\/wp-content\/uploads\/2018\/01\/corto-vignerons-dos.jpg&#8221; bg_position=&#8221;center top&#8221; bg_repeat=&#8221;no-repeat&#8221; bg_stretch=&#8221;true&#8221; video_color_mask=&#8221;#000000&#8243; video_opacity=&#8221;0.3&#8243; min_height=&#8221;700&#8243; js_vertical_centered=&#8221;true&#8221; sidebar=&#8221;sidebar-1&#8243;][vc_column][mk_fancy_title tag_name=&#8221;h1&#8243; color=&#8221;#ffffff&#8221; size=&#8221;70&#8243; force_font_size=&#8221;true&#8221; size_tablet=&#8221;70&#8243; font_weight=&#8221;300&#8243; txt_transform=&#8221;none&#8221; margin_bottom=&#8221;0&#8243; font_family=&#8221;none&#8221; align=&#8221;center&#8221;]The winegrowers welcome you.[\/mk_fancy_title][mk_divider style=&#8221;thin_solid&#8221; divider_width=&#8221;custom_width&#8221; custom_width=&#8221;140&#8243; thin_single_color=&#8221;#8d121b&#8221; thickness=&#8221;3&#8243; margin_top=&#8221;0&#8243; margin_bottom=&#8221;30&#8243;][vc_row_inner][vc_column_inner width=&#8221;1\/6&#8243;][\/vc_column_inner][vc_column_inner width=&#8221;2\/3&#8243;][mk_fancy_title tag_name=&#8221;span&#8221; color=&#8221;#ffffff&#8221; size=&#8221;22&#8243; line_height=&#8221;180&#8243; txt_transform=&#8221;none&#8221; font_family=&#8221;none&#8221; align=&#8221;center&#8221;]The winegrowers of Grandvaux take turns behind the bar serving their wines for you to taste. Find out more about the producers below and take a look at the programme to see when they\u2019re at Le Caveau Corto.[\/mk_fancy_title][\/vc_column_inner][vc_column_inner width=&#8221;1\/6&#8243;][\/vc_column_inner][\/vc_row_inner][\/vc_column][\/mk_page_section][vc_row id=&#8221;presentation&#8221;][vc_column][mk_padding_divider size=&#8221;120&#8243;][mk_image src=&#8221;https:\/\/caveaucorto.ch\/wp-content\/uploads\/2018\/01\/corto-vignerons-normal.jpg&#8221; image_size=&#8221;full&#8221;][mk_padding_divider size=&#8221;60&#8243; visibility=&#8221;hidden-sm&#8221;][\/vc_column][vc_column width=&#8221;1\/2&#8243;][mk_custom_box padding_vertical=&#8221;0&#8243; padding_horizental=&#8221;0&#8243; margin_bottom=&#8221;0&#8243; min_height=&#8221;630&#8243; bg_color=&#8221;#000000&#8243; background_hov_color_style=&#8221;image&#8221; bg_hov_color=&#8221;#111111&#8243; elevation_effect=&#8221;true&#8221;][mk_image src=&#8221;https:\/\/cave-joly.ch\/wp-content\/uploads\/2015\/12\/bannerversion.jpeg&#8221;][vc_row_inner is_fullwidth_content=&#8221;false&#8221; css=&#8221;.vc_custom_1510912443999{padding-top: 40px !important;padding-right: 50px !important;padding-left: 35px !important;}&#8221;][vc_column_inner][mk_fancy_title color=&#8221;#ffffff&#8221; size=&#8221;28&#8243; font_weight=&#8221;300&#8243; txt_transform=&#8221;none&#8221; margin_bottom=&#8221;10&#8243; font_family=&#8221;none&#8221;]Cave Jacques &amp; Aur\u00e9lia Joly[\/mk_fancy_title][vc_column_text el_class=&#8221;white&#8221; css=&#8221;.vc_custom_1552324053689{margin-bottom: 0px !important;}&#8221;]Jacques and Aur\u00e9lia Joly are passionate about their wines and put their whole heart into producing them. They love chasselas, which makes up the majority of the vineyard, but also offer 5 reds including a pinot noir, a gamay and three blends. Along with a gamay and pinot noir ros\u00e9, the range also includes a pinot gris and a dessert wine. Their holiday apartment and table d\u2019h\u00f4te are popular with wine tourism enthusiasts[\/vc_column_text][mk_button dimension=&#8221;flat&#8221; icon=&#8221;mk-moon-link-4&#8243; url=&#8221;https:\/\/cave-joly.ch\/&#8221; margin_bottom=&#8221;40&#8243;]Cave Joly[\/mk_button][\/vc_column_inner][\/vc_row_inner][\/mk_custom_box][mk_padding_divider][mk_custom_box padding_vertical=&#8221;0&#8243; padding_horizental=&#8221;0&#8243; margin_bottom=&#8221;0&#8243; min_height=&#8221;630&#8243; bg_color=&#8221;#000000&#8243; background_hov_color_style=&#8221;image&#8221; bg_hov_color=&#8221;#111111&#8243; elevation_effect=&#8221;true&#8221;][mk_image src=&#8221;https:\/\/caveaucorto.ch\/wp-content\/uploads\/2019\/03\/j_t-portr_dg-josianemaherbe_203-nbt.jpg&#8221; image_size=&#8221;large&#8221;][vc_row_inner is_fullwidth_content=&#8221;false&#8221; css=&#8221;.vc_custom_1510912443999{padding-top: 40px !important;padding-right: 50px !important;padding-left: 35px !important;}&#8221;][vc_column_inner][mk_fancy_title color=&#8221;#ffffff&#8221; size=&#8221;28&#8243; font_weight=&#8221;300&#8243; txt_transform=&#8221;none&#8221; margin_bottom=&#8221;10&#8243; font_family=&#8221;none&#8221;]Domaine Gen\u00e9vaz[\/mk_fancy_title][vc_column_text el_class=&#8221;white&#8221; css=&#8221;.vc_custom_1552324085323{margin-bottom: 0px !important;}&#8221;]Chasselas, pinot noir, doral and diolinoir are the main grape varieties grown in the vineyard that Josiane Malherbe took over from her father. In addition to three chasselas, an oeil-de-perdrix ros\u00e9 and a fine pinot noir, her \u201csignature\u201d wines are the \u201cRenardeau\u201d \u2013 a blend of diolinoir, gamaret and garanoir matured in oak barrels \u2013, the Doral \u201ctradition\u201d and Doral \u201creserve\u201d, as well as a sparkling wine produced using the m\u00e9thode traditionnelle.[\/vc_column_text][mk_button dimension=&#8221;flat&#8221; icon=&#8221;mk-moon-link-4&#8243; url=&#8221;http:\/\/www.genevaz.ch\/&#8221; margin_bottom=&#8221;40&#8243;]Domaine Gen\u00e9vaz[\/mk_button][\/vc_column_inner][\/vc_row_inner][\/mk_custom_box][mk_padding_divider][mk_custom_box padding_vertical=&#8221;0&#8243; padding_horizental=&#8221;0&#8243; margin_bottom=&#8221;0&#8243; min_height=&#8221;630&#8243; bg_color=&#8221;#000000&#8243; background_hov_color_style=&#8221;image&#8221; bg_hov_color=&#8221;#111111&#8243; elevation_effect=&#8221;true&#8221;][mk_image src=&#8221;https:\/\/caveaucorto.ch\/wp-content\/uploads\/2019\/03\/nb-j_duboux_193.jpg&#8221; image_size=&#8221;large&#8221;][vc_row_inner is_fullwidth_content=&#8221;false&#8221; css=&#8221;.vc_custom_1510912443999{padding-top: 40px !important;padding-right: 50px !important;padding-left: 35px !important;}&#8221;][vc_column_inner][mk_fancy_title color=&#8221;#ffffff&#8221; size=&#8221;28&#8243; font_weight=&#8221;300&#8243; txt_transform=&#8221;none&#8221; margin_bottom=&#8221;10&#8243; font_family=&#8221;none&#8221;]Cave Duboux[\/mk_fancy_title][vc_column_text el_class=&#8221;white&#8221; css=&#8221;.vc_custom_1552324100747{margin-bottom: 0px !important;}&#8221;]The 3 chasselas used by the Duboux family delight the taste buds of lovers of this dry white grape so emblematic of Lavaux and the canton of Vaud. D\u00e9zaley Grand Cru, Villette and Epesses are also often favoured. For variety, Cave Duboux also produces a pinot gris, a gamay ros\u00e9, a pinot noir and a cabernet-sauvignon.[\/vc_column_text][mk_button dimension=&#8221;flat&#8221; icon=&#8221;mk-moon-link-4&#8243; url=&#8221;http:\/\/www.caveduboux.ch\/&#8221; margin_bottom=&#8221;40&#8243;]Cave Duboux[\/mk_button][\/vc_column_inner][\/vc_row_inner][\/mk_custom_box][mk_padding_divider][mk_custom_box padding_vertical=&#8221;0&#8243; padding_horizental=&#8221;0&#8243; margin_bottom=&#8221;0&#8243; min_height=&#8221;630&#8243; bg_color=&#8221;#000000&#8243; background_hov_color_style=&#8221;image&#8221; bg_hov_color=&#8221;#111111&#8243; elevation_effect=&#8221;true&#8221;][mk_image src=&#8221;https:\/\/caveaucorto.ch\/wp-content\/uploads\/2019\/03\/j_t-portr_dg-josianemaherbe_203-nbt.jpg&#8221; image_size=&#8221;large&#8221;][vc_row_inner is_fullwidth_content=&#8221;false&#8221; css=&#8221;.vc_custom_1510912443999{padding-top: 40px !important;padding-right: 50px !important;padding-left: 35px !important;}&#8221;][vc_column_inner][mk_fancy_title color=&#8221;#ffffff&#8221; size=&#8221;28&#8243; font_weight=&#8221;300&#8243; txt_transform=&#8221;none&#8221; margin_bottom=&#8221;10&#8243; font_family=&#8221;none&#8221;]Daniel Malherbe[\/mk_fancy_title][vc_column_text el_class=&#8221;white&#8221; css=&#8221;.vc_custom_1552324106641{margin-bottom: 0px !important;}&#8221;]Daniel Malherbe runs his own 2-hectare estate, partly in Lavaux and partly in Saillon in Valais. The wines produced under the Villette appellation include a chasselas, a pinot gris and an oeil-de-perdrix and under the AOC Valais appellation, a Saillon pinot noir.[\/vc_column_text][mk_button dimension=&#8221;flat&#8221; icon=&#8221;mk-moon-link-4&#8243; url=&#8221;mailto:daniel.malherbe@bluewin.ch&#8221; margin_bottom=&#8221;40&#8243;]\u00c9crire un mail \u00e0 Daniel Malherbe[\/mk_button][\/vc_column_inner][\/vc_row_inner][\/mk_custom_box][\/vc_column][vc_column width=&#8221;1\/2&#8243;][mk_custom_box padding_vertical=&#8221;0&#8243; padding_horizental=&#8221;0&#8243; margin_bottom=&#8221;0&#8243; min_height=&#8221;630&#8243; bg_color=&#8221;#000000&#8243; background_hov_color_style=&#8221;image&#8221; bg_hov_color=&#8221;#111111&#8243; elevation_effect=&#8221;true&#8221;][mk_image src=&#8221;https:\/\/caveaucorto.ch\/wp-content\/uploads\/2020\/01\/cave-du-vieux-pressoir-pour-site-intenret.jpg&#8221; image_size=&#8221;large&#8221;][vc_row_inner is_fullwidth_content=&#8221;false&#8221; css=&#8221;.vc_custom_1510912443999{padding-top: 40px !important;padding-right: 50px !important;padding-left: 35px !important;}&#8221;][vc_column_inner][mk_fancy_title color=&#8221;#ffffff&#8221; size=&#8221;28&#8243; font_weight=&#8221;300&#8243; txt_transform=&#8221;none&#8221; margin_bottom=&#8221;10&#8243; font_family=&#8221;none&#8221;]Cave du Vieux Pressoir[\/mk_fancy_title][vc_column_text el_class=&#8221;white&#8221; css=&#8221;.vc_custom_1552324059258{margin-bottom: 0px !important;}&#8221;]Winegrower and cellar-man, Rocco Cantoro produces 7 Lavaux AOC certified wines, produced in Epesses and Villette. His wines proudly bear the Cave du Vieux Pressoir label. His exceptional barrel aged merlot \u201cDiamant Noir\u201d and barrel aged syrah-gamaret \u201cRocoline\u201d accompany the pinot noir \u201cSensation Lavaux\u201d. The Epesses Chasselas is still pressed using the traditional 1877 wine press, after which the winery is named. Try the new chasselas \u201cD\u00e9zaley Grand cru\u201d: it\u2019s an absolute must![\/vc_column_text][mk_button dimension=&#8221;flat&#8221; icon=&#8221;mk-moon-link-4&#8243; url=&#8221;http:\/\/www.vieuxpressoir-vins.ch&#8221; margin_bottom=&#8221;40&#8243;]Cave du Vieux Pressoir[\/mk_button][\/vc_column_inner][\/vc_row_inner][\/mk_custom_box][mk_padding_divider][mk_custom_box padding_vertical=&#8221;0&#8243; padding_horizental=&#8221;0&#8243; margin_bottom=&#8221;0&#8243; min_height=&#8221;630&#8243; bg_color=&#8221;#000000&#8243; background_hov_color_style=&#8221;image&#8221; bg_hov_color=&#8221;#111111&#8243; elevation_effect=&#8221;true&#8221;][mk_image src=&#8221;https:\/\/caveaucorto.ch\/wp-content\/uploads\/2019\/04\/hug.jpeg&#8221; image_size=&#8221;large&#8221;][vc_row_inner is_fullwidth_content=&#8221;false&#8221; css=&#8221;.vc_custom_1510912443999{padding-top: 40px !important;padding-right: 50px !important;padding-left: 35px !important;}&#8221;][vc_column_inner][mk_fancy_title color=&#8221;#ffffff&#8221; size=&#8221;28&#8243; font_weight=&#8221;300&#8243; txt_transform=&#8221;none&#8221; margin_bottom=&#8221;10&#8243; font_family=&#8221;none&#8221;]Cave Hug[\/mk_fancy_title][vc_column_text el_class=&#8221;white&#8221; css=&#8221;.vc_custom_1552324073870{margin-bottom: 0px !important;}&#8221;]Emmanuel and Christine Hug grow and vinify grapes from the Chatagny and Corcelles-le-Jorat vineyards. Produced using sustainable methods, their chasselas and pinot noir have received several awards. Their specialities include a sauvignon blanc, a chardonnay and a dessert wine, as well as red wines such as a plant-robert or a merlot.[\/vc_column_text][mk_button dimension=&#8221;flat&#8221; icon=&#8221;mk-moon-link-4&#8243; url=&#8221;https:\/\/www.cavehug.ch\/&#8221; margin_bottom=&#8221;40&#8243;]Cave Hug[\/mk_button][\/vc_column_inner][\/vc_row_inner][\/mk_custom_box][mk_padding_divider][mk_custom_box padding_vertical=&#8221;0&#8243; padding_horizental=&#8221;0&#8243; margin_bottom=&#8221;0&#8243; min_height=&#8221;630&#8243; bg_color=&#8221;#000000&#8243; background_hov_color_style=&#8221;image&#8221; bg_hov_color=&#8221;#111111&#8243; elevation_effect=&#8221;true&#8221;][mk_image src=&#8221;https:\/\/caveaucorto.ch\/wp-content\/uploads\/2019\/03\/duflon.jpg&#8221; image_size=&#8221;large&#8221;][vc_row_inner is_fullwidth_content=&#8221;false&#8221; css=&#8221;.vc_custom_1510912443999{padding-top: 40px !important;padding-right: 50px !important;padding-left: 35px !important;}&#8221;][vc_column_inner][mk_fancy_title color=&#8221;#ffffff&#8221; size=&#8221;28&#8243; font_weight=&#8221;300&#8243; txt_transform=&#8221;none&#8221; margin_bottom=&#8221;10&#8243; font_family=&#8221;none&#8221;]Domaine de Cr\u00e9taz[\/mk_fancy_title][vc_column_text el_class=&#8221;white&#8221; css=&#8221;.vc_custom_1552324093570{margin-bottom: 0px !important;}&#8221;]For Jean-Pierre and Bertrand Duflon, chasselas really is the king of Vaud grape varieties, so they use it to produce 3 quality wines. They\u2019re also fond of passito dessert wines, with their gew\u00fcrztraminer \u201cl\u2019Apog\u00e9e\u201d and diolinoir \u201cP\u00e9rig\u00e9e\u201d. A pinot noir, a red blend, a pinot noir ros\u00e9, as well as Chardonnay and Sylvaner white specialities, also have a place in their winery.[\/vc_column_text][mk_button dimension=&#8221;flat&#8221; icon=&#8221;mk-moon-link-4&#8243; url=&#8221;http:\/\/www.duflon.ch\/&#8221; margin_bottom=&#8221;40&#8243;]Domaine de Cr\u00e9taz[\/mk_button][\/vc_column_inner][\/vc_row_inner][\/mk_custom_box][mk_padding_divider][mk_custom_box padding_vertical=&#8221;0&#8243; padding_horizental=&#8221;0&#8243; margin_bottom=&#8221;0&#8243; min_height=&#8221;630&#8243; bg_color=&#8221;#000000&#8243; background_hov_color_style=&#8221;image&#8221; bg_hov_color=&#8221;#111111&#8243; elevation_effect=&#8221;true&#8221;][mk_image src=&#8221;https:\/\/caveaucorto.ch\/wp-content\/uploads\/2019\/03\/bars-vivian.jpeg&#8221; image_size=&#8221;large&#8221;][vc_row_inner is_fullwidth_content=&#8221;false&#8221; css=&#8221;.vc_custom_1510912443999{padding-top: 40px !important;padding-right: 50px !important;padding-left: 35px !important;}&#8221;][vc_column_inner][mk_fancy_title color=&#8221;#ffffff&#8221; size=&#8221;28&#8243; font_weight=&#8221;300&#8243; txt_transform=&#8221;none&#8221; margin_bottom=&#8221;10&#8243; font_family=&#8221;none&#8221;]Union Vinicole de Cully[\/mk_fancy_title][vc_column_text el_class=&#8221;white&#8221; css=&#8221;.vc_custom_1552324116024{margin-bottom: 0px !important;}&#8221;]Established in 1937, the Union Vinicole de Cully is a cooperative comprising some forty independent owners and winegrowers. The vines are grown using environment-friendly \u201cintegrated production\u201d methods. The harvest is managed entirely at the locations, as is wine-making and bottling. This system allows to produce wines that each express their terroir of origin.[\/vc_column_text][mk_button dimension=&#8221;flat&#8221; icon=&#8221;mk-moon-link-4&#8243; url=&#8221;http:\/\/www.uvc.ch\/&#8221; margin_bottom=&#8221;40&#8243;]Union Vinicole de Cully[\/mk_button][\/vc_column_inner][\/vc_row_inner][\/mk_custom_box][mk_padding_divider][\/vc_column][\/vc_row]\n<\/div>","protected":false},"excerpt":{"rendered":"<p>[mk_page_section bg_image=&#8221;https:\/\/caveaucorto.ch\/wp-content\/uploads\/2018\/01\/corto-vignerons-dos.jpg&#8221; bg_position=&#8221;center top&#8221; bg_repeat=&#8221;no-repeat&#8221; bg_stretch=&#8221;true&#8221; video_color_mask=&#8221;#000000&#8243; video_opacity=&#8221;0.3&#8243; min_height=&#8221;700&#8243; js_vertical_centered=&#8221;true&#8221; sidebar=&#8221;sidebar-1&#8243;][vc_column][mk_fancy_title tag_name=&#8221;h1&#8243; color=&#8221;#ffffff&#8221; size=&#8221;70&#8243; force_font_size=&#8221;true&#8221; size_tablet=&#8221;70&#8243; font_weight=&#8221;300&#8243; txt_transform=&#8221;none&#8221; margin_bottom=&#8221;0&#8243; font_family=&#8221;none&#8221; align=&#8221;center&#8221;]The winegrowers welcome you.[\/mk_fancy_title][mk_divider style=&#8221;thin_solid&#8221; divider_width=&#8221;custom_width&#8221; custom_width=&#8221;140&#8243; thin_single_color=&#8221;#8d121b&#8221; thickness=&#8221;3&#8243; margin_top=&#8221;0&#8243; margin_bottom=&#8221;30&#8243;][vc_row_inner][vc_column_inner width=&#8221;1\/6&#8243;][\/vc_column_inner][vc_column_inner width=&#8221;2\/3&#8243;][mk_fancy_title tag_name=&#8221;span&#8221; color=&#8221;#ffffff&#8221; size=&#8221;22&#8243; line_height=&#8221;180&#8243; txt_transform=&#8221;none&#8221; font_family=&#8221;none&#8221; align=&#8221;center&#8221;]The winegrowers of Grandvaux take turns behind the bar serving their wines for you to taste. [&hellip;]<\/p>\n","protected":false},"author":1,"featured_media":0,"parent":0,"menu_order":0,"comment_status":"closed","ping_status":"closed","template":"","meta":{"footnotes":""},"class_list":["post-64","page","type-page","status-publish","hentry"],"yoast_head":"<!-- This site is optimized with the Yoast SEO plugin v26.7 - https:\/\/yoast.com\/wordpress\/plugins\/seo\/ -->\n<title>Winegrowers - Le Caveau Corto \u00e0 Grandvaux<\/title>\n<meta name=\"description\" content=\"Chaque semaine au Caveau Corto, l&#039;un des 12 vignerons passe derri\u00e8re le bar pour vous faire d\u00e9couvrir ses vins. D\u00e9couvrez ces 12 producteurs.\" \/>\n<meta name=\"robots\" content=\"index, follow, max-snippet:-1, max-image-preview:large, max-video-preview:-1\" \/>\n<link rel=\"canonical\" href=\"https:\/\/caveaucorto.ch\/vignerons\/\" \/>\n<meta property=\"og:locale\" content=\"en_US\" \/>\n<meta property=\"og:type\" content=\"article\" \/>\n<meta property=\"og:title\" content=\"Winegrowers - Le Caveau Corto \u00e0 Grandvaux\" \/>\n<meta property=\"og:description\" content=\"Chaque semaine au Caveau Corto, l&#039;un des 12 vignerons passe derri\u00e8re le bar pour vous faire d\u00e9couvrir ses vins. D\u00e9couvrez ces 12 producteurs.\" \/>\n<meta property=\"og:url\" content=\"https:\/\/caveaucorto.ch\/vignerons\/\" \/>\n<meta property=\"og:site_name\" content=\"Le Caveau Corto \u00e0 Grandvaux\" \/>\n<meta property=\"article:publisher\" content=\"https:\/\/www.facebook.com\/pages\/Caveau-De-Mont-Sur-Rolle\/165398706811172?rf=204341609608247\" \/>\n<meta property=\"article:modified_time\" content=\"2025-01-24T10:52:20+00:00\" \/>\n<meta property=\"og:image\" content=\"https:\/\/caveaucorto.ch\/wp-content\/uploads\/2018\/01\/corto-vins-soleil.jpg\" \/>\n\t<meta property=\"og:image:width\" content=\"1920\" \/>\n\t<meta property=\"og:image:height\" content=\"1040\" \/>\n\t<meta property=\"og:image:type\" content=\"image\/jpeg\" \/>\n<meta name=\"twitter:card\" content=\"summary_large_image\" \/>\n<meta name=\"twitter:label1\" content=\"Est. reading time\" \/>\n\t<meta name=\"twitter:data1\" content=\"6 minutes\" \/>\n<script type=\"application\/ld+json\" class=\"yoast-schema-graph\">{\"@context\":\"https:\/\/schema.org\",\"@graph\":[{\"@type\":\"WebPage\",\"@id\":\"https:\/\/caveaucorto.ch\/vignerons\/\",\"url\":\"https:\/\/caveaucorto.ch\/vignerons\/\",\"name\":\"Winegrowers - Le Caveau Corto \u00e0 Grandvaux\",\"isPartOf\":{\"@id\":\"https:\/\/caveaucorto.ch\/fr\/#website\"},\"datePublished\":\"2017-11-17T09:36:55+00:00\",\"dateModified\":\"2025-01-24T10:52:20+00:00\",\"description\":\"Chaque semaine au Caveau Corto, l'un des 12 vignerons passe derri\u00e8re le bar pour vous faire d\u00e9couvrir ses vins. D\u00e9couvrez ces 12 producteurs.\",\"breadcrumb\":{\"@id\":\"https:\/\/caveaucorto.ch\/vignerons\/#breadcrumb\"},\"inLanguage\":\"en-US\",\"potentialAction\":[{\"@type\":\"ReadAction\",\"target\":[\"https:\/\/caveaucorto.ch\/vignerons\/\"]}]},{\"@type\":\"BreadcrumbList\",\"@id\":\"https:\/\/caveaucorto.ch\/vignerons\/#breadcrumb\",\"itemListElement\":[{\"@type\":\"ListItem\",\"position\":1,\"name\":\"Accueil\",\"item\":\"https:\/\/caveaucorto.ch\/\"},{\"@type\":\"ListItem\",\"position\":2,\"name\":\"Vignerons\"}]},{\"@type\":\"WebSite\",\"@id\":\"https:\/\/caveaucorto.ch\/fr\/#website\",\"url\":\"https:\/\/caveaucorto.ch\/fr\/\",\"name\":\"Le Caveau Corto \u00e0 Grandvaux\",\"description\":\"\",\"publisher\":{\"@id\":\"https:\/\/caveaucorto.ch\/fr\/#organization\"},\"potentialAction\":[{\"@type\":\"SearchAction\",\"target\":{\"@type\":\"EntryPoint\",\"urlTemplate\":\"https:\/\/caveaucorto.ch\/fr\/?s={search_term_string}\"},\"query-input\":{\"@type\":\"PropertyValueSpecification\",\"valueRequired\":true,\"valueName\":\"search_term_string\"}}],\"inLanguage\":\"en-US\"},{\"@type\":\"Organization\",\"@id\":\"https:\/\/caveaucorto.ch\/fr\/#organization\",\"name\":\"Caveau Corto\",\"url\":\"https:\/\/caveaucorto.ch\/fr\/\",\"logo\":{\"@type\":\"ImageObject\",\"inLanguage\":\"en-US\",\"@id\":\"https:\/\/caveaucorto.ch\/fr\/#\/schema\/logo\/image\/\",\"url\":\"https:\/\/caveaucorto.ch\/wp-content\/uploads\/2017\/11\/logo-black.png\",\"contentUrl\":\"https:\/\/caveaucorto.ch\/wp-content\/uploads\/2017\/11\/logo-black.png\",\"width\":400,\"height\":171,\"caption\":\"Caveau Corto\"},\"image\":{\"@id\":\"https:\/\/caveaucorto.ch\/fr\/#\/schema\/logo\/image\/\"},\"sameAs\":[\"https:\/\/www.facebook.com\/pages\/Caveau-De-Mont-Sur-Rolle\/165398706811172?rf=204341609608247\"]}]}<\/script>\n<!-- \/ Yoast SEO plugin. -->","yoast_head_json":{"title":"Winegrowers - Le Caveau Corto \u00e0 Grandvaux","description":"Chaque semaine au Caveau Corto, l'un des 12 vignerons passe derri\u00e8re le bar pour vous faire d\u00e9couvrir ses vins. D\u00e9couvrez ces 12 producteurs.","robots":{"index":"index","follow":"follow","max-snippet":"max-snippet:-1","max-image-preview":"max-image-preview:large","max-video-preview":"max-video-preview:-1"},"canonical":"https:\/\/caveaucorto.ch\/vignerons\/","og_locale":"en_US","og_type":"article","og_title":"Winegrowers - Le Caveau Corto \u00e0 Grandvaux","og_description":"Chaque semaine au Caveau Corto, l'un des 12 vignerons passe derri\u00e8re le bar pour vous faire d\u00e9couvrir ses vins. D\u00e9couvrez ces 12 producteurs.","og_url":"https:\/\/caveaucorto.ch\/vignerons\/","og_site_name":"Le Caveau Corto \u00e0 Grandvaux","article_publisher":"https:\/\/www.facebook.com\/pages\/Caveau-De-Mont-Sur-Rolle\/165398706811172?rf=204341609608247","article_modified_time":"2025-01-24T10:52:20+00:00","og_image":[{"width":1920,"height":1040,"url":"https:\/\/caveaucorto.ch\/wp-content\/uploads\/2018\/01\/corto-vins-soleil.jpg","type":"image\/jpeg"}],"twitter_card":"summary_large_image","twitter_misc":{"Est. reading time":"6 minutes"},"schema":{"@context":"https:\/\/schema.org","@graph":[{"@type":"WebPage","@id":"https:\/\/caveaucorto.ch\/vignerons\/","url":"https:\/\/caveaucorto.ch\/vignerons\/","name":"Winegrowers - Le Caveau Corto \u00e0 Grandvaux","isPartOf":{"@id":"https:\/\/caveaucorto.ch\/fr\/#website"},"datePublished":"2017-11-17T09:36:55+00:00","dateModified":"2025-01-24T10:52:20+00:00","description":"Chaque semaine au Caveau Corto, l'un des 12 vignerons passe derri\u00e8re le bar pour vous faire d\u00e9couvrir ses vins. D\u00e9couvrez ces 12 producteurs.","breadcrumb":{"@id":"https:\/\/caveaucorto.ch\/vignerons\/#breadcrumb"},"inLanguage":"en-US","potentialAction":[{"@type":"ReadAction","target":["https:\/\/caveaucorto.ch\/vignerons\/"]}]},{"@type":"BreadcrumbList","@id":"https:\/\/caveaucorto.ch\/vignerons\/#breadcrumb","itemListElement":[{"@type":"ListItem","position":1,"name":"Accueil","item":"https:\/\/caveaucorto.ch\/"},{"@type":"ListItem","position":2,"name":"Vignerons"}]},{"@type":"WebSite","@id":"https:\/\/caveaucorto.ch\/fr\/#website","url":"https:\/\/caveaucorto.ch\/fr\/","name":"Le Caveau Corto \u00e0 Grandvaux","description":"","publisher":{"@id":"https:\/\/caveaucorto.ch\/fr\/#organization"},"potentialAction":[{"@type":"SearchAction","target":{"@type":"EntryPoint","urlTemplate":"https:\/\/caveaucorto.ch\/fr\/?s={search_term_string}"},"query-input":{"@type":"PropertyValueSpecification","valueRequired":true,"valueName":"search_term_string"}}],"inLanguage":"en-US"},{"@type":"Organization","@id":"https:\/\/caveaucorto.ch\/fr\/#organization","name":"Caveau Corto","url":"https:\/\/caveaucorto.ch\/fr\/","logo":{"@type":"ImageObject","inLanguage":"en-US","@id":"https:\/\/caveaucorto.ch\/fr\/#\/schema\/logo\/image\/","url":"https:\/\/caveaucorto.ch\/wp-content\/uploads\/2017\/11\/logo-black.png","contentUrl":"https:\/\/caveaucorto.ch\/wp-content\/uploads\/2017\/11\/logo-black.png","width":400,"height":171,"caption":"Caveau Corto"},"image":{"@id":"https:\/\/caveaucorto.ch\/fr\/#\/schema\/logo\/image\/"},"sameAs":["https:\/\/www.facebook.com\/pages\/Caveau-De-Mont-Sur-Rolle\/165398706811172?rf=204341609608247"]}]}},"_links":{"self":[{"href":"https:\/\/caveaucorto.ch\/en\/wp-json\/wp\/v2\/pages\/64","targetHints":{"allow":["GET"]}}],"collection":[{"href":"https:\/\/caveaucorto.ch\/en\/wp-json\/wp\/v2\/pages"}],"about":[{"href":"https:\/\/caveaucorto.ch\/en\/wp-json\/wp\/v2\/types\/page"}],"author":[{"embeddable":true,"href":"https:\/\/caveaucorto.ch\/en\/wp-json\/wp\/v2\/users\/1"}],"replies":[{"embeddable":true,"href":"https:\/\/caveaucorto.ch\/en\/wp-json\/wp\/v2\/comments?post=64"}],"version-history":[{"count":57,"href":"https:\/\/caveaucorto.ch\/en\/wp-json\/wp\/v2\/pages\/64\/revisions"}],"predecessor-version":[{"id":607,"href":"https:\/\/caveaucorto.ch\/en\/wp-json\/wp\/v2\/pages\/64\/revisions\/607"}],"wp:attachment":[{"href":"https:\/\/caveaucorto.ch\/en\/wp-json\/wp\/v2\/media?parent=64"}],"curies":[{"name":"wp","href":"https:\/\/api.w.org\/{rel}","templated":true}]}}