{"id":25,"date":"2017-09-19T09:16:26","date_gmt":"2017-09-19T07:16:26","guid":{"rendered":"https:\/\/demos.artbees.net\/jupiter\/dionysus\/?page_id=25"},"modified":"2025-12-08T13:57:36","modified_gmt":"2025-12-08T12:57:36","slug":"agenda","status":"publish","type":"page","link":"https:\/\/caveaucorto.ch\/en\/agenda\/","title":{"rendered":"Programme"},"content":{"rendered":"<div class=\"wpb-content-wrapper\">[mk_page_section bg_image=&#8221;https:\/\/caveaucorto.ch\/wp-content\/uploads\/2018\/01\/corto-vins-soleil.jpg&#8221; bg_position=&#8221;center center&#8221; bg_repeat=&#8221;no-repeat&#8221; bg_stretch=&#8221;true&#8221; video_color_mask=&#8221;#000000&#8243; video_opacity=&#8221;0.5&#8243; min_height=&#8221;700&#8243; js_vertical_centered=&#8221;true&#8221; sidebar=&#8221;sidebar-1&#8243;][vc_column][mk_fancy_title tag_name=&#8221;h1&#8243; color=&#8221;#ffffff&#8221; size=&#8221;70&#8243; force_font_size=&#8221;true&#8221; size_tablet=&#8221;70&#8243; font_weight=&#8221;300&#8243; txt_transform=&#8221;none&#8221; margin_bottom=&#8221;0&#8243; font_family=&#8221;none&#8221; align=&#8221;center&#8221;]Check out our programme.[\/mk_fancy_title][mk_divider style=&#8221;thin_solid&#8221; divider_width=&#8221;custom_width&#8221; custom_width=&#8221;140&#8243; thin_single_color=&#8221;#8d121b&#8221; thickness=&#8221;3&#8243; margin_top=&#8221;0&#8243; margin_bottom=&#8221;30&#8243;][vc_row_inner][vc_column_inner width=&#8221;1\/6&#8243;][\/vc_column_inner][vc_column_inner width=&#8221;2\/3&#8243;][mk_fancy_title tag_name=&#8221;span&#8221; color=&#8221;#ffffff&#8221; size=&#8221;22&#8243; line_height=&#8221;180&#8243; txt_transform=&#8221;none&#8221; font_family=&#8221;none&#8221; align=&#8221;center&#8221;]Between April and October, Lavaux winegrowers take turns in serving their wines at Le Caveau Corto. These special events feature among the must-do activities of the region.[\/mk_fancy_title][\/vc_column_inner][vc_column_inner width=&#8221;1\/6&#8243;][\/vc_column_inner][\/vc_row_inner][\/vc_column][\/mk_page_section][vc_row][vc_column][mk_padding_divider size=&#8221;120&#8243;][\/vc_column][vc_column width=&#8221;1\/2&#8243;][mk_fancy_title tag_name=&#8221;h3&#8243; color=&#8221;#111111&#8243; size=&#8221;32&#8243; font_weight=&#8221;400&#8243; txt_transform=&#8221;capitalize&#8221; margin_bottom=&#8221;0&#8243; font_family=&#8221;Playfair+Display&#8221; font_type=&#8221;google&#8221;]La brisol\u00e9e et Escargots[\/mk_fancy_title][mk_fancy_title tag_name=&#8221;span&#8221; color=&#8221;#111111&#8243; size=&#8221;18&#8243; font_weight=&#8221;400&#8243; txt_transform=&#8221;none&#8221; font_family=&#8221;Playfair+Display&#8221; font_type=&#8221;google&#8221;]Every year, Le Caveau Corto invites you for a feast of escargots (last weekend in May) and a brisol\u00e9e evening, featuring this typical dish borrowed from our Valais neighbours (last weekend in October, to close the season).[\/mk_fancy_title][\/vc_column][vc_column width=&#8221;1\/2&#8243;][\/vc_column][vc_column][mk_padding_divider size=&#8221;60&#8243; visibility=&#8221;hidden-sm&#8221;][\/vc_column][\/vc_row][vc_row][vc_column width=&#8221;1\/4&#8243;][mk_fancy_title tag_name=&#8221;h3&#8243; color=&#8221;#111111&#8243; size=&#8221;32&#8243; font_weight=&#8221;400&#8243; txt_transform=&#8221;capitalize&#8221; margin_bottom=&#8221;0&#8243; font_family=&#8221;Playfair+Display&#8221; font_type=&#8221;google&#8221;]Programme of events[\/mk_fancy_title][mk_fancy_title tag_name=&#8221;span&#8221; color=&#8221;#111111&#8243; size=&#8221;18&#8243; font_weight=&#8221;400&#8243; txt_transform=&#8221;none&#8221; font_family=&#8221;Playfair+Display&#8221; font_type=&#8221;google&#8221;]This table shows the events held at Le Caveau Corto each week. Don\u2019t miss your favourite winemaker or the one you\u2019d like to find out more about. For more details about each one, click on the <a href=\"https:\/\/caveaucorto.ch\/vignerons\/\">Winegrowers<\/a> page.[\/mk_fancy_title][\/vc_column][vc_column width=&#8221;3\/4&#8243;][mk_table style=&#8221;style2&#8243;]\n<table width=\"100%\">\n<thead>\n<tr>\n<th>Du<\/th>\n<th>Au<\/th>\n<th>Qui<\/th>\n<\/tr>\n<\/thead>\n<tbody>\n<tr>\n<td>08\/04\/2026<\/td>\n<td>12\/04\/2026<\/td>\n<td>Concours Th\u00e9\u00e2tral FVJC 2026 Grandvaux<\/td>\n<\/tr>\n<tr>\n<td>17\/04\/2026<\/td>\n<td>19\/04\/2026<\/td>\n<td><strong>FERM\u00c9<\/strong><\/td>\n<\/tr>\n<tr>\n<td>24\/04\/2026<\/td>\n<td>26\/04\/2026<\/td>\n<td>Montreux Riviera<\/td>\n<\/tr>\n<tr>\n<td>01\/05\/2026<\/td>\n<td>03\/05\/2026<\/td>\n<td>Domaine de Cr\u00e9taz \/ J.-Pierre DUFLON<\/td>\n<\/tr>\n<tr>\n<td>08\/05\/2026<\/td>\n<td>10\/05\/2026<\/td>\n<td>Cave du Vieux Pressoir \/ R. CANTORO<\/td>\n<\/tr>\n<tr>\n<td>14\/05\/2026<\/td>\n<td>17\/05\/2026<\/td>\n<td>Cave DUBOUX<\/td>\n<\/tr>\n<tr>\n<td>22\/05\/2026<\/td>\n<td>25\/05\/2026<\/td>\n<td>Domaine de Cr\u00e9taz \/ J.-Pierre DUFLON<\/td>\n<\/tr>\n<tr>\n<td>29\/05\/2026<\/td>\n<td>31\/05\/2026<\/td>\n<td><strong>FESTIN D\u2019ESCARGOTS<\/strong><\/td>\n<\/tr>\n<tr>\n<td>05\/06\/2026<\/td>\n<td>07\/06\/2026<\/td>\n<td>Union Vinicole Cully<\/td>\n<\/tr>\n<tr>\n<td>12\/06\/2026<\/td>\n<td>14\/06\/2026<\/td>\n<td>Corcelles-le-Jorat \/ Emmanuel HUG<\/td>\n<\/tr>\n<tr>\n<td>19\/06\/2026<\/td>\n<td>21\/06\/2026<\/td>\n<td>Josiane MALHERBE<\/td>\n<\/tr>\n<tr>\n<td>26\/06\/2026<\/td>\n<td>28\/06\/2026<\/td>\n<td>Cave du Vieux Pressoir \/ R. CANTORO<\/td>\n<\/tr>\n<tr>\n<td>03\/07\/2026<\/td>\n<td>05\/07\/2026<\/td>\n<td>Aur\u00e9lia &amp; Jacques JOLY<\/td>\n<\/tr>\n<tr>\n<td>10\/07\/2026<\/td>\n<td>12\/07\/2026<\/td>\n<td>Domaine de la Crausaz \/ Dizerens J&amp;M<\/td>\n<\/tr>\n<tr>\n<td>17\/07\/2026<\/td>\n<td>19\/07\/2026<\/td>\n<td>Cave DUBOUX<\/td>\n<\/tr>\n<tr>\n<td>24\/07\/2026<\/td>\n<td>26\/07\/2026<\/td>\n<td>Aur\u00e9lia &amp; Jacques JOLY<\/td>\n<\/tr>\n<tr>\n<td>31\/07\/2026<\/td>\n<td>02\/08\/2026<\/td>\n<td>Union Vinicole Cully<\/td>\n<\/tr>\n<tr>\n<td>07\/08\/2026<\/td>\n<td>09\/08\/2026<\/td>\n<td>Corcelles-le-Jorat \/ Emmanuel HUG<\/td>\n<\/tr>\n<tr>\n<td>14\/08\/2026<\/td>\n<td>16\/08\/2026<\/td>\n<td>Josiane MALHERBE<\/td>\n<\/tr>\n<tr>\n<td>21\/08\/2026<\/td>\n<td>23\/08\/2026<\/td>\n<td>Les Amis du caveau \u2013 Famille Delessert<\/td>\n<\/tr>\n<tr>\n<td>28\/08\/2026<\/td>\n<td>30\/08\/2026<\/td>\n<td>Domaine de Cr\u00e9taz \/ J.-Pierre DUFLON<\/td>\n<\/tr>\n<tr>\n<td>04\/09\/2026<\/td>\n<td>06\/09\/2026<\/td>\n<td>Domaine de la Crausaz \/ Dizerens J&amp;M<\/td>\n<\/tr>\n<tr>\n<td>11\/09\/2026<\/td>\n<td>13\/09\/2026<\/td>\n<td>Union Vinicole Cully<\/td>\n<\/tr>\n<tr>\n<td>18\/09\/2026<\/td>\n<td>21\/09\/2026<\/td>\n<td>Les Amis du caveau \u2013 Famille Delessert<\/td>\n<\/tr>\n<tr>\n<td>25\/09\/2026<\/td>\n<td>27\/09\/2026<\/td>\n<td>Jeunesse de Grandvaux<\/td>\n<\/tr>\n<tr>\n<td>02\/10\/2026<\/td>\n<td>04\/10\/2026<\/td>\n<td>Les Amis du caveau \u2013 Mme Mermod<\/td>\n<\/tr>\n<tr>\n<td>09\/10\/2026<\/td>\n<td>11\/10\/2026<\/td>\n<td>Aur\u00e9lia &amp; Jacques JOLY<\/td>\n<\/tr>\n<tr>\n<td>16\/10\/2026<\/td>\n<td>18\/10\/2026<\/td>\n<td>Lausanne Tourisme Capitale Olympique<\/td>\n<\/tr>\n<tr>\n<td>23\/10\/2026<\/td>\n<td>25\/10\/2026<\/td>\n<td><strong>BRISOLEE<\/strong><\/td>\n<\/tr>\n<\/tbody>\n<\/table>\n[\/mk_table][\/vc_column][\/vc_row][vc_row visibility=&#8221;hidden-sm&#8221;][vc_column][mk_padding_divider size=&#8221;120&#8243; visibility=&#8221;hidden-sm&#8221;][mk_custom_box padding_vertical=&#8221;80&#8243; padding_horizental=&#8221;80&#8243; margin_bottom=&#8221;0&#8243; bg_color=&#8221;#000000&#8243; elevation_effect=&#8221;true&#8221; elevation_effect_distance=&#8221;3&#8243;][vc_row_inner][vc_column_inner width=&#8221;2\/12&#8243;][\/vc_column_inner][vc_column_inner width=&#8221;10\/12&#8243;][mk_fancy_title color=&#8221;#ffffff&#8221; size=&#8221;52&#8243; force_font_size=&#8221;true&#8221; size_tablet=&#8221;30&#8243; font_weight=&#8221;300&#8243; txt_transform=&#8221;none&#8221; font_family=&#8221;none&#8221;]Opening Times[\/mk_fancy_title][mk_fancy_title tag_name=&#8221;span&#8221; color=&#8221;#ffffff&#8221; size=&#8221;24&#8243; force_font_size=&#8221;true&#8221; size_tablet=&#8221;20&#8243; line_height=&#8221;180&#8243; font_weight=&#8221;300&#8243; txt_transform=&#8221;none&#8221; margin_bottom=&#8221;0&#8243; font_family=&#8221;none&#8221; responsive_align=&#8221;left&#8221;]Le Caveau Corto is open every weekend<br \/>\nfrom April to October.<\/p>\n<p>Friday from 5 to 9 p.m.<br \/>\nSaturday from 4 to 9 p.m.<br \/>\nSunday from 4 to 9 p.m.[\/mk_fancy_title][\/vc_column_inner][\/vc_row_inner][\/mk_custom_box][mk_padding_divider size=&#8221;120&#8243; visibility=&#8221;hidden-sm&#8221;][\/vc_column][\/vc_row]\n<\/div>","protected":false},"excerpt":{"rendered":"<p>[mk_page_section bg_image=&#8221;https:\/\/caveaucorto.ch\/wp-content\/uploads\/2018\/01\/corto-vins-soleil.jpg&#8221; bg_position=&#8221;center center&#8221; bg_repeat=&#8221;no-repeat&#8221; bg_stretch=&#8221;true&#8221; video_color_mask=&#8221;#000000&#8243; video_opacity=&#8221;0.5&#8243; min_height=&#8221;700&#8243; js_vertical_centered=&#8221;true&#8221; sidebar=&#8221;sidebar-1&#8243;][vc_column][mk_fancy_title tag_name=&#8221;h1&#8243; color=&#8221;#ffffff&#8221; size=&#8221;70&#8243; force_font_size=&#8221;true&#8221; size_tablet=&#8221;70&#8243; font_weight=&#8221;300&#8243; txt_transform=&#8221;none&#8221; margin_bottom=&#8221;0&#8243; font_family=&#8221;none&#8221; align=&#8221;center&#8221;]Check out our programme.[\/mk_fancy_title][mk_divider style=&#8221;thin_solid&#8221; divider_width=&#8221;custom_width&#8221; custom_width=&#8221;140&#8243; thin_single_color=&#8221;#8d121b&#8221; thickness=&#8221;3&#8243; margin_top=&#8221;0&#8243; margin_bottom=&#8221;30&#8243;][vc_row_inner][vc_column_inner width=&#8221;1\/6&#8243;][\/vc_column_inner][vc_column_inner width=&#8221;2\/3&#8243;][mk_fancy_title tag_name=&#8221;span&#8221; color=&#8221;#ffffff&#8221; size=&#8221;22&#8243; line_height=&#8221;180&#8243; txt_transform=&#8221;none&#8221; font_family=&#8221;none&#8221; align=&#8221;center&#8221;]Between April and October, Lavaux winegrowers take turns in serving their wines at Le Caveau Corto. [&hellip;]<\/p>\n","protected":false},"author":1,"featured_media":0,"parent":0,"menu_order":0,"comment_status":"closed","ping_status":"closed","template":"","meta":{"footnotes":""},"class_list":["post-25","page","type-page","status-publish","hentry"],"yoast_head":"<!-- This site is optimized with the Yoast SEO plugin v26.7 - https:\/\/yoast.com\/wordpress\/plugins\/seo\/ -->\n<title>Programme - Le Caveau Corto \u00e0 Grandvaux<\/title>\n<meta name=\"description\" content=\"D\u00e9gustez chaque semaine des vins diff\u00e9rents, servis \u00e0 tour de r\u00f4le par les vignerons de Grandvaux.\" \/>\n<meta name=\"robots\" content=\"index, follow, max-snippet:-1, max-image-preview:large, max-video-preview:-1\" \/>\n<link rel=\"canonical\" href=\"https:\/\/caveaucorto.ch\/agenda\/\" \/>\n<meta property=\"og:locale\" content=\"en_US\" \/>\n<meta property=\"og:type\" content=\"article\" \/>\n<meta property=\"og:title\" content=\"Programme - Le Caveau Corto \u00e0 Grandvaux\" \/>\n<meta property=\"og:description\" content=\"D\u00e9gustez chaque semaine des vins diff\u00e9rents, servis \u00e0 tour de r\u00f4le par les vignerons de Grandvaux.\" \/>\n<meta property=\"og:url\" content=\"https:\/\/caveaucorto.ch\/agenda\/\" \/>\n<meta property=\"og:site_name\" content=\"Le Caveau Corto \u00e0 Grandvaux\" \/>\n<meta property=\"article:publisher\" content=\"https:\/\/www.facebook.com\/pages\/Caveau-De-Mont-Sur-Rolle\/165398706811172?rf=204341609608247\" \/>\n<meta property=\"article:modified_time\" content=\"2025-12-08T12:57:36+00:00\" \/>\n<meta property=\"og:image\" content=\"https:\/\/caveaucorto.ch\/wp-content\/uploads\/2018\/01\/corto-vins-soleil.jpg\" \/>\n\t<meta property=\"og:image:width\" content=\"1920\" \/>\n\t<meta property=\"og:image:height\" content=\"1040\" \/>\n\t<meta property=\"og:image:type\" content=\"image\/jpeg\" \/>\n<meta name=\"twitter:card\" content=\"summary_large_image\" \/>\n<meta name=\"twitter:label1\" content=\"Est. reading time\" \/>\n\t<meta name=\"twitter:data1\" content=\"3 minutes\" \/>\n<script type=\"application\/ld+json\" class=\"yoast-schema-graph\">{\"@context\":\"https:\/\/schema.org\",\"@graph\":[{\"@type\":\"WebPage\",\"@id\":\"https:\/\/caveaucorto.ch\/agenda\/\",\"url\":\"https:\/\/caveaucorto.ch\/agenda\/\",\"name\":\"Programme - Le Caveau Corto \u00e0 Grandvaux\",\"isPartOf\":{\"@id\":\"https:\/\/caveaucorto.ch\/fr\/#website\"},\"datePublished\":\"2017-09-19T07:16:26+00:00\",\"dateModified\":\"2025-12-08T12:57:36+00:00\",\"description\":\"D\u00e9gustez chaque semaine des vins diff\u00e9rents, servis \u00e0 tour de r\u00f4le par les vignerons de Grandvaux.\",\"breadcrumb\":{\"@id\":\"https:\/\/caveaucorto.ch\/agenda\/#breadcrumb\"},\"inLanguage\":\"en-US\",\"potentialAction\":[{\"@type\":\"ReadAction\",\"target\":[\"https:\/\/caveaucorto.ch\/agenda\/\"]}]},{\"@type\":\"BreadcrumbList\",\"@id\":\"https:\/\/caveaucorto.ch\/agenda\/#breadcrumb\",\"itemListElement\":[{\"@type\":\"ListItem\",\"position\":1,\"name\":\"Accueil\",\"item\":\"https:\/\/caveaucorto.ch\/\"},{\"@type\":\"ListItem\",\"position\":2,\"name\":\"Agenda\"}]},{\"@type\":\"WebSite\",\"@id\":\"https:\/\/caveaucorto.ch\/fr\/#website\",\"url\":\"https:\/\/caveaucorto.ch\/fr\/\",\"name\":\"Le Caveau Corto \u00e0 Grandvaux\",\"description\":\"\",\"publisher\":{\"@id\":\"https:\/\/caveaucorto.ch\/fr\/#organization\"},\"potentialAction\":[{\"@type\":\"SearchAction\",\"target\":{\"@type\":\"EntryPoint\",\"urlTemplate\":\"https:\/\/caveaucorto.ch\/fr\/?s={search_term_string}\"},\"query-input\":{\"@type\":\"PropertyValueSpecification\",\"valueRequired\":true,\"valueName\":\"search_term_string\"}}],\"inLanguage\":\"en-US\"},{\"@type\":\"Organization\",\"@id\":\"https:\/\/caveaucorto.ch\/fr\/#organization\",\"name\":\"Caveau Corto\",\"url\":\"https:\/\/caveaucorto.ch\/fr\/\",\"logo\":{\"@type\":\"ImageObject\",\"inLanguage\":\"en-US\",\"@id\":\"https:\/\/caveaucorto.ch\/fr\/#\/schema\/logo\/image\/\",\"url\":\"https:\/\/caveaucorto.ch\/wp-content\/uploads\/2017\/11\/logo-black.png\",\"contentUrl\":\"https:\/\/caveaucorto.ch\/wp-content\/uploads\/2017\/11\/logo-black.png\",\"width\":400,\"height\":171,\"caption\":\"Caveau Corto\"},\"image\":{\"@id\":\"https:\/\/caveaucorto.ch\/fr\/#\/schema\/logo\/image\/\"},\"sameAs\":[\"https:\/\/www.facebook.com\/pages\/Caveau-De-Mont-Sur-Rolle\/165398706811172?rf=204341609608247\"]}]}<\/script>\n<!-- \/ Yoast SEO plugin. -->","yoast_head_json":{"title":"Programme - Le Caveau Corto \u00e0 Grandvaux","description":"D\u00e9gustez chaque semaine des vins diff\u00e9rents, servis \u00e0 tour de r\u00f4le par les vignerons de Grandvaux.","robots":{"index":"index","follow":"follow","max-snippet":"max-snippet:-1","max-image-preview":"max-image-preview:large","max-video-preview":"max-video-preview:-1"},"canonical":"https:\/\/caveaucorto.ch\/agenda\/","og_locale":"en_US","og_type":"article","og_title":"Programme - Le Caveau Corto \u00e0 Grandvaux","og_description":"D\u00e9gustez chaque semaine des vins diff\u00e9rents, servis \u00e0 tour de r\u00f4le par les vignerons de Grandvaux.","og_url":"https:\/\/caveaucorto.ch\/agenda\/","og_site_name":"Le Caveau Corto \u00e0 Grandvaux","article_publisher":"https:\/\/www.facebook.com\/pages\/Caveau-De-Mont-Sur-Rolle\/165398706811172?rf=204341609608247","article_modified_time":"2025-12-08T12:57:36+00:00","og_image":[{"width":1920,"height":1040,"url":"https:\/\/caveaucorto.ch\/wp-content\/uploads\/2018\/01\/corto-vins-soleil.jpg","type":"image\/jpeg"}],"twitter_card":"summary_large_image","twitter_misc":{"Est. reading time":"3 minutes"},"schema":{"@context":"https:\/\/schema.org","@graph":[{"@type":"WebPage","@id":"https:\/\/caveaucorto.ch\/agenda\/","url":"https:\/\/caveaucorto.ch\/agenda\/","name":"Programme - Le Caveau Corto \u00e0 Grandvaux","isPartOf":{"@id":"https:\/\/caveaucorto.ch\/fr\/#website"},"datePublished":"2017-09-19T07:16:26+00:00","dateModified":"2025-12-08T12:57:36+00:00","description":"D\u00e9gustez chaque semaine des vins diff\u00e9rents, servis \u00e0 tour de r\u00f4le par les vignerons de Grandvaux.","breadcrumb":{"@id":"https:\/\/caveaucorto.ch\/agenda\/#breadcrumb"},"inLanguage":"en-US","potentialAction":[{"@type":"ReadAction","target":["https:\/\/caveaucorto.ch\/agenda\/"]}]},{"@type":"BreadcrumbList","@id":"https:\/\/caveaucorto.ch\/agenda\/#breadcrumb","itemListElement":[{"@type":"ListItem","position":1,"name":"Accueil","item":"https:\/\/caveaucorto.ch\/"},{"@type":"ListItem","position":2,"name":"Agenda"}]},{"@type":"WebSite","@id":"https:\/\/caveaucorto.ch\/fr\/#website","url":"https:\/\/caveaucorto.ch\/fr\/","name":"Le Caveau Corto \u00e0 Grandvaux","description":"","publisher":{"@id":"https:\/\/caveaucorto.ch\/fr\/#organization"},"potentialAction":[{"@type":"SearchAction","target":{"@type":"EntryPoint","urlTemplate":"https:\/\/caveaucorto.ch\/fr\/?s={search_term_string}"},"query-input":{"@type":"PropertyValueSpecification","valueRequired":true,"valueName":"search_term_string"}}],"inLanguage":"en-US"},{"@type":"Organization","@id":"https:\/\/caveaucorto.ch\/fr\/#organization","name":"Caveau Corto","url":"https:\/\/caveaucorto.ch\/fr\/","logo":{"@type":"ImageObject","inLanguage":"en-US","@id":"https:\/\/caveaucorto.ch\/fr\/#\/schema\/logo\/image\/","url":"https:\/\/caveaucorto.ch\/wp-content\/uploads\/2017\/11\/logo-black.png","contentUrl":"https:\/\/caveaucorto.ch\/wp-content\/uploads\/2017\/11\/logo-black.png","width":400,"height":171,"caption":"Caveau Corto"},"image":{"@id":"https:\/\/caveaucorto.ch\/fr\/#\/schema\/logo\/image\/"},"sameAs":["https:\/\/www.facebook.com\/pages\/Caveau-De-Mont-Sur-Rolle\/165398706811172?rf=204341609608247"]}]}},"_links":{"self":[{"href":"https:\/\/caveaucorto.ch\/en\/wp-json\/wp\/v2\/pages\/25","targetHints":{"allow":["GET"]}}],"collection":[{"href":"https:\/\/caveaucorto.ch\/en\/wp-json\/wp\/v2\/pages"}],"about":[{"href":"https:\/\/caveaucorto.ch\/en\/wp-json\/wp\/v2\/types\/page"}],"author":[{"embeddable":true,"href":"https:\/\/caveaucorto.ch\/en\/wp-json\/wp\/v2\/users\/1"}],"replies":[{"embeddable":true,"href":"https:\/\/caveaucorto.ch\/en\/wp-json\/wp\/v2\/comments?post=25"}],"version-history":[{"count":55,"href":"https:\/\/caveaucorto.ch\/en\/wp-json\/wp\/v2\/pages\/25\/revisions"}],"predecessor-version":[{"id":627,"href":"https:\/\/caveaucorto.ch\/en\/wp-json\/wp\/v2\/pages\/25\/revisions\/627"}],"wp:attachment":[{"href":"https:\/\/caveaucorto.ch\/en\/wp-json\/wp\/v2\/media?parent=25"}],"curies":[{"name":"wp","href":"https:\/\/api.w.org\/{rel}","templated":true}]}}