{"id":117,"date":"2017-11-28T14:40:56","date_gmt":"2017-11-28T13:40:56","guid":{"rendered":"https:\/\/caveaucorto.ch\/?page_id=117"},"modified":"2024-04-03T18:26:39","modified_gmt":"2024-04-03T16:26:39","slug":"concept","status":"publish","type":"page","link":"https:\/\/caveaucorto.ch\/en\/concept\/","title":{"rendered":"Concept"},"content":{"rendered":"<div class=\"wpb-content-wrapper\">[mk_page_section bg_image=&#8221;https:\/\/caveaucorto.ch\/wp-content\/uploads\/2018\/01\/corto-terasse-vue.jpg&#8221; bg_position=&#8221;center center&#8221; bg_repeat=&#8221;no-repeat&#8221; bg_stretch=&#8221;true&#8221; video_color_mask=&#8221;#000000&#8243; video_opacity=&#8221;0.2&#8243; min_height=&#8221;700&#8243; js_vertical_centered=&#8221;true&#8221; sidebar=&#8221;sidebar-1&#8243;][vc_column][mk_fancy_title tag_name=&#8221;h1&#8243; color=&#8221;#ffffff&#8221; size=&#8221;70&#8243; force_font_size=&#8221;true&#8221; size_tablet=&#8221;70&#8243; font_weight=&#8221;300&#8243; txt_transform=&#8221;none&#8221; margin_bottom=&#8221;0&#8243; font_family=&#8221;none&#8221; align=&#8221;center&#8221;]More than a winery.[\/mk_fancy_title][mk_divider style=&#8221;thin_solid&#8221; divider_width=&#8221;custom_width&#8221; custom_width=&#8221;140&#8243; thin_single_color=&#8221;#8d121b&#8221; thickness=&#8221;3&#8243; margin_top=&#8221;0&#8243; margin_bottom=&#8221;30&#8243;][vc_row_inner][vc_column_inner width=&#8221;1\/6&#8243;][\/vc_column_inner][vc_column_inner width=&#8221;2\/3&#8243;][mk_fancy_title tag_name=&#8221;span&#8221; color=&#8221;#ffffff&#8221; size=&#8221;22&#8243; line_height=&#8221;180&#8243; txt_transform=&#8221;none&#8221; font_family=&#8221;none&#8221; align=&#8221;center&#8221;]It\u2019s a modern airy venue, with lots of windows so you can fully appreciate the stunning UNESCO-listed Lavaux scenery, where Grandvaux winegrowers serve their wines and share their passion with you. There\u2019s also a permanent exhibition dedicated to Corto Maltese as a homage to Hugo Pratt.[\/mk_fancy_title][\/vc_column_inner][vc_column_inner width=&#8221;1\/6&#8243;][\/vc_column_inner][\/vc_row_inner][\/vc_column][\/mk_page_section][vc_row][vc_column][mk_padding_divider size=&#8221;150&#8243;][\/vc_column][\/vc_row][vc_row][vc_column width=&#8221;1\/2&#8243;][mk_image src=&#8221;https:\/\/caveaucorto.ch\/wp-content\/uploads\/2017\/11\/corto-verres.jpg&#8221; image_size=&#8221;full&#8221;][mk_padding_divider][mk_padding_divider size=&#8221;80&#8243; visibility=&#8221;visible-tl&#8221;][mk_fancy_title tag_name=&#8221;h3&#8243; color=&#8221;#111111&#8243; size=&#8221;32&#8243; font_weight=&#8221;400&#8243; txt_transform=&#8221;capitalize&#8221; margin_bottom=&#8221;0&#8243; font_family=&#8221;Playfair+Display&#8221; font_type=&#8221;google&#8221;]Un vigneron par semaine.[\/mk_fancy_title][mk_fancy_title tag_name=&#8221;span&#8221; color=&#8221;#111111&#8243; size=&#8221;18&#8243; font_weight=&#8221;400&#8243; txt_transform=&#8221;none&#8221; margin_bottom=&#8221;10&#8243; font_family=&#8221;Playfair+Display&#8221; font_type=&#8221;google&#8221;]Every week from Friday evening to Sunday evening, between April and October, get to know one of the member winegrowers who\u2019ll serve you and explain their wines. These events are the key to the success of Le Caveau Corto, a unique venue in Grandvaux, opening the doors to the UNESCO-listed Lavaux vineyard terraces.[\/mk_fancy_title][mk_button dimension=&#8221;flat&#8221; corner_style=&#8221;rounded&#8221; size=&#8221;medium&#8221; url=&#8221;\/vignerons\/&#8221; margin_bottom=&#8221;0&#8243; margin_right=&#8221;0&#8243; bg_color=&#8221;#8d121b&#8221;]OUR WINEGROWERS[\/mk_button][\/vc_column][vc_column width=&#8221;1\/2&#8243;][mk_padding_divider][mk_fancy_title tag_name=&#8221;span&#8221; color=&#8221;#111111&#8243; size=&#8221;30&#8243; force_font_size=&#8221;true&#8221; size_phone=&#8221;25&#8243; line_height=&#8221;180&#8243; font_style=&#8221;italic&#8221; font_family=&#8221;Playfair+Display&#8221; font_type=&#8221;google&#8221; align=&#8221;center&#8221;]Soak up everything this unique venue in Grandvaux has to offer \u2013 nature, people and culture![\/mk_fancy_title][mk_padding_divider size=&#8221;120&#8243; visibility=&#8221;hidden-sm&#8221;][mk_image src=&#8221;https:\/\/caveaucorto.ch\/wp-content\/uploads\/2017\/11\/corto-terrasse.jpg&#8221; image_size=&#8221;full&#8221;][\/vc_column][\/vc_row][vc_row][vc_column][mk_padding_divider size=&#8221;150&#8243;][\/vc_column][\/vc_row][mk_page_section layout_structure=&#8221;half_left&#8221; bg_image=&#8221;https:\/\/caveaucorto.ch\/wp-content\/uploads\/2017\/11\/corto-verres-avec-vue.jpg&#8221; min_height=&#8221;900&#8243;][mk_padding_divider size=&#8221;60&#8243;][mk_fancy_title color=&#8221;#111111&#8243; size=&#8221;52&#8243; force_font_size=&#8221;true&#8221; size_tablet=&#8221;60&#8243; font_weight=&#8221;400&#8243; txt_transform=&#8221;capitalize&#8221; margin_bottom=&#8221;0&#8243; font_family=&#8221;Playfair+Display&#8221; font_type=&#8221;google&#8221;]One Wine, One Terroir.[\/mk_fancy_title][mk_padding_divider size=&#8221;30&#8243;][mk_fancy_title tag_name=&#8221;span&#8221; color=&#8221;#111111&#8243; size=&#8221;18&#8243; line_height=&#8221;180&#8243; font_family=&#8221;none&#8221;]Although Grandvaux, where Le Caveau Corto is located, is the common factor for our winegrowers, Lavaux is their real source of inspiration. They know all there is to know about these unique and diverse vineyard terraces, listed as a UNESCO world heritage site, some of them growing Villette appellation vines, others Epesses or D\u00e9zaley Grand Cru AOC.[\/mk_fancy_title][mk_fancy_title tag_name=&#8221;span&#8221; color=&#8221;#111111&#8243; size=&#8221;18&#8243; line_height=&#8221;180&#8243; font_weight=&#8221;bold&#8221; txt_transform=&#8221;none&#8221; margin_bottom=&#8221;0&#8243; font_family=&#8221;Playfair+Display&#8221; font_type=&#8221;google&#8221;]Come to one of our tasting events or buy one of our wine cases and discover the diverse yet cohesive terroir of Lavaux.[\/mk_fancy_title][mk_button dimension=&#8221;flat&#8221; corner_style=&#8221;rounded&#8221; size=&#8221;medium&#8221; url=&#8221;\/agenda\/&#8221; margin_bottom=&#8221;0&#8243; margin_right=&#8221;0&#8243; bg_color=&#8221;#8d121b&#8221;]PROGRAMME OF TASTINGS[\/mk_button][\/mk_page_section]\n<\/div>","protected":false},"excerpt":{"rendered":"<p>[mk_page_section bg_image=&#8221;https:\/\/caveaucorto.ch\/wp-content\/uploads\/2018\/01\/corto-terasse-vue.jpg&#8221; bg_position=&#8221;center center&#8221; bg_repeat=&#8221;no-repeat&#8221; bg_stretch=&#8221;true&#8221; video_color_mask=&#8221;#000000&#8243; video_opacity=&#8221;0.2&#8243; min_height=&#8221;700&#8243; js_vertical_centered=&#8221;true&#8221; sidebar=&#8221;sidebar-1&#8243;][vc_column][mk_fancy_title tag_name=&#8221;h1&#8243; color=&#8221;#ffffff&#8221; size=&#8221;70&#8243; force_font_size=&#8221;true&#8221; size_tablet=&#8221;70&#8243; font_weight=&#8221;300&#8243; txt_transform=&#8221;none&#8221; margin_bottom=&#8221;0&#8243; font_family=&#8221;none&#8221; align=&#8221;center&#8221;]More than a winery.[\/mk_fancy_title][mk_divider style=&#8221;thin_solid&#8221; divider_width=&#8221;custom_width&#8221; custom_width=&#8221;140&#8243; thin_single_color=&#8221;#8d121b&#8221; thickness=&#8221;3&#8243; margin_top=&#8221;0&#8243; margin_bottom=&#8221;30&#8243;][vc_row_inner][vc_column_inner width=&#8221;1\/6&#8243;][\/vc_column_inner][vc_column_inner width=&#8221;2\/3&#8243;][mk_fancy_title tag_name=&#8221;span&#8221; color=&#8221;#ffffff&#8221; size=&#8221;22&#8243; line_height=&#8221;180&#8243; txt_transform=&#8221;none&#8221; font_family=&#8221;none&#8221; align=&#8221;center&#8221;]It\u2019s a modern airy venue, with lots of windows so you can fully appreciate the stunning [&hellip;]<\/p>\n","protected":false},"author":1,"featured_media":0,"parent":0,"menu_order":0,"comment_status":"closed","ping_status":"closed","template":"","meta":{"footnotes":""},"class_list":["post-117","page","type-page","status-publish","hentry"],"yoast_head":"<!-- This site is optimized with the Yoast SEO plugin v27.5 - https:\/\/yoast.com\/product\/yoast-seo-wordpress\/ -->\n<title>Concept - Le Caveau Corto \u00e0 Grandvaux<\/title>\n<meta name=\"description\" content=\"Laissez-vous inspirer par ce lieu unique \u00e0 Grandvaux, qui vous fera d\u00e9couvrir les richesses naturelles, humaines et culturelles de Lavaux.\" \/>\n<meta name=\"robots\" content=\"index, follow, max-snippet:-1, max-image-preview:large, max-video-preview:-1\" \/>\n<link rel=\"canonical\" href=\"https:\/\/caveaucorto.ch\/concept\/\" \/>\n<meta property=\"og:locale\" content=\"en_US\" \/>\n<meta property=\"og:type\" content=\"article\" \/>\n<meta property=\"og:title\" content=\"Concept - Le Caveau Corto \u00e0 Grandvaux\" \/>\n<meta property=\"og:description\" content=\"Laissez-vous inspirer par ce lieu unique \u00e0 Grandvaux, qui vous fera d\u00e9couvrir les richesses naturelles, humaines et culturelles de Lavaux.\" \/>\n<meta property=\"og:url\" content=\"https:\/\/caveaucorto.ch\/concept\/\" \/>\n<meta property=\"og:site_name\" content=\"Le Caveau Corto \u00e0 Grandvaux\" \/>\n<meta property=\"article:publisher\" content=\"https:\/\/www.facebook.com\/pages\/Caveau-De-Mont-Sur-Rolle\/165398706811172?rf=204341609608247\" \/>\n<meta property=\"article:modified_time\" content=\"2024-04-03T16:26:39+00:00\" \/>\n<meta property=\"og:image\" content=\"https:\/\/caveaucorto.ch\/wp-content\/uploads\/2018\/01\/corto-vins-soleil.jpg\" \/>\n\t<meta property=\"og:image:width\" content=\"1920\" \/>\n\t<meta property=\"og:image:height\" content=\"1040\" \/>\n\t<meta property=\"og:image:type\" content=\"image\/jpeg\" \/>\n<meta name=\"twitter:card\" content=\"summary_large_image\" \/>\n<meta name=\"twitter:label1\" content=\"Est. reading time\" \/>\n\t<meta name=\"twitter:data1\" content=\"2 minutes\" \/>\n<script type=\"application\/ld+json\" class=\"yoast-schema-graph\">{\"@context\":\"https:\\\/\\\/schema.org\",\"@graph\":[{\"@type\":\"WebPage\",\"@id\":\"https:\\\/\\\/caveaucorto.ch\\\/concept\\\/\",\"url\":\"https:\\\/\\\/caveaucorto.ch\\\/concept\\\/\",\"name\":\"Concept - Le Caveau Corto \u00e0 Grandvaux\",\"isPartOf\":{\"@id\":\"https:\\\/\\\/caveaucorto.ch\\\/fr\\\/#website\"},\"datePublished\":\"2017-11-28T13:40:56+00:00\",\"dateModified\":\"2024-04-03T16:26:39+00:00\",\"description\":\"Laissez-vous inspirer par ce lieu unique \u00e0 Grandvaux, qui vous fera d\u00e9couvrir les richesses naturelles, humaines et culturelles de Lavaux.\",\"breadcrumb\":{\"@id\":\"https:\\\/\\\/caveaucorto.ch\\\/concept\\\/#breadcrumb\"},\"inLanguage\":\"en-US\",\"potentialAction\":[{\"@type\":\"ReadAction\",\"target\":[\"https:\\\/\\\/caveaucorto.ch\\\/concept\\\/\"]}]},{\"@type\":\"BreadcrumbList\",\"@id\":\"https:\\\/\\\/caveaucorto.ch\\\/concept\\\/#breadcrumb\",\"itemListElement\":[{\"@type\":\"ListItem\",\"position\":1,\"name\":\"Accueil\",\"item\":\"https:\\\/\\\/caveaucorto.ch\\\/\"},{\"@type\":\"ListItem\",\"position\":2,\"name\":\"Concept\"}]},{\"@type\":\"WebSite\",\"@id\":\"https:\\\/\\\/caveaucorto.ch\\\/fr\\\/#website\",\"url\":\"https:\\\/\\\/caveaucorto.ch\\\/fr\\\/\",\"name\":\"Le Caveau Corto \u00e0 Grandvaux\",\"description\":\"\",\"publisher\":{\"@id\":\"https:\\\/\\\/caveaucorto.ch\\\/fr\\\/#organization\"},\"potentialAction\":[{\"@type\":\"SearchAction\",\"target\":{\"@type\":\"EntryPoint\",\"urlTemplate\":\"https:\\\/\\\/caveaucorto.ch\\\/fr\\\/?s={search_term_string}\"},\"query-input\":{\"@type\":\"PropertyValueSpecification\",\"valueRequired\":true,\"valueName\":\"search_term_string\"}}],\"inLanguage\":\"en-US\"},{\"@type\":\"Organization\",\"@id\":\"https:\\\/\\\/caveaucorto.ch\\\/fr\\\/#organization\",\"name\":\"Caveau Corto\",\"url\":\"https:\\\/\\\/caveaucorto.ch\\\/fr\\\/\",\"logo\":{\"@type\":\"ImageObject\",\"inLanguage\":\"en-US\",\"@id\":\"https:\\\/\\\/caveaucorto.ch\\\/fr\\\/#\\\/schema\\\/logo\\\/image\\\/\",\"url\":\"https:\\\/\\\/caveaucorto.ch\\\/wp-content\\\/uploads\\\/2017\\\/11\\\/logo-black.png\",\"contentUrl\":\"https:\\\/\\\/caveaucorto.ch\\\/wp-content\\\/uploads\\\/2017\\\/11\\\/logo-black.png\",\"width\":400,\"height\":171,\"caption\":\"Caveau Corto\"},\"image\":{\"@id\":\"https:\\\/\\\/caveaucorto.ch\\\/fr\\\/#\\\/schema\\\/logo\\\/image\\\/\"},\"sameAs\":[\"https:\\\/\\\/www.facebook.com\\\/pages\\\/Caveau-De-Mont-Sur-Rolle\\\/165398706811172?rf=204341609608247\"]}]}<\/script>\n<!-- \/ Yoast SEO plugin. -->","yoast_head_json":{"title":"Concept - Le Caveau Corto \u00e0 Grandvaux","description":"Laissez-vous inspirer par ce lieu unique \u00e0 Grandvaux, qui vous fera d\u00e9couvrir les richesses naturelles, humaines et culturelles de Lavaux.","robots":{"index":"index","follow":"follow","max-snippet":"max-snippet:-1","max-image-preview":"max-image-preview:large","max-video-preview":"max-video-preview:-1"},"canonical":"https:\/\/caveaucorto.ch\/concept\/","og_locale":"en_US","og_type":"article","og_title":"Concept - Le Caveau Corto \u00e0 Grandvaux","og_description":"Laissez-vous inspirer par ce lieu unique \u00e0 Grandvaux, qui vous fera d\u00e9couvrir les richesses naturelles, humaines et culturelles de Lavaux.","og_url":"https:\/\/caveaucorto.ch\/concept\/","og_site_name":"Le Caveau Corto \u00e0 Grandvaux","article_publisher":"https:\/\/www.facebook.com\/pages\/Caveau-De-Mont-Sur-Rolle\/165398706811172?rf=204341609608247","article_modified_time":"2024-04-03T16:26:39+00:00","og_image":[{"width":1920,"height":1040,"url":"https:\/\/caveaucorto.ch\/wp-content\/uploads\/2018\/01\/corto-vins-soleil.jpg","type":"image\/jpeg"}],"twitter_card":"summary_large_image","twitter_misc":{"Est. reading time":"2 minutes"},"schema":{"@context":"https:\/\/schema.org","@graph":[{"@type":"WebPage","@id":"https:\/\/caveaucorto.ch\/concept\/","url":"https:\/\/caveaucorto.ch\/concept\/","name":"Concept - Le Caveau Corto \u00e0 Grandvaux","isPartOf":{"@id":"https:\/\/caveaucorto.ch\/fr\/#website"},"datePublished":"2017-11-28T13:40:56+00:00","dateModified":"2024-04-03T16:26:39+00:00","description":"Laissez-vous inspirer par ce lieu unique \u00e0 Grandvaux, qui vous fera d\u00e9couvrir les richesses naturelles, humaines et culturelles de Lavaux.","breadcrumb":{"@id":"https:\/\/caveaucorto.ch\/concept\/#breadcrumb"},"inLanguage":"en-US","potentialAction":[{"@type":"ReadAction","target":["https:\/\/caveaucorto.ch\/concept\/"]}]},{"@type":"BreadcrumbList","@id":"https:\/\/caveaucorto.ch\/concept\/#breadcrumb","itemListElement":[{"@type":"ListItem","position":1,"name":"Accueil","item":"https:\/\/caveaucorto.ch\/"},{"@type":"ListItem","position":2,"name":"Concept"}]},{"@type":"WebSite","@id":"https:\/\/caveaucorto.ch\/fr\/#website","url":"https:\/\/caveaucorto.ch\/fr\/","name":"Le Caveau Corto \u00e0 Grandvaux","description":"","publisher":{"@id":"https:\/\/caveaucorto.ch\/fr\/#organization"},"potentialAction":[{"@type":"SearchAction","target":{"@type":"EntryPoint","urlTemplate":"https:\/\/caveaucorto.ch\/fr\/?s={search_term_string}"},"query-input":{"@type":"PropertyValueSpecification","valueRequired":true,"valueName":"search_term_string"}}],"inLanguage":"en-US"},{"@type":"Organization","@id":"https:\/\/caveaucorto.ch\/fr\/#organization","name":"Caveau Corto","url":"https:\/\/caveaucorto.ch\/fr\/","logo":{"@type":"ImageObject","inLanguage":"en-US","@id":"https:\/\/caveaucorto.ch\/fr\/#\/schema\/logo\/image\/","url":"https:\/\/caveaucorto.ch\/wp-content\/uploads\/2017\/11\/logo-black.png","contentUrl":"https:\/\/caveaucorto.ch\/wp-content\/uploads\/2017\/11\/logo-black.png","width":400,"height":171,"caption":"Caveau Corto"},"image":{"@id":"https:\/\/caveaucorto.ch\/fr\/#\/schema\/logo\/image\/"},"sameAs":["https:\/\/www.facebook.com\/pages\/Caveau-De-Mont-Sur-Rolle\/165398706811172?rf=204341609608247"]}]}},"_links":{"self":[{"href":"https:\/\/caveaucorto.ch\/en\/wp-json\/wp\/v2\/pages\/117","targetHints":{"allow":["GET"]}}],"collection":[{"href":"https:\/\/caveaucorto.ch\/en\/wp-json\/wp\/v2\/pages"}],"about":[{"href":"https:\/\/caveaucorto.ch\/en\/wp-json\/wp\/v2\/types\/page"}],"author":[{"embeddable":true,"href":"https:\/\/caveaucorto.ch\/en\/wp-json\/wp\/v2\/users\/1"}],"replies":[{"embeddable":true,"href":"https:\/\/caveaucorto.ch\/en\/wp-json\/wp\/v2\/comments?post=117"}],"version-history":[{"count":26,"href":"https:\/\/caveaucorto.ch\/en\/wp-json\/wp\/v2\/pages\/117\/revisions"}],"predecessor-version":[{"id":577,"href":"https:\/\/caveaucorto.ch\/en\/wp-json\/wp\/v2\/pages\/117\/revisions\/577"}],"wp:attachment":[{"href":"https:\/\/caveaucorto.ch\/en\/wp-json\/wp\/v2\/media?parent=117"}],"curies":[{"name":"wp","href":"https:\/\/api.w.org\/{rel}","templated":true}]}}