{"id":188,"date":"2017-12-13T09:54:28","date_gmt":"2017-12-13T08:54:28","guid":{"rendered":"https:\/\/caveaucorto.ch\/?post_type=product&#038;p=188"},"modified":"2026-01-19T21:50:49","modified_gmt":"2026-01-19T20:50:49","slug":"coffret-no-1-vins-corto-maltese","status":"publish","type":"product","link":"https:\/\/caveaucorto.ch\/de\/produit\/coffret-no-1-vins-corto-maltese\/","title":{"rendered":"Coffret No 1 \/ Vins Corto Maltese"},"content":{"rendered":"","protected":false},"excerpt":{"rendered":"<p>Das originelle Geschenk f\u00fcr alle Comic-Fans und Weinliebhaber! Die Weinbauern des Caveau Corto haben alle eine Weinflasche mit einer Corto Maltese-Etikette kreiert. Jede bezieht sich auf einen Heftumschlag der neuen Corto Maltese-Ausgabe.<\/p>\n<p>Eine weitere Gelegenheit, den Vater von Corto Maltese, Hugo Pratt, zu w\u00fcrdigen, der von 1984 bis 1995 in Grandvaux lebte.<\/p>\n","protected":false},"featured_media":190,"template":"","meta":[],"product_brand":[],"product_cat":[16],"product_tag":[],"class_list":{"0":"post-188","1":"product","2":"type-product","3":"status-publish","4":"has-post-thumbnail","6":"product_cat-coffrets","8":"first","9":"instock","10":"taxable","11":"shipping-taxable","12":"purchasable","13":"product-type-simple"},"yoast_head":"<!-- This site is optimized with the Yoast SEO plugin v26.7 - https:\/\/yoast.com\/wordpress\/plugins\/seo\/ -->\n<title>Coffret de vins de Lavaux avec \u00e9tiquette Corto Maltese<\/title>\n<meta name=\"robots\" content=\"noindex, follow\" \/>\n<meta property=\"og:locale\" content=\"de_DE\" \/>\n<meta property=\"og:type\" content=\"article\" \/>\n<meta property=\"og:title\" content=\"Coffret de vins de Lavaux avec \u00e9tiquette Corto Maltese\" \/>\n<meta property=\"og:description\" content=\"[:fr]Voici un cadeau original pour tous les amateurs de BD et de vins! Les vignerons du Caveau Corto ont chacun produit une bouteille de vin avec une \u00e9tiquette d\u00e9cor\u00e9e \u00e0 l&#039;effigie de Corto Maltese. Chaque \u00e9tiquette repr\u00e9sente une couverture diff\u00e9rente des livres de la nouvelle \u00e9dition de Corto Maltese.  Une occasion suppl\u00e9mentaire pour nous de rendre hommage \u00e0 Hugo Pratt, papa de Corto Maltese, qui a v\u00e9cu \u00e0 Grandvaux de 1984 \u00e0 1995.[:de]Das originelle Geschenk f\u00fcr alle Comic-Fans und Weinliebhaber! Die Weinbauern des Caveau Corto haben alle eine Weinflasche mit einer Corto Maltese-Etikette kreiert. Jede bezieht sich auf einen Heftumschlag der neuen Corto Maltese-Ausgabe.  Eine weitere Gelegenheit, den Vater von Corto Maltese, Hugo Pratt, zu w\u00fcrdigen, der von 1984 bis 1995 in Grandvaux lebte.[:en]An original gift for all comic book and wine enthusiasts! Each of the Caveau Corto winegrowers have produced a bottle of wine with a label decorated with a picture of Corto Maltese. Each label represents a different cover of the books of the new edition of Corto Maltese.  Another opportunity for us to pay tribute to Hugo Pratt, the father of Corto Maltese, who lived in Grandvaux from 1984 to 1995.[:]\" \/>\n<meta property=\"og:url\" content=\"https:\/\/caveaucorto.ch\/produit\/coffret-no-1-vins-corto-maltese\/\" \/>\n<meta property=\"og:site_name\" content=\"Le Caveau Corto \u00e0 Grandvaux\" \/>\n<meta property=\"article:publisher\" content=\"https:\/\/www.facebook.com\/pages\/Caveau-De-Mont-Sur-Rolle\/165398706811172?rf=204341609608247\" \/>\n<meta property=\"article:modified_time\" content=\"2026-01-19T20:50:49+00:00\" \/>\n<meta property=\"og:image\" content=\"https:\/\/caveaucorto.ch\/wp-content\/uploads\/2017\/12\/caveau-corto-171121_mg_8093_1920.jpg\" \/>\n\t<meta property=\"og:image:width\" content=\"1920\" \/>\n\t<meta property=\"og:image:height\" content=\"1357\" \/>\n\t<meta property=\"og:image:type\" content=\"image\/jpeg\" \/>\n<meta name=\"twitter:card\" content=\"summary_large_image\" \/>\n<script type=\"application\/ld+json\" class=\"yoast-schema-graph\">{\"@context\":\"https:\/\/schema.org\",\"@graph\":[{\"@type\":\"WebPage\",\"@id\":\"https:\/\/caveaucorto.ch\/produit\/coffret-no-1-vins-corto-maltese\/\",\"url\":\"https:\/\/caveaucorto.ch\/produit\/coffret-no-1-vins-corto-maltese\/\",\"name\":\"Coffret de vins de Lavaux avec \u00e9tiquette Corto Maltese\",\"isPartOf\":{\"@id\":\"https:\/\/caveaucorto.ch\/fr\/#website\"},\"primaryImageOfPage\":{\"@id\":\"https:\/\/caveaucorto.ch\/produit\/coffret-no-1-vins-corto-maltese\/#primaryimage\"},\"image\":{\"@id\":\"https:\/\/caveaucorto.ch\/produit\/coffret-no-1-vins-corto-maltese\/#primaryimage\"},\"thumbnailUrl\":\"https:\/\/caveaucorto.ch\/wp-content\/uploads\/2017\/12\/caveau-corto-171121_mg_8093_1920.jpg\",\"datePublished\":\"2017-12-13T08:54:28+00:00\",\"dateModified\":\"2026-01-19T20:50:49+00:00\",\"breadcrumb\":{\"@id\":\"https:\/\/caveaucorto.ch\/produit\/coffret-no-1-vins-corto-maltese\/#breadcrumb\"},\"inLanguage\":\"de\",\"potentialAction\":[{\"@type\":\"ReadAction\",\"target\":[\"https:\/\/caveaucorto.ch\/produit\/coffret-no-1-vins-corto-maltese\/\"]}]},{\"@type\":\"ImageObject\",\"inLanguage\":\"de\",\"@id\":\"https:\/\/caveaucorto.ch\/produit\/coffret-no-1-vins-corto-maltese\/#primaryimage\",\"url\":\"https:\/\/caveaucorto.ch\/wp-content\/uploads\/2017\/12\/caveau-corto-171121_mg_8093_1920.jpg\",\"contentUrl\":\"https:\/\/caveaucorto.ch\/wp-content\/uploads\/2017\/12\/caveau-corto-171121_mg_8093_1920.jpg\",\"width\":1920,\"height\":1357},{\"@type\":\"BreadcrumbList\",\"@id\":\"https:\/\/caveaucorto.ch\/produit\/coffret-no-1-vins-corto-maltese\/#breadcrumb\",\"itemListElement\":[{\"@type\":\"ListItem\",\"position\":1,\"name\":\"Accueil\",\"item\":\"https:\/\/caveaucorto.ch\/\"},{\"@type\":\"ListItem\",\"position\":2,\"name\":\"Boutique\",\"item\":\"https:\/\/caveaucorto.ch\/boutique\/\"},{\"@type\":\"ListItem\",\"position\":3,\"name\":\"Coffret No 1 \/ Vins Corto Maltese\"}]},{\"@type\":\"WebSite\",\"@id\":\"https:\/\/caveaucorto.ch\/fr\/#website\",\"url\":\"https:\/\/caveaucorto.ch\/fr\/\",\"name\":\"Le Caveau Corto \u00e0 Grandvaux\",\"description\":\"\",\"publisher\":{\"@id\":\"https:\/\/caveaucorto.ch\/fr\/#organization\"},\"potentialAction\":[{\"@type\":\"SearchAction\",\"target\":{\"@type\":\"EntryPoint\",\"urlTemplate\":\"https:\/\/caveaucorto.ch\/fr\/?s={search_term_string}\"},\"query-input\":{\"@type\":\"PropertyValueSpecification\",\"valueRequired\":true,\"valueName\":\"search_term_string\"}}],\"inLanguage\":\"de\"},{\"@type\":\"Organization\",\"@id\":\"https:\/\/caveaucorto.ch\/fr\/#organization\",\"name\":\"Caveau Corto\",\"url\":\"https:\/\/caveaucorto.ch\/fr\/\",\"logo\":{\"@type\":\"ImageObject\",\"inLanguage\":\"de\",\"@id\":\"https:\/\/caveaucorto.ch\/fr\/#\/schema\/logo\/image\/\",\"url\":\"https:\/\/caveaucorto.ch\/wp-content\/uploads\/2017\/11\/logo-black.png\",\"contentUrl\":\"https:\/\/caveaucorto.ch\/wp-content\/uploads\/2017\/11\/logo-black.png\",\"width\":400,\"height\":171,\"caption\":\"Caveau Corto\"},\"image\":{\"@id\":\"https:\/\/caveaucorto.ch\/fr\/#\/schema\/logo\/image\/\"},\"sameAs\":[\"https:\/\/www.facebook.com\/pages\/Caveau-De-Mont-Sur-Rolle\/165398706811172?rf=204341609608247\"]}]}<\/script>\n<!-- \/ Yoast SEO plugin. -->","yoast_head_json":{"title":"Coffret de vins de Lavaux avec \u00e9tiquette Corto Maltese","robots":{"index":"noindex","follow":"follow"},"og_locale":"de_DE","og_type":"article","og_title":"Coffret de vins de Lavaux avec \u00e9tiquette Corto Maltese","og_description":"[:fr]Voici un cadeau original pour tous les amateurs de BD et de vins! Les vignerons du Caveau Corto ont chacun produit une bouteille de vin avec une \u00e9tiquette d\u00e9cor\u00e9e \u00e0 l'effigie de Corto Maltese. Chaque \u00e9tiquette repr\u00e9sente une couverture diff\u00e9rente des livres de la nouvelle \u00e9dition de Corto Maltese.  Une occasion suppl\u00e9mentaire pour nous de rendre hommage \u00e0 Hugo Pratt, papa de Corto Maltese, qui a v\u00e9cu \u00e0 Grandvaux de 1984 \u00e0 1995.[:de]Das originelle Geschenk f\u00fcr alle Comic-Fans und Weinliebhaber! Die Weinbauern des Caveau Corto haben alle eine Weinflasche mit einer Corto Maltese-Etikette kreiert. Jede bezieht sich auf einen Heftumschlag der neuen Corto Maltese-Ausgabe.  Eine weitere Gelegenheit, den Vater von Corto Maltese, Hugo Pratt, zu w\u00fcrdigen, der von 1984 bis 1995 in Grandvaux lebte.[:en]An original gift for all comic book and wine enthusiasts! Each of the Caveau Corto winegrowers have produced a bottle of wine with a label decorated with a picture of Corto Maltese. Each label represents a different cover of the books of the new edition of Corto Maltese.  Another opportunity for us to pay tribute to Hugo Pratt, the father of Corto Maltese, who lived in Grandvaux from 1984 to 1995.[:]","og_url":"https:\/\/caveaucorto.ch\/produit\/coffret-no-1-vins-corto-maltese\/","og_site_name":"Le Caveau Corto \u00e0 Grandvaux","article_publisher":"https:\/\/www.facebook.com\/pages\/Caveau-De-Mont-Sur-Rolle\/165398706811172?rf=204341609608247","article_modified_time":"2026-01-19T20:50:49+00:00","og_image":[{"width":1920,"height":1357,"url":"https:\/\/caveaucorto.ch\/wp-content\/uploads\/2017\/12\/caveau-corto-171121_mg_8093_1920.jpg","type":"image\/jpeg"}],"twitter_card":"summary_large_image","schema":{"@context":"https:\/\/schema.org","@graph":[{"@type":"WebPage","@id":"https:\/\/caveaucorto.ch\/produit\/coffret-no-1-vins-corto-maltese\/","url":"https:\/\/caveaucorto.ch\/produit\/coffret-no-1-vins-corto-maltese\/","name":"Coffret de vins de Lavaux avec \u00e9tiquette Corto Maltese","isPartOf":{"@id":"https:\/\/caveaucorto.ch\/fr\/#website"},"primaryImageOfPage":{"@id":"https:\/\/caveaucorto.ch\/produit\/coffret-no-1-vins-corto-maltese\/#primaryimage"},"image":{"@id":"https:\/\/caveaucorto.ch\/produit\/coffret-no-1-vins-corto-maltese\/#primaryimage"},"thumbnailUrl":"https:\/\/caveaucorto.ch\/wp-content\/uploads\/2017\/12\/caveau-corto-171121_mg_8093_1920.jpg","datePublished":"2017-12-13T08:54:28+00:00","dateModified":"2026-01-19T20:50:49+00:00","breadcrumb":{"@id":"https:\/\/caveaucorto.ch\/produit\/coffret-no-1-vins-corto-maltese\/#breadcrumb"},"inLanguage":"de","potentialAction":[{"@type":"ReadAction","target":["https:\/\/caveaucorto.ch\/produit\/coffret-no-1-vins-corto-maltese\/"]}]},{"@type":"ImageObject","inLanguage":"de","@id":"https:\/\/caveaucorto.ch\/produit\/coffret-no-1-vins-corto-maltese\/#primaryimage","url":"https:\/\/caveaucorto.ch\/wp-content\/uploads\/2017\/12\/caveau-corto-171121_mg_8093_1920.jpg","contentUrl":"https:\/\/caveaucorto.ch\/wp-content\/uploads\/2017\/12\/caveau-corto-171121_mg_8093_1920.jpg","width":1920,"height":1357},{"@type":"BreadcrumbList","@id":"https:\/\/caveaucorto.ch\/produit\/coffret-no-1-vins-corto-maltese\/#breadcrumb","itemListElement":[{"@type":"ListItem","position":1,"name":"Accueil","item":"https:\/\/caveaucorto.ch\/"},{"@type":"ListItem","position":2,"name":"Boutique","item":"https:\/\/caveaucorto.ch\/boutique\/"},{"@type":"ListItem","position":3,"name":"Coffret No 1 \/ Vins Corto Maltese"}]},{"@type":"WebSite","@id":"https:\/\/caveaucorto.ch\/fr\/#website","url":"https:\/\/caveaucorto.ch\/fr\/","name":"Le Caveau Corto \u00e0 Grandvaux","description":"","publisher":{"@id":"https:\/\/caveaucorto.ch\/fr\/#organization"},"potentialAction":[{"@type":"SearchAction","target":{"@type":"EntryPoint","urlTemplate":"https:\/\/caveaucorto.ch\/fr\/?s={search_term_string}"},"query-input":{"@type":"PropertyValueSpecification","valueRequired":true,"valueName":"search_term_string"}}],"inLanguage":"de"},{"@type":"Organization","@id":"https:\/\/caveaucorto.ch\/fr\/#organization","name":"Caveau Corto","url":"https:\/\/caveaucorto.ch\/fr\/","logo":{"@type":"ImageObject","inLanguage":"de","@id":"https:\/\/caveaucorto.ch\/fr\/#\/schema\/logo\/image\/","url":"https:\/\/caveaucorto.ch\/wp-content\/uploads\/2017\/11\/logo-black.png","contentUrl":"https:\/\/caveaucorto.ch\/wp-content\/uploads\/2017\/11\/logo-black.png","width":400,"height":171,"caption":"Caveau Corto"},"image":{"@id":"https:\/\/caveaucorto.ch\/fr\/#\/schema\/logo\/image\/"},"sameAs":["https:\/\/www.facebook.com\/pages\/Caveau-De-Mont-Sur-Rolle\/165398706811172?rf=204341609608247"]}]}},"_links":{"self":[{"href":"https:\/\/caveaucorto.ch\/de\/wp-json\/wp\/v2\/product\/188","targetHints":{"allow":["GET"]}}],"collection":[{"href":"https:\/\/caveaucorto.ch\/de\/wp-json\/wp\/v2\/product"}],"about":[{"href":"https:\/\/caveaucorto.ch\/de\/wp-json\/wp\/v2\/types\/product"}],"wp:featuredmedia":[{"embeddable":true,"href":"https:\/\/caveaucorto.ch\/de\/wp-json\/wp\/v2\/media\/190"}],"wp:attachment":[{"href":"https:\/\/caveaucorto.ch\/de\/wp-json\/wp\/v2\/media?parent=188"}],"wp:term":[{"taxonomy":"product_brand","embeddable":true,"href":"https:\/\/caveaucorto.ch\/de\/wp-json\/wp\/v2\/product_brand?post=188"},{"taxonomy":"product_cat","embeddable":true,"href":"https:\/\/caveaucorto.ch\/de\/wp-json\/wp\/v2\/product_cat?post=188"},{"taxonomy":"product_tag","embeddable":true,"href":"https:\/\/caveaucorto.ch\/de\/wp-json\/wp\/v2\/product_tag?post=188"}],"curies":[{"name":"wp","href":"https:\/\/api.w.org\/{rel}","templated":true}]}}