{"id":5,"date":"2017-09-12T12:38:59","date_gmt":"2017-09-12T12:38:59","guid":{"rendered":"https:\/\/demos.artbees.net\/jupiter\/dionysus\/?page_id=5"},"modified":"2025-12-08T13:59:10","modified_gmt":"2025-12-08T12:59:10","slug":"home","status":"publish","type":"page","link":"https:\/\/caveaucorto.ch\/de\/","title":{"rendered":"Home"},"content":{"rendered":"<div class=\"wpb-content-wrapper\">[mk_page_section bg_image=&#8220;https:\/\/caveaucorto.ch\/wp-content\/uploads\/2017\/11\/corto-home-1.jpg&#8220; bg_position=&#8220;center center&#8220; bg_repeat=&#8220;no-repeat&#8220; bg_stretch=&#8220;true&#8220; video_color_mask=&#8220;#000000&#8243; video_opacity=&#8220;0.2&#8243; min_height=&#8220;900&#8243; js_vertical_centered=&#8220;true&#8220; sidebar=&#8220;sidebar-1&#8243;][vc_column][mk_fancy_title tag_name=&#8220;h3&#8243; color=&#8220;#ffffff&#8220; size=&#8220;45&#8243; force_font_size=&#8220;true&#8220; size_tablet=&#8220;30&#8243; size_phone=&#8220;20&#8243; font_weight=&#8220;300&#8243; txt_transform=&#8220;none&#8220; margin_bottom=&#8220;0&#8243; font_family=&#8220;none&#8220; align=&#8220;center&#8220; el_class=&#8220;taglinehome&#8220;]Die T\u00fcre zum Weinbaugebiet Lavaux.[\/mk_fancy_title][mk_fancy_title tag_name=&#8220;h1&#8243; color=&#8220;#ffffff&#8220; size=&#8220;100&#8243; force_font_size=&#8220;true&#8220; size_tablet=&#8220;70&#8243; font_weight=&#8220;300&#8243; txt_transform=&#8220;none&#8220; margin_bottom=&#8220;0&#8243; font_family=&#8220;none&#8220; align=&#8220;center&#8220;]Caveau Corto[\/mk_fancy_title][mk_divider style=&#8220;thin_solid&#8220; divider_width=&#8220;custom_width&#8220; custom_width=&#8220;140&#8243; thin_single_color=&#8220;#8d121b&#8220; thickness=&#8220;3&#8243; margin_top=&#8220;0&#8243; margin_bottom=&#8220;30&#8243;][vc_row_inner][vc_column_inner width=&#8220;1\/6&#8243;][\/vc_column_inner][vc_column_inner width=&#8220;2\/3&#8243;][mk_fancy_title tag_name=&#8220;span&#8220; color=&#8220;#ffffff&#8220; size=&#8220;22&#8243; line_height=&#8220;180&#8243; txt_transform=&#8220;none&#8220; margin_bottom=&#8220;00&#8243; font_family=&#8220;none&#8220; align=&#8220;center&#8220;]Der Weinkeller Caveau Corto in Grandvaux (Bourg-en-Lavaux) l\u00e4dt Sie ein, den Waadtl\u00e4nder Wein der Winzer aus dem Lavaux kennenzulernen, die als UNESCO Welterbe ausgezeichneten terrassierten Weinberge zu bestaunen oder ganz einfach einige sch\u00f6ne Momente unter Freunden zu geniessen.[\/mk_fancy_title][\/vc_column_inner][vc_column_inner width=&#8220;1\/6&#8243;][\/vc_column_inner][\/vc_row_inner][mk_button dimension=&#8220;flat&#8220; corner_style=&#8220;rounded&#8220; size=&#8220;medium&#8220; url=&#8220;\/concept\/&#8220; align=&#8220;center&#8220; margin_bottom=&#8220;0&#8243; margin_right=&#8220;0&#8243; bg_color=&#8220;#8d121b&#8220;]Die Standorte[\/mk_button][\/vc_column][\/mk_page_section][mk_page_section bg_image=&#8220;https:\/\/caveaucorto.ch\/wp-content\/uploads\/2017\/11\/corto-home-vignerons.jpg&#8220; bg_position=&#8220;left center&#8220; bg_repeat=&#8220;no-repeat&#8220; bg_stretch=&#8220;true&#8220; video_color_mask=&#8220;#000000&#8243; video_opacity=&#8220;0.5&#8243; min_height=&#8220;1080&#8243; js_vertical_centered=&#8220;true&#8220; sidebar=&#8220;sidebar-1&#8243;][vc_column width=&#8220;1\/3&#8243;][\/vc_column][vc_column width=&#8220;2\/3&#8243;][mk_fancy_title tag_name=&#8220;h3&#8243; color=&#8220;#ffffff&#8220; size=&#8220;45&#8243; force_font_size=&#8220;true&#8220; size_tablet=&#8220;30&#8243; size_phone=&#8220;20&#8243; font_weight=&#8220;300&#8243; txt_transform=&#8220;capitalize&#8220; margin_bottom=&#8220;0&#8243; font_family=&#8220;none&#8220; align=&#8220;right&#8220;]Degustieren. Erleben der[\/mk_fancy_title][mk_fancy_title color=&#8220;#ffffff&#8220; size=&#8220;90&#8243; force_font_size=&#8220;true&#8220; size_tablet=&#8220;70&#8243; font_weight=&#8220;300&#8243; txt_transform=&#8220;capitalize&#8220; margin_bottom=&#8220;0&#8243; font_family=&#8220;none&#8220; align=&#8220;right&#8220;]Weinbauern[\/mk_fancy_title][mk_divider style=&#8220;thin_solid&#8220; divider_width=&#8220;custom_width&#8220; custom_width=&#8220;140&#8243; align=&#8220;right&#8220; thin_single_color=&#8220;#8d121b&#8220; thickness=&#8220;3&#8243; margin_top=&#8220;0&#8243; margin_bottom=&#8220;30&#8243; visibility=&#8220;hidden-sm&#8220;][mk_padding_divider size=&#8220;60&#8243; visibility=&#8220;visible-sm&#8220;][mk_fancy_title tag_name=&#8220;span&#8220; color=&#8220;#ffffff&#8220; size=&#8220;22&#8243; line_height=&#8220;180&#8243; txt_transform=&#8220;none&#8220; margin_bottom=&#8220;0&#8243; font_family=&#8220;none&#8220; align=&#8220;right&#8220;]Der Caveau Corto wird abwechselnd von dynamischen Weinbaubetrieben bewirtschaftet, die ihre Reben in Grandvaux im Herzen der UNESCO-Weinberge des Lavaux kultivieren.[\/mk_fancy_title][mk_fancy_title tag_name=&#8220;span&#8220; color=&#8220;#ffffff&#8220; size=&#8220;18&#8243; line_height=&#8220;180&#8243; txt_transform=&#8220;none&#8220; font_family=&#8220;none&#8220; align=&#8220;right&#8220;]Degustieren Sie hier einen edlen Weissen, Roten oder Ros\u00e9 zusammen mit einem leckeren H\u00e4ppchen, w\u00e4hrend die Weinbauern Ihnen alles Wissenswerte \u00fcber ihre Passion erz\u00e4hlen.\u00a0Offen von April bis Oktober jeden Freitag, Samstag und Sonntag.[\/mk_fancy_title][mk_button dimension=&#8220;flat&#8220; corner_style=&#8220;rounded&#8220; size=&#8220;medium&#8220; url=&#8220;\/agenda\/&#8220; align=&#8220;right&#8220; margin_bottom=&#8220;0&#8243; margin_right=&#8220;0&#8243; bg_color=&#8220;#8d121b&#8220;]Agenda der Weinbauern[\/mk_button][\/vc_column][\/mk_page_section][mk_page_section bg_image=&#8220;https:\/\/caveaucorto.ch\/wp-content\/uploads\/2017\/11\/corto-home-exterieur.jpg&#8220; bg_position=&#8220;center center&#8220; bg_repeat=&#8220;no-repeat&#8220; bg_stretch=&#8220;true&#8220; video_color_mask=&#8220;#000000&#8243; video_opacity=&#8220;0.5&#8243; min_height=&#8220;1080&#8243; js_vertical_centered=&#8220;true&#8220; sidebar=&#8220;sidebar-1&#8243;][vc_column width=&#8220;2\/3&#8243;][mk_fancy_title tag_name=&#8220;h3&#8243; color=&#8220;#ffffff&#8220; size=&#8220;45&#8243; force_font_size=&#8220;true&#8220; size_tablet=&#8220;30&#8243; size_phone=&#8220;20&#8243; font_weight=&#8220;300&#8243; txt_transform=&#8220;capitalize&#8220; margin_bottom=&#8220;0&#8243; font_family=&#8220;none&#8220;]Feiern Sie hier[\/mk_fancy_title][mk_fancy_title color=&#8220;#ffffff&#8220; size=&#8220;100&#8243; force_font_size=&#8220;true&#8220; size_tablet=&#8220;70&#8243; font_weight=&#8220;300&#8243; txt_transform=&#8220;capitalize&#8220; margin_bottom=&#8220;0&#8243; font_family=&#8220;none&#8220;]Ihren Anlass[\/mk_fancy_title][mk_divider style=&#8220;thin_solid&#8220; divider_width=&#8220;custom_width&#8220; custom_width=&#8220;140&#8243; align=&#8220;left&#8220; thin_single_color=&#8220;#8d121b&#8220; thickness=&#8220;3&#8243; margin_top=&#8220;0&#8243; margin_bottom=&#8220;30&#8243; visibility=&#8220;hidden-sm&#8220;][mk_padding_divider size=&#8220;60&#8243; visibility=&#8220;visible-sm&#8220;][mk_fancy_title tag_name=&#8220;span&#8220; color=&#8220;#ffffff&#8220; size=&#8220;22&#8243; line_height=&#8220;180&#8243; txt_transform=&#8220;none&#8220; margin_bottom=&#8220;0&#8243; font_family=&#8220;none&#8220;]Ausserhalb der regul\u00e4ren \u00d6ffnungszeiten steht Ihnen der Weinkeller Caveau Corto f\u00fcr einen privaten Anlass oder einen Firmenausflug zur Verf\u00fcgung.[\/mk_fancy_title][mk_fancy_title tag_name=&#8220;span&#8220; color=&#8220;#ffffff&#8220; size=&#8220;18&#8243; line_height=&#8220;180&#8243; txt_transform=&#8220;none&#8220; font_family=&#8220;none&#8220;]Der leicht erreichbare und gut ausgestattete Weinkeller kann gemietet werden. Um die Arbeit der einheimischen Winzer zu unterst\u00fctzen, sind die Mieter gebeten, deren Weine aus Grandvaux zu konsumieren.[\/mk_fancy_title][mk_button dimension=&#8220;flat&#8220; corner_style=&#8220;rounded&#8220; size=&#8220;medium&#8220; url=&#8220;\/location\/&#8220; margin_bottom=&#8220;0&#8243; margin_right=&#8220;0&#8243; bg_color=&#8220;#8d121b&#8220;]Anfrage f\u00fcr eine Miete[\/mk_button][\/vc_column][vc_column width=&#8220;1\/3&#8243;][\/vc_column][\/mk_page_section][mk_page_section bg_image=&#8220;https:\/\/caveaucorto.ch\/wp-content\/uploads\/2017\/11\/corto-home-maltese.jpg&#8220; bg_position=&#8220;right center&#8220; bg_repeat=&#8220;no-repeat&#8220; bg_stretch=&#8220;true&#8220; video_color_mask=&#8220;#000000&#8243; video_opacity=&#8220;0.2&#8243; min_height=&#8220;830&#8243; js_vertical_centered=&#8220;true&#8220; sidebar=&#8220;sidebar-1&#8243;][vc_column][mk_fancy_title tag_name=&#8220;h3&#8243; color=&#8220;#ffffff&#8220; size=&#8220;45&#8243; force_font_size=&#8220;true&#8220; size_tablet=&#8220;30&#8243; size_phone=&#8220;20&#8243; font_weight=&#8220;300&#8243; margin_bottom=&#8220;0&#8243; font_family=&#8220;none&#8220; align=&#8220;center&#8220;]Hommage an[\/mk_fancy_title][mk_fancy_title color=&#8220;#ffffff&#8220; size=&#8220;100&#8243; force_font_size=&#8220;true&#8220; size_tablet=&#8220;70&#8243; font_weight=&#8220;300&#8243; txt_transform=&#8220;capitalize&#8220; margin_bottom=&#8220;0&#8243; font_family=&#8220;none&#8220; align=&#8220;center&#8220;]Corto Maltese[\/mk_fancy_title][mk_divider style=&#8220;thin_solid&#8220; divider_width=&#8220;custom_width&#8220; custom_width=&#8220;140&#8243; thin_single_color=&#8220;#8d121b&#8220; thickness=&#8220;3&#8243; margin_top=&#8220;0&#8243; margin_bottom=&#8220;30&#8243;][vc_row_inner][vc_column_inner width=&#8220;1\/6&#8243;][\/vc_column_inner][vc_column_inner width=&#8220;2\/3&#8243;][mk_fancy_title tag_name=&#8220;span&#8220; color=&#8220;#ffffff&#8220; size=&#8220;22&#8243; line_height=&#8220;180&#8243; txt_transform=&#8220;none&#8220; font_family=&#8220;none&#8220; align=&#8220;center&#8220;]Der von den lokalen Winzern betriebene Weinkeller verdankt seinen Namen dem Helden von Comic-Autor Hugo Pratt, Corto Maltese. Pratt lebte bis zu seinem Tod in 1995 in Grandvaux.[\/mk_fancy_title][\/vc_column_inner][vc_column_inner width=&#8220;1\/6&#8243;][\/vc_column_inner][\/vc_row_inner][mk_button dimension=&#8220;flat&#8220; corner_style=&#8220;rounded&#8220; size=&#8220;medium&#8220; url=&#8220;boutique&#8220; align=&#8220;center&#8220; margin_bottom=&#8220;0&#8243; margin_right=&#8220;0&#8243; bg_color=&#8220;#8d121b&#8220;]Die Corto Maltese-Weine entdecken[\/mk_button][\/vc_column][\/mk_page_section]\n<\/div>","protected":false},"excerpt":{"rendered":"<p>[mk_page_section bg_image=&#8220;https:\/\/caveaucorto.ch\/wp-content\/uploads\/2017\/11\/corto-home-1.jpg&#8220; bg_position=&#8220;center center&#8220; bg_repeat=&#8220;no-repeat&#8220; bg_stretch=&#8220;true&#8220; video_color_mask=&#8220;#000000&#8243; video_opacity=&#8220;0.2&#8243; min_height=&#8220;900&#8243; js_vertical_centered=&#8220;true&#8220; sidebar=&#8220;sidebar-1&#8243;][vc_column][mk_fancy_title tag_name=&#8220;h3&#8243; color=&#8220;#ffffff&#8220; size=&#8220;45&#8243; force_font_size=&#8220;true&#8220; size_tablet=&#8220;30&#8243; size_phone=&#8220;20&#8243; font_weight=&#8220;300&#8243; txt_transform=&#8220;none&#8220; margin_bottom=&#8220;0&#8243; font_family=&#8220;none&#8220; align=&#8220;center&#8220; el_class=&#8220;taglinehome&#8220;]Die T\u00fcre zum Weinbaugebiet Lavaux.[\/mk_fancy_title][mk_fancy_title tag_name=&#8220;h1&#8243; color=&#8220;#ffffff&#8220; size=&#8220;100&#8243; force_font_size=&#8220;true&#8220; size_tablet=&#8220;70&#8243; font_weight=&#8220;300&#8243; txt_transform=&#8220;none&#8220; margin_bottom=&#8220;0&#8243; font_family=&#8220;none&#8220; align=&#8220;center&#8220;]Caveau Corto[\/mk_fancy_title][mk_divider style=&#8220;thin_solid&#8220; divider_width=&#8220;custom_width&#8220; custom_width=&#8220;140&#8243; thin_single_color=&#8220;#8d121b&#8220; thickness=&#8220;3&#8243; margin_top=&#8220;0&#8243; margin_bottom=&#8220;30&#8243;][vc_row_inner][vc_column_inner width=&#8220;1\/6&#8243;][\/vc_column_inner][vc_column_inner width=&#8220;2\/3&#8243;][mk_fancy_title tag_name=&#8220;span&#8220; color=&#8220;#ffffff&#8220; size=&#8220;22&#8243; line_height=&#8220;180&#8243; txt_transform=&#8220;none&#8220; margin_bottom=&#8220;00&#8243; font_family=&#8220;none&#8220; align=&#8220;center&#8220;]Der [&hellip;]<\/p>\n","protected":false},"author":1,"featured_media":0,"parent":0,"menu_order":0,"comment_status":"closed","ping_status":"closed","template":"","meta":{"footnotes":""},"class_list":["post-5","page","type-page","status-publish","hentry"],"yoast_head":"<!-- This site is optimized with the Yoast SEO plugin v26.7 - https:\/\/yoast.com\/wordpress\/plugins\/seo\/ -->\n<title>Le Caveau Corto \u00e0 Grandvaux - Une porte ouverte sur Lavaux.<\/title>\n<meta name=\"description\" content=\"Une porte ouverte sur Lavaux. Le Caveau Corto vous accueille pour d\u00e9guster des vins en pr\u00e9sence de leurs producteurs et passer un bon moment.\" \/>\n<meta name=\"robots\" content=\"index, follow, max-snippet:-1, max-image-preview:large, max-video-preview:-1\" \/>\n<link rel=\"canonical\" href=\"https:\/\/caveaucorto.ch\/\" \/>\n<meta property=\"og:locale\" content=\"de_DE\" \/>\n<meta property=\"og:type\" content=\"article\" \/>\n<meta property=\"og:title\" content=\"Le Caveau Corto \u00e0 Grandvaux - Une porte ouverte sur Lavaux.\" \/>\n<meta property=\"og:description\" content=\"Une porte ouverte sur Lavaux. Le Caveau Corto vous accueille pour d\u00e9guster des vins en pr\u00e9sence de leurs producteurs et passer un bon moment.\" \/>\n<meta property=\"og:url\" content=\"https:\/\/caveaucorto.ch\/\" \/>\n<meta property=\"og:site_name\" content=\"Le Caveau Corto \u00e0 Grandvaux\" \/>\n<meta property=\"article:publisher\" content=\"https:\/\/www.facebook.com\/pages\/Caveau-De-Mont-Sur-Rolle\/165398706811172?rf=204341609608247\" \/>\n<meta property=\"article:modified_time\" content=\"2025-12-08T12:59:10+00:00\" \/>\n<meta property=\"og:image\" content=\"https:\/\/caveaucorto.ch\/wp-content\/uploads\/2018\/01\/corto-vins-soleil.jpg\" \/>\n\t<meta property=\"og:image:width\" content=\"1920\" \/>\n\t<meta property=\"og:image:height\" content=\"1040\" \/>\n\t<meta property=\"og:image:type\" content=\"image\/jpeg\" \/>\n<meta name=\"twitter:card\" content=\"summary_large_image\" \/>\n<meta name=\"twitter:label1\" content=\"Gesch\u00e4tzte Lesezeit\" \/>\n\t<meta name=\"twitter:data1\" content=\"7\u00a0Minuten\" \/>\n<script type=\"application\/ld+json\" class=\"yoast-schema-graph\">{\"@context\":\"https:\/\/schema.org\",\"@graph\":[{\"@type\":\"WebPage\",\"@id\":\"https:\/\/caveaucorto.ch\/\",\"url\":\"https:\/\/caveaucorto.ch\/\",\"name\":\"Le Caveau Corto \u00e0 Grandvaux - Une porte ouverte sur Lavaux.\",\"isPartOf\":{\"@id\":\"https:\/\/caveaucorto.ch\/fr\/#website\"},\"datePublished\":\"2017-09-12T12:38:59+00:00\",\"dateModified\":\"2025-12-08T12:59:10+00:00\",\"description\":\"Une porte ouverte sur Lavaux. Le Caveau Corto vous accueille pour d\u00e9guster des vins en pr\u00e9sence de leurs producteurs et passer un bon moment.\",\"breadcrumb\":{\"@id\":\"https:\/\/caveaucorto.ch\/#breadcrumb\"},\"inLanguage\":\"de\",\"potentialAction\":[{\"@type\":\"ReadAction\",\"target\":[\"https:\/\/caveaucorto.ch\/\"]}]},{\"@type\":\"BreadcrumbList\",\"@id\":\"https:\/\/caveaucorto.ch\/#breadcrumb\",\"itemListElement\":[{\"@type\":\"ListItem\",\"position\":1,\"name\":\"Accueil\",\"item\":\"https:\/\/caveaucorto.ch\/\"},{\"@type\":\"ListItem\",\"position\":2,\"name\":\"Home\"}]},{\"@type\":\"WebSite\",\"@id\":\"https:\/\/caveaucorto.ch\/fr\/#website\",\"url\":\"https:\/\/caveaucorto.ch\/fr\/\",\"name\":\"Le Caveau Corto \u00e0 Grandvaux\",\"description\":\"\",\"publisher\":{\"@id\":\"https:\/\/caveaucorto.ch\/fr\/#organization\"},\"potentialAction\":[{\"@type\":\"SearchAction\",\"target\":{\"@type\":\"EntryPoint\",\"urlTemplate\":\"https:\/\/caveaucorto.ch\/fr\/?s={search_term_string}\"},\"query-input\":{\"@type\":\"PropertyValueSpecification\",\"valueRequired\":true,\"valueName\":\"search_term_string\"}}],\"inLanguage\":\"de\"},{\"@type\":\"Organization\",\"@id\":\"https:\/\/caveaucorto.ch\/fr\/#organization\",\"name\":\"Caveau Corto\",\"url\":\"https:\/\/caveaucorto.ch\/fr\/\",\"logo\":{\"@type\":\"ImageObject\",\"inLanguage\":\"de\",\"@id\":\"https:\/\/caveaucorto.ch\/fr\/#\/schema\/logo\/image\/\",\"url\":\"https:\/\/caveaucorto.ch\/wp-content\/uploads\/2017\/11\/logo-black.png\",\"contentUrl\":\"https:\/\/caveaucorto.ch\/wp-content\/uploads\/2017\/11\/logo-black.png\",\"width\":400,\"height\":171,\"caption\":\"Caveau Corto\"},\"image\":{\"@id\":\"https:\/\/caveaucorto.ch\/fr\/#\/schema\/logo\/image\/\"},\"sameAs\":[\"https:\/\/www.facebook.com\/pages\/Caveau-De-Mont-Sur-Rolle\/165398706811172?rf=204341609608247\"]}]}<\/script>\n<!-- \/ Yoast SEO plugin. -->","yoast_head_json":{"title":"Le Caveau Corto \u00e0 Grandvaux - Une porte ouverte sur Lavaux.","description":"Une porte ouverte sur Lavaux. Le Caveau Corto vous accueille pour d\u00e9guster des vins en pr\u00e9sence de leurs producteurs et passer un bon moment.","robots":{"index":"index","follow":"follow","max-snippet":"max-snippet:-1","max-image-preview":"max-image-preview:large","max-video-preview":"max-video-preview:-1"},"canonical":"https:\/\/caveaucorto.ch\/","og_locale":"de_DE","og_type":"article","og_title":"Le Caveau Corto \u00e0 Grandvaux - Une porte ouverte sur Lavaux.","og_description":"Une porte ouverte sur Lavaux. Le Caveau Corto vous accueille pour d\u00e9guster des vins en pr\u00e9sence de leurs producteurs et passer un bon moment.","og_url":"https:\/\/caveaucorto.ch\/","og_site_name":"Le Caveau Corto \u00e0 Grandvaux","article_publisher":"https:\/\/www.facebook.com\/pages\/Caveau-De-Mont-Sur-Rolle\/165398706811172?rf=204341609608247","article_modified_time":"2025-12-08T12:59:10+00:00","og_image":[{"width":1920,"height":1040,"url":"https:\/\/caveaucorto.ch\/wp-content\/uploads\/2018\/01\/corto-vins-soleil.jpg","type":"image\/jpeg"}],"twitter_card":"summary_large_image","twitter_misc":{"Gesch\u00e4tzte Lesezeit":"7\u00a0Minuten"},"schema":{"@context":"https:\/\/schema.org","@graph":[{"@type":"WebPage","@id":"https:\/\/caveaucorto.ch\/","url":"https:\/\/caveaucorto.ch\/","name":"Le Caveau Corto \u00e0 Grandvaux - Une porte ouverte sur Lavaux.","isPartOf":{"@id":"https:\/\/caveaucorto.ch\/fr\/#website"},"datePublished":"2017-09-12T12:38:59+00:00","dateModified":"2025-12-08T12:59:10+00:00","description":"Une porte ouverte sur Lavaux. Le Caveau Corto vous accueille pour d\u00e9guster des vins en pr\u00e9sence de leurs producteurs et passer un bon moment.","breadcrumb":{"@id":"https:\/\/caveaucorto.ch\/#breadcrumb"},"inLanguage":"de","potentialAction":[{"@type":"ReadAction","target":["https:\/\/caveaucorto.ch\/"]}]},{"@type":"BreadcrumbList","@id":"https:\/\/caveaucorto.ch\/#breadcrumb","itemListElement":[{"@type":"ListItem","position":1,"name":"Accueil","item":"https:\/\/caveaucorto.ch\/"},{"@type":"ListItem","position":2,"name":"Home"}]},{"@type":"WebSite","@id":"https:\/\/caveaucorto.ch\/fr\/#website","url":"https:\/\/caveaucorto.ch\/fr\/","name":"Le Caveau Corto \u00e0 Grandvaux","description":"","publisher":{"@id":"https:\/\/caveaucorto.ch\/fr\/#organization"},"potentialAction":[{"@type":"SearchAction","target":{"@type":"EntryPoint","urlTemplate":"https:\/\/caveaucorto.ch\/fr\/?s={search_term_string}"},"query-input":{"@type":"PropertyValueSpecification","valueRequired":true,"valueName":"search_term_string"}}],"inLanguage":"de"},{"@type":"Organization","@id":"https:\/\/caveaucorto.ch\/fr\/#organization","name":"Caveau Corto","url":"https:\/\/caveaucorto.ch\/fr\/","logo":{"@type":"ImageObject","inLanguage":"de","@id":"https:\/\/caveaucorto.ch\/fr\/#\/schema\/logo\/image\/","url":"https:\/\/caveaucorto.ch\/wp-content\/uploads\/2017\/11\/logo-black.png","contentUrl":"https:\/\/caveaucorto.ch\/wp-content\/uploads\/2017\/11\/logo-black.png","width":400,"height":171,"caption":"Caveau Corto"},"image":{"@id":"https:\/\/caveaucorto.ch\/fr\/#\/schema\/logo\/image\/"},"sameAs":["https:\/\/www.facebook.com\/pages\/Caveau-De-Mont-Sur-Rolle\/165398706811172?rf=204341609608247"]}]}},"_links":{"self":[{"href":"https:\/\/caveaucorto.ch\/de\/wp-json\/wp\/v2\/pages\/5","targetHints":{"allow":["GET"]}}],"collection":[{"href":"https:\/\/caveaucorto.ch\/de\/wp-json\/wp\/v2\/pages"}],"about":[{"href":"https:\/\/caveaucorto.ch\/de\/wp-json\/wp\/v2\/types\/page"}],"author":[{"embeddable":true,"href":"https:\/\/caveaucorto.ch\/de\/wp-json\/wp\/v2\/users\/1"}],"replies":[{"embeddable":true,"href":"https:\/\/caveaucorto.ch\/de\/wp-json\/wp\/v2\/comments?post=5"}],"version-history":[{"count":76,"href":"https:\/\/caveaucorto.ch\/de\/wp-json\/wp\/v2\/pages\/5\/revisions"}],"predecessor-version":[{"id":628,"href":"https:\/\/caveaucorto.ch\/de\/wp-json\/wp\/v2\/pages\/5\/revisions\/628"}],"wp:attachment":[{"href":"https:\/\/caveaucorto.ch\/de\/wp-json\/wp\/v2\/media?parent=5"}],"curies":[{"name":"wp","href":"https:\/\/api.w.org\/{rel}","templated":true}]}}