{"id":117,"date":"2017-11-28T14:40:56","date_gmt":"2017-11-28T13:40:56","guid":{"rendered":"https:\/\/caveaucorto.ch\/?page_id=117"},"modified":"2024-04-03T18:26:39","modified_gmt":"2024-04-03T16:26:39","slug":"concept","status":"publish","type":"page","link":"https:\/\/caveaucorto.ch\/de\/concept\/","title":{"rendered":"Konzept"},"content":{"rendered":"<div class=\"wpb-content-wrapper\">[mk_page_section bg_image=&#8220;https:\/\/caveaucorto.ch\/wp-content\/uploads\/2018\/01\/corto-terasse-vue.jpg&#8220; bg_position=&#8220;center center&#8220; bg_repeat=&#8220;no-repeat&#8220; bg_stretch=&#8220;true&#8220; video_color_mask=&#8220;#000000&#8243; video_opacity=&#8220;0.2&#8243; min_height=&#8220;700&#8243; js_vertical_centered=&#8220;true&#8220; sidebar=&#8220;sidebar-1&#8243;][vc_column][mk_fancy_title tag_name=&#8220;h1&#8243; color=&#8220;#ffffff&#8220; size=&#8220;70&#8243; force_font_size=&#8220;true&#8220; size_tablet=&#8220;70&#8243; font_weight=&#8220;300&#8243; txt_transform=&#8220;none&#8220; margin_bottom=&#8220;0&#8243; font_family=&#8220;none&#8220; align=&#8220;center&#8220;]Mehr als ein Weinkeller.[\/mk_fancy_title][mk_divider style=&#8220;thin_solid&#8220; divider_width=&#8220;custom_width&#8220; custom_width=&#8220;140&#8243; thin_single_color=&#8220;#8d121b&#8220; thickness=&#8220;3&#8243; margin_top=&#8220;0&#8243; margin_bottom=&#8220;30&#8243;][vc_row_inner][vc_column_inner width=&#8220;1\/6&#8243;][\/vc_column_inner][vc_column_inner width=&#8220;2\/3&#8243;][mk_fancy_title tag_name=&#8220;span&#8220; color=&#8220;#ffffff&#8220; size=&#8220;22&#8243; line_height=&#8220;180&#8243; txt_transform=&#8220;none&#8220; font_family=&#8220;none&#8220; align=&#8220;center&#8220;]Der moderne und mit einer grossen Fensterfront ausgestattete Weinkeller bietet einen herrlichen Blick \u00fcber das UNESCO-Weinbaugebiet Lavaux. Die Winzer aus Grandvaux servieren Ihnen hier ihre edlen Tropfen und erz\u00e4hlen von ihrer Berufst\u00e4tigkeit, die sie mit Leidenschaft aus\u00fcben. Eine Dauerausstellung \u00fcber Corto Maltese ehrt das Gedenken an Hugo Pratt.[\/mk_fancy_title][\/vc_column_inner][vc_column_inner width=&#8220;1\/6&#8243;][\/vc_column_inner][\/vc_row_inner][\/vc_column][\/mk_page_section][vc_row][vc_column][mk_padding_divider size=&#8220;150&#8243;][\/vc_column][\/vc_row][vc_row][vc_column width=&#8220;1\/2&#8243;][mk_image src=&#8220;https:\/\/caveaucorto.ch\/wp-content\/uploads\/2017\/11\/corto-verres.jpg&#8220; image_size=&#8220;full&#8220;][mk_padding_divider][mk_padding_divider size=&#8220;80&#8243; visibility=&#8220;visible-tl&#8220;][mk_fancy_title tag_name=&#8220;h3&#8243; color=&#8220;#111111&#8243; size=&#8220;32&#8243; font_weight=&#8220;400&#8243; txt_transform=&#8220;capitalize&#8220; margin_bottom=&#8220;0&#8243; font_family=&#8220;Playfair+Display&#8220; font_type=&#8220;google&#8220;]Jede Woche ein Weinbauer.[\/mk_fancy_title][mk_fancy_title tag_name=&#8220;span&#8220; color=&#8220;#111111&#8243; size=&#8220;18&#8243; font_weight=&#8220;400&#8243; txt_transform=&#8220;none&#8220; margin_bottom=&#8220;10&#8243; font_family=&#8220;Playfair+Display&#8220; font_type=&#8220;google&#8220;]Von April bis Oktober, von Freitagabend bis Sonntagabend, treffen Sie hier einen der Weinbauern aus Grandvaux, der Ihnen seine Weine pr\u00e4sentiert und erl\u00e4utert. Auf diesem Austausch gr\u00fcndet der Erfolg des Caveau Corto, der die T\u00fcre zum UNESCO-Weinbaugebiet Lavaux mit seinen ber\u00fchmten Terrassen \u00f6ffnet.[\/mk_fancy_title][mk_button dimension=&#8220;flat&#8220; corner_style=&#8220;rounded&#8220; size=&#8220;medium&#8220; url=&#8220;\/vignerons\/&#8220; margin_bottom=&#8220;0&#8243; margin_right=&#8220;0&#8243; bg_color=&#8220;#8d121b&#8220;]Unsere Weinbauern[\/mk_button][\/vc_column][vc_column width=&#8220;1\/2&#8243;][mk_padding_divider][mk_fancy_title tag_name=&#8220;span&#8220; color=&#8220;#111111&#8243; size=&#8220;30&#8243; force_font_size=&#8220;true&#8220; size_phone=&#8220;25&#8243; line_height=&#8220;180&#8243; font_style=&#8220;italic&#8220; font_family=&#8220;Playfair+Display&#8220; font_type=&#8220;google&#8220; align=&#8220;center&#8220;]Lassen Sie sich an diesem einmaligen Ort vom Reichtum der Natur, der Menschen und ihrer Kultur inspirieren![\/mk_fancy_title][mk_padding_divider size=&#8220;120&#8243; visibility=&#8220;hidden-sm&#8220;][mk_image src=&#8220;https:\/\/caveaucorto.ch\/wp-content\/uploads\/2017\/11\/corto-terrasse.jpg&#8220; image_size=&#8220;full&#8220;][\/vc_column][\/vc_row][vc_row][vc_column][mk_padding_divider size=&#8220;150&#8243;][\/vc_column][\/vc_row][mk_page_section layout_structure=&#8220;half_left&#8220; bg_image=&#8220;https:\/\/caveaucorto.ch\/wp-content\/uploads\/2017\/11\/corto-verres-avec-vue.jpg&#8220; min_height=&#8220;900&#8243;][mk_padding_divider size=&#8220;60&#8243;][mk_fancy_title color=&#8220;#111111&#8243; size=&#8220;52&#8243; force_font_size=&#8220;true&#8220; size_tablet=&#8220;60&#8243; font_weight=&#8220;400&#8243; txt_transform=&#8220;capitalize&#8220; margin_bottom=&#8220;0&#8243; font_family=&#8220;Playfair+Display&#8220; font_type=&#8220;google&#8220;]Ein Wein, ein Anbaugebiet.[\/mk_fancy_title][mk_padding_divider size=&#8220;30&#8243;][mk_fancy_title tag_name=&#8220;span&#8220; color=&#8220;#111111&#8243; size=&#8220;18&#8243; line_height=&#8220;180&#8243; font_family=&#8220;none&#8220;]Obwohl die Ortschaft Grandvaux im Zentrum steht, ist doch das gesamte Lavaux-Gebiet die Quelle der Inspiration unserer Winzer. Sie repr\u00e4sentieren die Vielfalt der als UNESCO-Welterbe ausgezeichneten terrassierten Weinberge in ihrer weltweiten Einzigartigkeit. Von hier stammen die Weine mit der Bezeichnung Villette, Epesses oder D\u00e9zaley Grand Cru AOC.[\/mk_fancy_title][mk_fancy_title tag_name=&#8220;span&#8220; color=&#8220;#111111&#8243; size=&#8220;18&#8243; line_height=&#8220;180&#8243; font_weight=&#8220;bold&#8220; txt_transform=&#8220;none&#8220; margin_bottom=&#8220;0&#8243; font_family=&#8220;Playfair+Display&#8220; font_type=&#8220;google&#8220;]Wir laden Sie ein, unsere vielseitige Region anl\u00e4sslich einer Degustation in unserem Weinkeller oder mit dem Kauf einiger auserlesener Flaschen n\u00e4her zu entdecken. [\/mk_fancy_title][mk_button dimension=&#8220;flat&#8220; corner_style=&#8220;rounded&#8220; size=&#8220;medium&#8220; url=&#8220;\/agenda\/&#8220; margin_bottom=&#8220;0&#8243; margin_right=&#8220;0&#8243; bg_color=&#8220;#8d121b&#8220;]Agenda der Degustationen[\/mk_button][\/mk_page_section]\n<\/div>","protected":false},"excerpt":{"rendered":"<p>[mk_page_section bg_image=&#8220;https:\/\/caveaucorto.ch\/wp-content\/uploads\/2018\/01\/corto-terasse-vue.jpg&#8220; bg_position=&#8220;center center&#8220; bg_repeat=&#8220;no-repeat&#8220; bg_stretch=&#8220;true&#8220; video_color_mask=&#8220;#000000&#8243; video_opacity=&#8220;0.2&#8243; min_height=&#8220;700&#8243; js_vertical_centered=&#8220;true&#8220; sidebar=&#8220;sidebar-1&#8243;][vc_column][mk_fancy_title tag_name=&#8220;h1&#8243; color=&#8220;#ffffff&#8220; size=&#8220;70&#8243; force_font_size=&#8220;true&#8220; size_tablet=&#8220;70&#8243; font_weight=&#8220;300&#8243; txt_transform=&#8220;none&#8220; margin_bottom=&#8220;0&#8243; font_family=&#8220;none&#8220; align=&#8220;center&#8220;]Mehr als ein Weinkeller.[\/mk_fancy_title][mk_divider style=&#8220;thin_solid&#8220; divider_width=&#8220;custom_width&#8220; custom_width=&#8220;140&#8243; thin_single_color=&#8220;#8d121b&#8220; thickness=&#8220;3&#8243; margin_top=&#8220;0&#8243; margin_bottom=&#8220;30&#8243;][vc_row_inner][vc_column_inner width=&#8220;1\/6&#8243;][\/vc_column_inner][vc_column_inner width=&#8220;2\/3&#8243;][mk_fancy_title tag_name=&#8220;span&#8220; color=&#8220;#ffffff&#8220; size=&#8220;22&#8243; line_height=&#8220;180&#8243; txt_transform=&#8220;none&#8220; font_family=&#8220;none&#8220; align=&#8220;center&#8220;]Der moderne und mit einer grossen Fensterfront ausgestattete Weinkeller bietet einen herrlichen Blick \u00fcber das UNESCO-Weinbaugebiet [&hellip;]<\/p>\n","protected":false},"author":1,"featured_media":0,"parent":0,"menu_order":0,"comment_status":"closed","ping_status":"closed","template":"","meta":{"footnotes":""},"class_list":["post-117","page","type-page","status-publish","hentry"],"yoast_head":"<!-- This site is optimized with the Yoast SEO plugin v26.7 - https:\/\/yoast.com\/wordpress\/plugins\/seo\/ -->\n<title>Konzept - Le Caveau Corto \u00e0 Grandvaux<\/title>\n<meta name=\"description\" content=\"Laissez-vous inspirer par ce lieu unique \u00e0 Grandvaux, qui vous fera d\u00e9couvrir les richesses naturelles, humaines et culturelles de Lavaux.\" \/>\n<meta name=\"robots\" content=\"index, follow, max-snippet:-1, max-image-preview:large, max-video-preview:-1\" \/>\n<link rel=\"canonical\" href=\"https:\/\/caveaucorto.ch\/concept\/\" \/>\n<meta property=\"og:locale\" content=\"de_DE\" \/>\n<meta property=\"og:type\" content=\"article\" \/>\n<meta property=\"og:title\" content=\"Konzept - Le Caveau Corto \u00e0 Grandvaux\" \/>\n<meta property=\"og:description\" content=\"Laissez-vous inspirer par ce lieu unique \u00e0 Grandvaux, qui vous fera d\u00e9couvrir les richesses naturelles, humaines et culturelles de Lavaux.\" \/>\n<meta property=\"og:url\" content=\"https:\/\/caveaucorto.ch\/concept\/\" \/>\n<meta property=\"og:site_name\" content=\"Le Caveau Corto \u00e0 Grandvaux\" \/>\n<meta property=\"article:publisher\" content=\"https:\/\/www.facebook.com\/pages\/Caveau-De-Mont-Sur-Rolle\/165398706811172?rf=204341609608247\" \/>\n<meta property=\"article:modified_time\" content=\"2024-04-03T16:26:39+00:00\" \/>\n<meta property=\"og:image\" content=\"https:\/\/caveaucorto.ch\/wp-content\/uploads\/2018\/01\/corto-vins-soleil.jpg\" \/>\n\t<meta property=\"og:image:width\" content=\"1920\" \/>\n\t<meta property=\"og:image:height\" content=\"1040\" \/>\n\t<meta property=\"og:image:type\" content=\"image\/jpeg\" \/>\n<meta name=\"twitter:card\" content=\"summary_large_image\" \/>\n<meta name=\"twitter:label1\" content=\"Gesch\u00e4tzte Lesezeit\" \/>\n\t<meta name=\"twitter:data1\" content=\"2\u00a0Minuten\" \/>\n<script type=\"application\/ld+json\" class=\"yoast-schema-graph\">{\"@context\":\"https:\/\/schema.org\",\"@graph\":[{\"@type\":\"WebPage\",\"@id\":\"https:\/\/caveaucorto.ch\/concept\/\",\"url\":\"https:\/\/caveaucorto.ch\/concept\/\",\"name\":\"Konzept - Le Caveau Corto \u00e0 Grandvaux\",\"isPartOf\":{\"@id\":\"https:\/\/caveaucorto.ch\/fr\/#website\"},\"datePublished\":\"2017-11-28T13:40:56+00:00\",\"dateModified\":\"2024-04-03T16:26:39+00:00\",\"description\":\"Laissez-vous inspirer par ce lieu unique \u00e0 Grandvaux, qui vous fera d\u00e9couvrir les richesses naturelles, humaines et culturelles de Lavaux.\",\"breadcrumb\":{\"@id\":\"https:\/\/caveaucorto.ch\/concept\/#breadcrumb\"},\"inLanguage\":\"de\",\"potentialAction\":[{\"@type\":\"ReadAction\",\"target\":[\"https:\/\/caveaucorto.ch\/concept\/\"]}]},{\"@type\":\"BreadcrumbList\",\"@id\":\"https:\/\/caveaucorto.ch\/concept\/#breadcrumb\",\"itemListElement\":[{\"@type\":\"ListItem\",\"position\":1,\"name\":\"Accueil\",\"item\":\"https:\/\/caveaucorto.ch\/\"},{\"@type\":\"ListItem\",\"position\":2,\"name\":\"Concept\"}]},{\"@type\":\"WebSite\",\"@id\":\"https:\/\/caveaucorto.ch\/fr\/#website\",\"url\":\"https:\/\/caveaucorto.ch\/fr\/\",\"name\":\"Le Caveau Corto \u00e0 Grandvaux\",\"description\":\"\",\"publisher\":{\"@id\":\"https:\/\/caveaucorto.ch\/fr\/#organization\"},\"potentialAction\":[{\"@type\":\"SearchAction\",\"target\":{\"@type\":\"EntryPoint\",\"urlTemplate\":\"https:\/\/caveaucorto.ch\/fr\/?s={search_term_string}\"},\"query-input\":{\"@type\":\"PropertyValueSpecification\",\"valueRequired\":true,\"valueName\":\"search_term_string\"}}],\"inLanguage\":\"de\"},{\"@type\":\"Organization\",\"@id\":\"https:\/\/caveaucorto.ch\/fr\/#organization\",\"name\":\"Caveau Corto\",\"url\":\"https:\/\/caveaucorto.ch\/fr\/\",\"logo\":{\"@type\":\"ImageObject\",\"inLanguage\":\"de\",\"@id\":\"https:\/\/caveaucorto.ch\/fr\/#\/schema\/logo\/image\/\",\"url\":\"https:\/\/caveaucorto.ch\/wp-content\/uploads\/2017\/11\/logo-black.png\",\"contentUrl\":\"https:\/\/caveaucorto.ch\/wp-content\/uploads\/2017\/11\/logo-black.png\",\"width\":400,\"height\":171,\"caption\":\"Caveau Corto\"},\"image\":{\"@id\":\"https:\/\/caveaucorto.ch\/fr\/#\/schema\/logo\/image\/\"},\"sameAs\":[\"https:\/\/www.facebook.com\/pages\/Caveau-De-Mont-Sur-Rolle\/165398706811172?rf=204341609608247\"]}]}<\/script>\n<!-- \/ Yoast SEO plugin. -->","yoast_head_json":{"title":"Konzept - Le Caveau Corto \u00e0 Grandvaux","description":"Laissez-vous inspirer par ce lieu unique \u00e0 Grandvaux, qui vous fera d\u00e9couvrir les richesses naturelles, humaines et culturelles de Lavaux.","robots":{"index":"index","follow":"follow","max-snippet":"max-snippet:-1","max-image-preview":"max-image-preview:large","max-video-preview":"max-video-preview:-1"},"canonical":"https:\/\/caveaucorto.ch\/concept\/","og_locale":"de_DE","og_type":"article","og_title":"Konzept - Le Caveau Corto \u00e0 Grandvaux","og_description":"Laissez-vous inspirer par ce lieu unique \u00e0 Grandvaux, qui vous fera d\u00e9couvrir les richesses naturelles, humaines et culturelles de Lavaux.","og_url":"https:\/\/caveaucorto.ch\/concept\/","og_site_name":"Le Caveau Corto \u00e0 Grandvaux","article_publisher":"https:\/\/www.facebook.com\/pages\/Caveau-De-Mont-Sur-Rolle\/165398706811172?rf=204341609608247","article_modified_time":"2024-04-03T16:26:39+00:00","og_image":[{"width":1920,"height":1040,"url":"https:\/\/caveaucorto.ch\/wp-content\/uploads\/2018\/01\/corto-vins-soleil.jpg","type":"image\/jpeg"}],"twitter_card":"summary_large_image","twitter_misc":{"Gesch\u00e4tzte Lesezeit":"2\u00a0Minuten"},"schema":{"@context":"https:\/\/schema.org","@graph":[{"@type":"WebPage","@id":"https:\/\/caveaucorto.ch\/concept\/","url":"https:\/\/caveaucorto.ch\/concept\/","name":"Konzept - Le Caveau Corto \u00e0 Grandvaux","isPartOf":{"@id":"https:\/\/caveaucorto.ch\/fr\/#website"},"datePublished":"2017-11-28T13:40:56+00:00","dateModified":"2024-04-03T16:26:39+00:00","description":"Laissez-vous inspirer par ce lieu unique \u00e0 Grandvaux, qui vous fera d\u00e9couvrir les richesses naturelles, humaines et culturelles de Lavaux.","breadcrumb":{"@id":"https:\/\/caveaucorto.ch\/concept\/#breadcrumb"},"inLanguage":"de","potentialAction":[{"@type":"ReadAction","target":["https:\/\/caveaucorto.ch\/concept\/"]}]},{"@type":"BreadcrumbList","@id":"https:\/\/caveaucorto.ch\/concept\/#breadcrumb","itemListElement":[{"@type":"ListItem","position":1,"name":"Accueil","item":"https:\/\/caveaucorto.ch\/"},{"@type":"ListItem","position":2,"name":"Concept"}]},{"@type":"WebSite","@id":"https:\/\/caveaucorto.ch\/fr\/#website","url":"https:\/\/caveaucorto.ch\/fr\/","name":"Le Caveau Corto \u00e0 Grandvaux","description":"","publisher":{"@id":"https:\/\/caveaucorto.ch\/fr\/#organization"},"potentialAction":[{"@type":"SearchAction","target":{"@type":"EntryPoint","urlTemplate":"https:\/\/caveaucorto.ch\/fr\/?s={search_term_string}"},"query-input":{"@type":"PropertyValueSpecification","valueRequired":true,"valueName":"search_term_string"}}],"inLanguage":"de"},{"@type":"Organization","@id":"https:\/\/caveaucorto.ch\/fr\/#organization","name":"Caveau Corto","url":"https:\/\/caveaucorto.ch\/fr\/","logo":{"@type":"ImageObject","inLanguage":"de","@id":"https:\/\/caveaucorto.ch\/fr\/#\/schema\/logo\/image\/","url":"https:\/\/caveaucorto.ch\/wp-content\/uploads\/2017\/11\/logo-black.png","contentUrl":"https:\/\/caveaucorto.ch\/wp-content\/uploads\/2017\/11\/logo-black.png","width":400,"height":171,"caption":"Caveau Corto"},"image":{"@id":"https:\/\/caveaucorto.ch\/fr\/#\/schema\/logo\/image\/"},"sameAs":["https:\/\/www.facebook.com\/pages\/Caveau-De-Mont-Sur-Rolle\/165398706811172?rf=204341609608247"]}]}},"_links":{"self":[{"href":"https:\/\/caveaucorto.ch\/de\/wp-json\/wp\/v2\/pages\/117","targetHints":{"allow":["GET"]}}],"collection":[{"href":"https:\/\/caveaucorto.ch\/de\/wp-json\/wp\/v2\/pages"}],"about":[{"href":"https:\/\/caveaucorto.ch\/de\/wp-json\/wp\/v2\/types\/page"}],"author":[{"embeddable":true,"href":"https:\/\/caveaucorto.ch\/de\/wp-json\/wp\/v2\/users\/1"}],"replies":[{"embeddable":true,"href":"https:\/\/caveaucorto.ch\/de\/wp-json\/wp\/v2\/comments?post=117"}],"version-history":[{"count":26,"href":"https:\/\/caveaucorto.ch\/de\/wp-json\/wp\/v2\/pages\/117\/revisions"}],"predecessor-version":[{"id":577,"href":"https:\/\/caveaucorto.ch\/de\/wp-json\/wp\/v2\/pages\/117\/revisions\/577"}],"wp:attachment":[{"href":"https:\/\/caveaucorto.ch\/de\/wp-json\/wp\/v2\/media?parent=117"}],"curies":[{"name":"wp","href":"https:\/\/api.w.org\/{rel}","templated":true}]}}